{"id":1187,"date":"2019-05-02T13:39:00","date_gmt":"2019-05-02T13:39:00","guid":{"rendered":"http:\/\/instalacionesiguazu.com.ar\/?post_type=product&#038;p=1187"},"modified":"2026-04-03T17:00:27","modified_gmt":"2026-04-03T17:00:27","slug":"raviolero-electrico-rd","status":"publish","type":"product","link":"https:\/\/iguazu.enexti.dev\/?product=raviolero-electrico-rd","title":{"rendered":"Raviolero el\u00e9ctrico RD"},"content":{"rendered":"<p><strong>FUNCIONAMIENTO<\/strong>:<br \/>\nEl\u00e9ctrico. Motor monof\u00e1sico.<br \/>\nMarca y sella ravioles.<br \/>\nIncluye bandeja transportadora de 300 x 500 mm.<br \/>\nProducci\u00f3n aproximada 100 ravioles por pasada.<br \/>\nTrabaja con un pulsador.<br \/>\nMayor producci\u00f3n a bajo costo.<\/p>\n<p><strong>DIMENSIONES:<\/strong><br \/>\nAncho: 420 mm.<br \/>\nAlto: 350 mm.<br \/>\nProf.: 370 mm.<br \/>\nPeso: 15 kg. Aprox..<\/p>\n","protected":false},"excerpt":{"rendered":"<p>FUNCIONAMIENTO: El\u00e9ctrico. Motor monof\u00e1sico. Marca y sella ravioles. Incluye bandeja transportadora de 300 x 500 mm. Producci\u00f3n aproximada 100 ravioles por pasada. Trabaja con un&#8230;<\/p>\n","protected":false},"featured_media":1188,"template":"","meta":{"_acf_changed":false},"etheme_brands":[],"product_brand":[],"product_cat":[49,63],"product_tag":[],"class_list":{"0":"post-1187","1":"product","2":"type-product","3":"status-publish","4":"has-post-thumbnail","6":"product_cat-equipamiento-y-maquinaria","7":"product_cat-sobadoras","9":"first","10":"outofstock","11":"shipping-taxable","12":"purchasable","13":"product-type-simple"},"acf":[],"_links":{"self":[{"href":"https:\/\/iguazu.enexti.dev\/index.php?rest_route=\/wp\/v2\/product\/1187","targetHints":{"allow":["GET"]}}],"collection":[{"href":"https:\/\/iguazu.enexti.dev\/index.php?rest_route=\/wp\/v2\/product"}],"about":[{"href":"https:\/\/iguazu.enexti.dev\/index.php?rest_route=\/wp\/v2\/types\/product"}],"version-history":[{"count":0,"href":"https:\/\/iguazu.enexti.dev\/index.php?rest_route=\/wp\/v2\/product\/1187\/revisions"}],"wp:featuredmedia":[{"embeddable":true,"href":"https:\/\/iguazu.enexti.dev\/index.php?rest_route=\/wp\/v2\/media\/1188"}],"wp:attachment":[{"href":"https:\/\/iguazu.enexti.dev\/index.php?rest_route=%2Fwp%2Fv2%2Fmedia&parent=1187"}],"wp:term":[{"taxonomy":"brand","embeddable":true,"href":"https:\/\/iguazu.enexti.dev\/index.php?rest_route=%2Fwp%2Fv2%2Fetheme_brands&post=1187"},{"taxonomy":"product_brand","embeddable":true,"href":"https:\/\/iguazu.enexti.dev\/index.php?rest_route=%2Fwp%2Fv2%2Fproduct_brand&post=1187"},{"taxonomy":"product_cat","embeddable":true,"href":"https:\/\/iguazu.enexti.dev\/index.php?rest_route=%2Fwp%2Fv2%2Fproduct_cat&post=1187"},{"taxonomy":"product_tag","embeddable":true,"href":"https:\/\/iguazu.enexti.dev\/index.php?rest_route=%2Fwp%2Fv2%2Fproduct_tag&post=1187"}],"curies":[{"name":"wp","href":"https:\/\/api.w.org\/{rel}","templated":true}]}}