{"id":1423,"date":"2020-01-28T12:30:35","date_gmt":"2020-01-28T12:30:35","guid":{"rendered":"http:\/\/instalacionesiguazu.com.ar\/?post_type=product&#038;p=1423"},"modified":"2026-04-03T17:00:26","modified_gmt":"2026-04-03T17:00:26","slug":"estacion-de-secado","status":"publish","type":"product","link":"https:\/\/iguazu.enexti.dev\/?product=estacion-de-secado","title":{"rendered":"Estaci\u00f3n de Secado MAKOR"},"content":{"rendered":"<p>CARACTER\u00cdSTICAS:<br \/>\nFuente de calor: Electricidad.<br \/>\nCalefacci\u00f3n: 2 l\u00e1mparas t\u00e9rmicas infrarrojas de 375 Watts c\/u.<br \/>\nPotencia: 750 W.<br \/>\nCapacidad del escurridor: 3,5 \/ 4 kg. de papas fritas.<br \/>\nGabinete: Acero inox. esmerilado<\/p>\n","protected":false},"excerpt":{"rendered":"<p>CARACTER\u00cdSTICAS: Fuente de calor: Electricidad. Calefacci\u00f3n: 2 l\u00e1mparas t\u00e9rmicas infrarrojas de 375 Watts c\/u. Potencia: 750 W. Capacidad del escurridor: 3,5 \/ 4 kg. de&#8230;<\/p>\n","protected":false},"featured_media":1469,"template":"","meta":{"_acf_changed":false},"etheme_brands":[],"product_brand":[],"product_cat":[37,43],"product_tag":[],"class_list":{"0":"post-1423","1":"product","2":"type-product","3":"status-publish","4":"has-post-thumbnail","6":"product_cat-linea-calor","7":"product_cat-freidoras","9":"first","10":"instock","11":"shipping-taxable","12":"purchasable","13":"product-type-simple"},"acf":[],"_links":{"self":[{"href":"https:\/\/iguazu.enexti.dev\/index.php?rest_route=\/wp\/v2\/product\/1423","targetHints":{"allow":["GET"]}}],"collection":[{"href":"https:\/\/iguazu.enexti.dev\/index.php?rest_route=\/wp\/v2\/product"}],"about":[{"href":"https:\/\/iguazu.enexti.dev\/index.php?rest_route=\/wp\/v2\/types\/product"}],"version-history":[{"count":0,"href":"https:\/\/iguazu.enexti.dev\/index.php?rest_route=\/wp\/v2\/product\/1423\/revisions"}],"wp:featuredmedia":[{"embeddable":true,"href":"https:\/\/iguazu.enexti.dev\/index.php?rest_route=\/wp\/v2\/media\/1469"}],"wp:attachment":[{"href":"https:\/\/iguazu.enexti.dev\/index.php?rest_route=%2Fwp%2Fv2%2Fmedia&parent=1423"}],"wp:term":[{"taxonomy":"brand","embeddable":true,"href":"https:\/\/iguazu.enexti.dev\/index.php?rest_route=%2Fwp%2Fv2%2Fetheme_brands&post=1423"},{"taxonomy":"product_brand","embeddable":true,"href":"https:\/\/iguazu.enexti.dev\/index.php?rest_route=%2Fwp%2Fv2%2Fproduct_brand&post=1423"},{"taxonomy":"product_cat","embeddable":true,"href":"https:\/\/iguazu.enexti.dev\/index.php?rest_route=%2Fwp%2Fv2%2Fproduct_cat&post=1423"},{"taxonomy":"product_tag","embeddable":true,"href":"https:\/\/iguazu.enexti.dev\/index.php?rest_route=%2Fwp%2Fv2%2Fproduct_tag&post=1423"}],"curies":[{"name":"wp","href":"https:\/\/api.w.org\/{rel}","templated":true}]}}