{"id":1735,"date":"2020-09-29T12:57:02","date_gmt":"2020-09-29T12:57:02","guid":{"rendered":"http:\/\/instalacionesiguazu.com.ar\/?post_type=product&#038;p=1735"},"modified":"2026-04-03T17:00:25","modified_gmt":"2026-04-03T17:00:25","slug":"hamburguesera","status":"publish","type":"product","link":"https:\/\/iguazu.enexti.dev\/?product=hamburguesera","title":{"rendered":"Hamburguesera Palanca"},"content":{"rendered":"<p>-Agil accionamiento manual a pi\u00f1\u00f3n y cremallera para un r\u00e1pido trabajo y herm\u00e9tico presionado de la carne logrando una buena forma para su presentaci\u00f3n y sellado.<\/p>\n<p>-Molde de 105mm. para una cantidad de 50 grs. a 130grs. de carne en cada hamburguesa.<\/p>\n<p>-Fabricada en duraluminio de alta resistencia.<\/p>\n<p>-Columna central y cremallera de acero trefilado macizo, ambos cromados y tratados t\u00e9rmicamente para su mayor durabilidad.<\/p>\n<p>-Pintura inalterable epoxi.<\/p>\n<p>-Perilla agarradera lateral y base antideslizante para ser fijada en cualquier superficie sin necesidad de amurarla.<\/p>\n","protected":false},"excerpt":{"rendered":"<p>-Agil accionamiento manual a pi\u00f1\u00f3n y cremallera para un r\u00e1pido trabajo y herm\u00e9tico presionado de la carne logrando una buena forma para su presentaci\u00f3n y&#8230;<\/p>\n","protected":false},"featured_media":1736,"template":"","meta":{"_acf_changed":false},"etheme_brands":[],"product_brand":[],"product_cat":[49],"product_tag":[],"class_list":{"0":"post-1735","1":"product","2":"type-product","3":"status-publish","4":"has-post-thumbnail","6":"product_cat-equipamiento-y-maquinaria","8":"first","9":"outofstock","10":"shipping-taxable","11":"purchasable","12":"product-type-simple"},"acf":[],"_links":{"self":[{"href":"https:\/\/iguazu.enexti.dev\/index.php?rest_route=\/wp\/v2\/product\/1735","targetHints":{"allow":["GET"]}}],"collection":[{"href":"https:\/\/iguazu.enexti.dev\/index.php?rest_route=\/wp\/v2\/product"}],"about":[{"href":"https:\/\/iguazu.enexti.dev\/index.php?rest_route=\/wp\/v2\/types\/product"}],"version-history":[{"count":0,"href":"https:\/\/iguazu.enexti.dev\/index.php?rest_route=\/wp\/v2\/product\/1735\/revisions"}],"wp:featuredmedia":[{"embeddable":true,"href":"https:\/\/iguazu.enexti.dev\/index.php?rest_route=\/wp\/v2\/media\/1736"}],"wp:attachment":[{"href":"https:\/\/iguazu.enexti.dev\/index.php?rest_route=%2Fwp%2Fv2%2Fmedia&parent=1735"}],"wp:term":[{"taxonomy":"brand","embeddable":true,"href":"https:\/\/iguazu.enexti.dev\/index.php?rest_route=%2Fwp%2Fv2%2Fetheme_brands&post=1735"},{"taxonomy":"product_brand","embeddable":true,"href":"https:\/\/iguazu.enexti.dev\/index.php?rest_route=%2Fwp%2Fv2%2Fproduct_brand&post=1735"},{"taxonomy":"product_cat","embeddable":true,"href":"https:\/\/iguazu.enexti.dev\/index.php?rest_route=%2Fwp%2Fv2%2Fproduct_cat&post=1735"},{"taxonomy":"product_tag","embeddable":true,"href":"https:\/\/iguazu.enexti.dev\/index.php?rest_route=%2Fwp%2Fv2%2Fproduct_tag&post=1735"}],"curies":[{"name":"wp","href":"https:\/\/api.w.org\/{rel}","templated":true}]}}