{"id":1737,"date":"2020-09-29T13:00:35","date_gmt":"2020-09-29T13:00:35","guid":{"rendered":"http:\/\/instalacionesiguazu.com.ar\/?post_type=product&#038;p=1737"},"modified":"2026-04-03T17:00:25","modified_gmt":"2026-04-03T17:00:25","slug":"cortadora-de-papas-vertical","status":"publish","type":"product","link":"https:\/\/iguazu.enexti.dev\/?product=cortadora-de-papas-vertical","title":{"rendered":"Cortadora de Papas Vertical"},"content":{"rendered":"<p>-Tres (3) cuchillas<\/p>\n<p>-Brinda tres diferentes cortes perfectos para la cocci\u00f3n pareja de las papas y una muy buena presentaci\u00f3n en la mesa<\/p>\n<p>-Tambi\u00e9n se puede utilizar su corte pai para triturar tomates o cortar cebollas.<\/p>\n<p>-Fabricada intregramente en duraluminio de alta resistencia y ca\u00f1o estructural de 1 pulgada, con moderno dise\u00f1o vertical con bandeja receptora pintada con pintura horneada epoxi.<\/p>\n<p>-Sus cuchillas son de acero inoxidable calidad 304 totalmente inalterables.<\/p>\n<p>&#8211;<span class=\"medidasnegrita\">CORTES: PAI 6X6 mm. &#8211; BASTON 6X12mm. BASTON 12X12mm.<\/span><\/p>\n<p class=\"medidasnegrita\">-FRENTE: 25cm.<\/p>\n<p class=\"medidasnegrita\">-ALTURA:44cm.<\/p>\n<p class=\"medidasnegrita\">-PROFUNDIDAD: 48cm.<\/p>\n<p class=\"medidasnegrita\">-PESO:6,500kg.<\/p>\n","protected":false},"excerpt":{"rendered":"<p>-Tres (3) cuchillas -Brinda tres diferentes cortes perfectos para la cocci\u00f3n pareja de las papas y una muy buena presentaci\u00f3n en la mesa -Tambi\u00e9n se&#8230;<\/p>\n","protected":false},"featured_media":1738,"template":"","meta":{"_acf_changed":false},"etheme_brands":[],"product_brand":[],"product_cat":[83,49],"product_tag":[],"class_list":{"0":"post-1737","1":"product","2":"type-product","3":"status-publish","4":"has-post-thumbnail","6":"product_cat-cortadoras-de-papas","7":"product_cat-equipamiento-y-maquinaria","9":"first","10":"outofstock","11":"shipping-taxable","12":"purchasable","13":"product-type-simple"},"acf":[],"_links":{"self":[{"href":"https:\/\/iguazu.enexti.dev\/index.php?rest_route=\/wp\/v2\/product\/1737","targetHints":{"allow":["GET"]}}],"collection":[{"href":"https:\/\/iguazu.enexti.dev\/index.php?rest_route=\/wp\/v2\/product"}],"about":[{"href":"https:\/\/iguazu.enexti.dev\/index.php?rest_route=\/wp\/v2\/types\/product"}],"version-history":[{"count":0,"href":"https:\/\/iguazu.enexti.dev\/index.php?rest_route=\/wp\/v2\/product\/1737\/revisions"}],"wp:featuredmedia":[{"embeddable":true,"href":"https:\/\/iguazu.enexti.dev\/index.php?rest_route=\/wp\/v2\/media\/1738"}],"wp:attachment":[{"href":"https:\/\/iguazu.enexti.dev\/index.php?rest_route=%2Fwp%2Fv2%2Fmedia&parent=1737"}],"wp:term":[{"taxonomy":"brand","embeddable":true,"href":"https:\/\/iguazu.enexti.dev\/index.php?rest_route=%2Fwp%2Fv2%2Fetheme_brands&post=1737"},{"taxonomy":"product_brand","embeddable":true,"href":"https:\/\/iguazu.enexti.dev\/index.php?rest_route=%2Fwp%2Fv2%2Fproduct_brand&post=1737"},{"taxonomy":"product_cat","embeddable":true,"href":"https:\/\/iguazu.enexti.dev\/index.php?rest_route=%2Fwp%2Fv2%2Fproduct_cat&post=1737"},{"taxonomy":"product_tag","embeddable":true,"href":"https:\/\/iguazu.enexti.dev\/index.php?rest_route=%2Fwp%2Fv2%2Fproduct_tag&post=1737"}],"curies":[{"name":"wp","href":"https:\/\/api.w.org\/{rel}","templated":true}]}}