{"id":1741,"date":"2020-09-29T13:07:22","date_gmt":"2020-09-29T13:07:22","guid":{"rendered":"http:\/\/instalacionesiguazu.com.ar\/?post_type=product&#038;p=1741"},"modified":"2026-04-03T17:00:24","modified_gmt":"2026-04-03T17:00:24","slug":"cortadora-de-papas-horizontal-eco","status":"publish","type":"product","link":"https:\/\/iguazu.enexti.dev\/?product=cortadora-de-papas-horizontal-eco","title":{"rendered":"Cortadora de Papas Horizontal MAC 9X9"},"content":{"rendered":"<p>-Una (1) cuchilla.<\/p>\n<p>-Brinda 1 corte perfecto para la cocci\u00f3n pareja de las papas y una muy buena presentaci\u00f3n en la mesa<\/p>\n<p>-Tambi\u00e9n se puede utilizar para triturar tomates o cortar cebollas.<\/p>\n<p>-Fabricada \u00edntegramente en duraluminio de alta resistencia y ca\u00f1o estructural de 1 pulgada.<\/p>\n<p>-Su cuchillas son de acero inoxidable calidad 304 totalmente inalterables.<\/p>\n<p>-No incluye base de madera.<\/p>\n<p>&#8211;<span class=\"medidasnegrita\">CORTE: 12&#215;12 mm<\/span><\/p>\n<p class=\"medidasnegrita\">-FRENTE: 25cm.<\/p>\n<p class=\"medidasnegrita\">-ALTURA:38cm.<\/p>\n<p class=\"medidasnegrita\">-PROFUNDIDAD: 36cm.<\/p>\n<p class=\"medidasnegrita\">-PESO:5,700kg.<\/p>\n","protected":false},"excerpt":{"rendered":"<p>-Una (1) cuchilla. -Brinda 1 corte perfecto para la cocci\u00f3n pareja de las papas y una muy buena presentaci\u00f3n en la mesa -Tambi\u00e9n se puede&#8230;<\/p>\n","protected":false},"featured_media":1742,"template":"","meta":{"_acf_changed":false},"etheme_brands":[],"product_brand":[],"product_cat":[83,49],"product_tag":[],"class_list":{"0":"post-1741","1":"product","2":"type-product","3":"status-publish","4":"has-post-thumbnail","6":"product_cat-cortadoras-de-papas","7":"product_cat-equipamiento-y-maquinaria","9":"first","10":"outofstock","11":"shipping-taxable","12":"purchasable","13":"product-type-simple"},"acf":[],"_links":{"self":[{"href":"https:\/\/iguazu.enexti.dev\/index.php?rest_route=\/wp\/v2\/product\/1741","targetHints":{"allow":["GET"]}}],"collection":[{"href":"https:\/\/iguazu.enexti.dev\/index.php?rest_route=\/wp\/v2\/product"}],"about":[{"href":"https:\/\/iguazu.enexti.dev\/index.php?rest_route=\/wp\/v2\/types\/product"}],"version-history":[{"count":1,"href":"https:\/\/iguazu.enexti.dev\/index.php?rest_route=\/wp\/v2\/product\/1741\/revisions"}],"predecessor-version":[{"id":2146,"href":"https:\/\/iguazu.enexti.dev\/index.php?rest_route=\/wp\/v2\/product\/1741\/revisions\/2146"}],"wp:featuredmedia":[{"embeddable":true,"href":"https:\/\/iguazu.enexti.dev\/index.php?rest_route=\/wp\/v2\/media\/1742"}],"wp:attachment":[{"href":"https:\/\/iguazu.enexti.dev\/index.php?rest_route=%2Fwp%2Fv2%2Fmedia&parent=1741"}],"wp:term":[{"taxonomy":"brand","embeddable":true,"href":"https:\/\/iguazu.enexti.dev\/index.php?rest_route=%2Fwp%2Fv2%2Fetheme_brands&post=1741"},{"taxonomy":"product_brand","embeddable":true,"href":"https:\/\/iguazu.enexti.dev\/index.php?rest_route=%2Fwp%2Fv2%2Fproduct_brand&post=1741"},{"taxonomy":"product_cat","embeddable":true,"href":"https:\/\/iguazu.enexti.dev\/index.php?rest_route=%2Fwp%2Fv2%2Fproduct_cat&post=1741"},{"taxonomy":"product_tag","embeddable":true,"href":"https:\/\/iguazu.enexti.dev\/index.php?rest_route=%2Fwp%2Fv2%2Fproduct_tag&post=1741"}],"curies":[{"name":"wp","href":"https:\/\/api.w.org\/{rel}","templated":true}]}}