{"id":1840,"date":"2020-10-21T20:37:24","date_gmt":"2020-10-21T20:37:24","guid":{"rendered":"http:\/\/instalacionesiguazu.com.ar\/?post_type=product&#038;p=1840"},"modified":"2026-04-03T17:00:18","modified_gmt":"2026-04-03T17:00:18","slug":"horno-pizzero-6-moldes-gauchito-sol-real-acero-inoxidable","status":"publish","type":"product","link":"https:\/\/iguazu.enexti.dev\/?product=horno-pizzero-6-moldes-gauchito-sol-real-acero-inoxidable","title":{"rendered":"Horno Pizzero 6 Moldes Gauchito SOL REAL."},"content":{"rendered":"<p>Puerta desmontable con manija de madera, bisagras irrompibles y pir\u00f3metro anal\u00f3gico.<br \/>\nGabinete 100% acero inoxidable esmerilado.<br \/>\nC\u00e1mara de cocci\u00f3n enlozada con piso de tejuelas refractarias.<br \/>\nIncluye 3 rejillas extra\u00edble de 70 x 37 cm.<br \/>\nMechero de 4 velas &#8211; 1 robinete.<br \/>\nAislaci\u00f3n t\u00e9rmica con lana mineral.<br \/>\nBase soporte reforzada desarmable.<br \/>\nHorno con v\u00e1lvula de seguridad.<br \/>\nCalor\u00edas: 4.400<\/p>\n","protected":false},"excerpt":{"rendered":"<p>Puerta desmontable con manija de madera, bisagras irrompibles y pir\u00f3metro anal\u00f3gico. Gabinete 100% acero inoxidable esmerilado. C\u00e1mara de cocci\u00f3n enlozada con piso de tejuelas refractarias&#8230;.<\/p>\n","protected":false},"featured_media":1844,"template":"","meta":{"_acf_changed":false},"etheme_brands":[],"product_brand":[],"product_cat":[37,44],"product_tag":[],"class_list":{"0":"post-1840","1":"product","2":"type-product","3":"status-publish","4":"has-post-thumbnail","6":"product_cat-linea-calor","7":"product_cat-hornos","9":"first","10":"instock","11":"shipping-taxable","12":"purchasable","13":"product-type-simple"},"acf":[],"_links":{"self":[{"href":"https:\/\/iguazu.enexti.dev\/index.php?rest_route=\/wp\/v2\/product\/1840","targetHints":{"allow":["GET"]}}],"collection":[{"href":"https:\/\/iguazu.enexti.dev\/index.php?rest_route=\/wp\/v2\/product"}],"about":[{"href":"https:\/\/iguazu.enexti.dev\/index.php?rest_route=\/wp\/v2\/types\/product"}],"version-history":[{"count":0,"href":"https:\/\/iguazu.enexti.dev\/index.php?rest_route=\/wp\/v2\/product\/1840\/revisions"}],"wp:featuredmedia":[{"embeddable":true,"href":"https:\/\/iguazu.enexti.dev\/index.php?rest_route=\/wp\/v2\/media\/1844"}],"wp:attachment":[{"href":"https:\/\/iguazu.enexti.dev\/index.php?rest_route=%2Fwp%2Fv2%2Fmedia&parent=1840"}],"wp:term":[{"taxonomy":"brand","embeddable":true,"href":"https:\/\/iguazu.enexti.dev\/index.php?rest_route=%2Fwp%2Fv2%2Fetheme_brands&post=1840"},{"taxonomy":"product_brand","embeddable":true,"href":"https:\/\/iguazu.enexti.dev\/index.php?rest_route=%2Fwp%2Fv2%2Fproduct_brand&post=1840"},{"taxonomy":"product_cat","embeddable":true,"href":"https:\/\/iguazu.enexti.dev\/index.php?rest_route=%2Fwp%2Fv2%2Fproduct_cat&post=1840"},{"taxonomy":"product_tag","embeddable":true,"href":"https:\/\/iguazu.enexti.dev\/index.php?rest_route=%2Fwp%2Fv2%2Fproduct_tag&post=1840"}],"curies":[{"name":"wp","href":"https:\/\/api.w.org\/{rel}","templated":true}]}}