{"id":1842,"date":"2020-10-21T20:46:05","date_gmt":"2020-10-21T20:46:05","guid":{"rendered":"http:\/\/instalacionesiguazu.com.ar\/?post_type=product&#038;p=1842"},"modified":"2026-04-03T17:00:18","modified_gmt":"2026-04-03T17:00:18","slug":"horno-pizzero-12-moldes-gauchito-sol-real","status":"publish","type":"product","link":"https:\/\/iguazu.enexti.dev\/?product=horno-pizzero-12-moldes-gauchito-sol-real","title":{"rendered":"Horno Pizzero 12 Moldes Gauchito SOL REAL."},"content":{"rendered":"<p>Gabinete acero inoxidable brillante.<br \/>\nTecho epoxi alta temperatura.<br \/>\nPuerta desmontable con manija de madera, bisagras irrompibles y pir\u00f3metro anal\u00f3gico.<br \/>\nC\u00e1mara de cocci\u00f3n de chapa doble decapada con piso de tejuelas refractarias.<br \/>\nIncluye 3 rejillas extra\u00edbles de 70 x 71 cm.<br \/>\nMechero de 4 velas &#8211; 1 robinete.<br \/>\nAislaci\u00f3n t\u00e9rmica con lana mineral.<br \/>\nBase soporte reforzada desarmable.<br \/>\nHorno con v\u00e1lvula de seguridad.<\/p>\n","protected":false},"excerpt":{"rendered":"<p>Gabinete acero inoxidable brillante. Techo epoxi alta temperatura. Puerta desmontable con manija de madera, bisagras irrompibles y pir\u00f3metro anal\u00f3gico. C\u00e1mara de cocci\u00f3n de chapa doble&#8230;<\/p>\n","protected":false},"featured_media":1843,"template":"","meta":{"_acf_changed":false},"etheme_brands":[],"product_brand":[],"product_cat":[37,44],"product_tag":[],"class_list":{"0":"post-1842","1":"product","2":"type-product","3":"status-publish","4":"has-post-thumbnail","6":"product_cat-linea-calor","7":"product_cat-hornos","9":"first","10":"instock","11":"shipping-taxable","12":"purchasable","13":"product-type-simple"},"acf":[],"_links":{"self":[{"href":"https:\/\/iguazu.enexti.dev\/index.php?rest_route=\/wp\/v2\/product\/1842","targetHints":{"allow":["GET"]}}],"collection":[{"href":"https:\/\/iguazu.enexti.dev\/index.php?rest_route=\/wp\/v2\/product"}],"about":[{"href":"https:\/\/iguazu.enexti.dev\/index.php?rest_route=\/wp\/v2\/types\/product"}],"version-history":[{"count":1,"href":"https:\/\/iguazu.enexti.dev\/index.php?rest_route=\/wp\/v2\/product\/1842\/revisions"}],"predecessor-version":[{"id":2577,"href":"https:\/\/iguazu.enexti.dev\/index.php?rest_route=\/wp\/v2\/product\/1842\/revisions\/2577"}],"wp:featuredmedia":[{"embeddable":true,"href":"https:\/\/iguazu.enexti.dev\/index.php?rest_route=\/wp\/v2\/media\/1843"}],"wp:attachment":[{"href":"https:\/\/iguazu.enexti.dev\/index.php?rest_route=%2Fwp%2Fv2%2Fmedia&parent=1842"}],"wp:term":[{"taxonomy":"brand","embeddable":true,"href":"https:\/\/iguazu.enexti.dev\/index.php?rest_route=%2Fwp%2Fv2%2Fetheme_brands&post=1842"},{"taxonomy":"product_brand","embeddable":true,"href":"https:\/\/iguazu.enexti.dev\/index.php?rest_route=%2Fwp%2Fv2%2Fproduct_brand&post=1842"},{"taxonomy":"product_cat","embeddable":true,"href":"https:\/\/iguazu.enexti.dev\/index.php?rest_route=%2Fwp%2Fv2%2Fproduct_cat&post=1842"},{"taxonomy":"product_tag","embeddable":true,"href":"https:\/\/iguazu.enexti.dev\/index.php?rest_route=%2Fwp%2Fv2%2Fproduct_tag&post=1842"}],"curies":[{"name":"wp","href":"https:\/\/api.w.org\/{rel}","templated":true}]}}