{"id":1870,"date":"2020-10-31T15:52:11","date_gmt":"2020-10-31T15:52:11","guid":{"rendered":"http:\/\/instalacionesiguazu.com.ar\/?post_type=product&#038;p=1870"},"modified":"2026-04-03T17:00:18","modified_gmt":"2026-04-03T17:00:18","slug":"balanza-kretz-aura-31kg","status":"publish","type":"product","link":"https:\/\/iguazu.enexti.dev\/?product=balanza-kretz-aura-31kg","title":{"rendered":"Balanza Kretz Aura 31kg."},"content":{"rendered":"<p>Multirango: (0 a 15kg x 5g) y (15 a 30kg x 10g)<\/p>\n<p>CARACTER\u00cdSTICAS:<\/p>\n<p>Teclado alfanum\u00e9rico: permite dar nombre a los PLU en su configuraci\u00f3n<\/p>\n<p>Funciones: Contadora, Verificadora, Pre-empaque<\/p>\n<p>Calculo de vuelto<\/p>\n<p>Dos visores LCD retro-iluminados, ideales para uso al intemperie<\/p>\n<p>450 PLU para productos \u2013 precios<\/p>\n<p>Compatible con impresor de etiquetas Kretz PIC<\/p>\n","protected":false},"excerpt":{"rendered":"<p>Multirango: (0 a 15kg x 5g) y (15 a 30kg x 10g) CARACTER\u00cdSTICAS: Teclado alfanum\u00e9rico: permite dar nombre a los PLU en su configuraci\u00f3n Funciones:&#8230;<\/p>\n","protected":false},"featured_media":1871,"template":"","meta":{"_acf_changed":false},"etheme_brands":[],"product_brand":[],"product_cat":[49,60],"product_tag":[],"class_list":{"0":"post-1870","1":"product","2":"type-product","3":"status-publish","4":"has-post-thumbnail","6":"product_cat-equipamiento-y-maquinaria","7":"product_cat-balanzas-basculas-pilones","9":"first","10":"instock","11":"shipping-taxable","12":"purchasable","13":"product-type-simple"},"acf":[],"_links":{"self":[{"href":"https:\/\/iguazu.enexti.dev\/index.php?rest_route=\/wp\/v2\/product\/1870","targetHints":{"allow":["GET"]}}],"collection":[{"href":"https:\/\/iguazu.enexti.dev\/index.php?rest_route=\/wp\/v2\/product"}],"about":[{"href":"https:\/\/iguazu.enexti.dev\/index.php?rest_route=\/wp\/v2\/types\/product"}],"version-history":[{"count":0,"href":"https:\/\/iguazu.enexti.dev\/index.php?rest_route=\/wp\/v2\/product\/1870\/revisions"}],"wp:featuredmedia":[{"embeddable":true,"href":"https:\/\/iguazu.enexti.dev\/index.php?rest_route=\/wp\/v2\/media\/1871"}],"wp:attachment":[{"href":"https:\/\/iguazu.enexti.dev\/index.php?rest_route=%2Fwp%2Fv2%2Fmedia&parent=1870"}],"wp:term":[{"taxonomy":"brand","embeddable":true,"href":"https:\/\/iguazu.enexti.dev\/index.php?rest_route=%2Fwp%2Fv2%2Fetheme_brands&post=1870"},{"taxonomy":"product_brand","embeddable":true,"href":"https:\/\/iguazu.enexti.dev\/index.php?rest_route=%2Fwp%2Fv2%2Fproduct_brand&post=1870"},{"taxonomy":"product_cat","embeddable":true,"href":"https:\/\/iguazu.enexti.dev\/index.php?rest_route=%2Fwp%2Fv2%2Fproduct_cat&post=1870"},{"taxonomy":"product_tag","embeddable":true,"href":"https:\/\/iguazu.enexti.dev\/index.php?rest_route=%2Fwp%2Fv2%2Fproduct_tag&post=1870"}],"curies":[{"name":"wp","href":"https:\/\/api.w.org\/{rel}","templated":true}]}}