{"id":1893,"date":"2020-11-10T12:44:29","date_gmt":"2020-11-10T12:44:29","guid":{"rendered":"http:\/\/instalacionesiguazu.com.ar\/?post_type=product&#038;p=1893"},"modified":"2026-04-03T17:00:17","modified_gmt":"2026-04-03T17:00:17","slug":"estanteria-metalica-pesada","status":"publish","type":"product","link":"https:\/\/iguazu.enexti.dev\/?product=estanteria-metalica-pesada","title":{"rendered":"Estanter\u00eda Met\u00e1lica 90X30 Pesada"},"content":{"rendered":"<p>-Estanter\u00eda Met\u00e1lica\u00a0 90 x 30 x 200<\/p>\n<p>-90kg por estante<\/p>\n","protected":false},"excerpt":{"rendered":"<p>-Estanter\u00eda Met\u00e1lica\u00a0 90 x 30 x 200 -90kg por estante<\/p>\n","protected":false},"featured_media":1713,"template":"","meta":{"_acf_changed":false},"etheme_brands":[],"product_brand":[],"product_cat":[65,68],"product_tag":[],"class_list":{"0":"post-1893","1":"product","2":"type-product","3":"status-publish","4":"has-post-thumbnail","6":"product_cat-muebles-y-estanterias","7":"product_cat-estanterias","9":"first","10":"outofstock","11":"shipping-taxable","12":"purchasable","13":"product-type-simple"},"acf":[],"_links":{"self":[{"href":"https:\/\/iguazu.enexti.dev\/index.php?rest_route=\/wp\/v2\/product\/1893","targetHints":{"allow":["GET"]}}],"collection":[{"href":"https:\/\/iguazu.enexti.dev\/index.php?rest_route=\/wp\/v2\/product"}],"about":[{"href":"https:\/\/iguazu.enexti.dev\/index.php?rest_route=\/wp\/v2\/types\/product"}],"version-history":[{"count":0,"href":"https:\/\/iguazu.enexti.dev\/index.php?rest_route=\/wp\/v2\/product\/1893\/revisions"}],"wp:featuredmedia":[{"embeddable":true,"href":"https:\/\/iguazu.enexti.dev\/index.php?rest_route=\/wp\/v2\/media\/1713"}],"wp:attachment":[{"href":"https:\/\/iguazu.enexti.dev\/index.php?rest_route=%2Fwp%2Fv2%2Fmedia&parent=1893"}],"wp:term":[{"taxonomy":"brand","embeddable":true,"href":"https:\/\/iguazu.enexti.dev\/index.php?rest_route=%2Fwp%2Fv2%2Fetheme_brands&post=1893"},{"taxonomy":"product_brand","embeddable":true,"href":"https:\/\/iguazu.enexti.dev\/index.php?rest_route=%2Fwp%2Fv2%2Fproduct_brand&post=1893"},{"taxonomy":"product_cat","embeddable":true,"href":"https:\/\/iguazu.enexti.dev\/index.php?rest_route=%2Fwp%2Fv2%2Fproduct_cat&post=1893"},{"taxonomy":"product_tag","embeddable":true,"href":"https:\/\/iguazu.enexti.dev\/index.php?rest_route=%2Fwp%2Fv2%2Fproduct_tag&post=1893"}],"curies":[{"name":"wp","href":"https:\/\/api.w.org\/{rel}","templated":true}]}}