{"id":1897,"date":"2020-11-10T19:57:47","date_gmt":"2020-11-10T19:57:47","guid":{"rendered":"http:\/\/instalacionesiguazu.com.ar\/?post_type=product&#038;p=1897"},"modified":"2026-04-03T17:00:17","modified_gmt":"2026-04-03T17:00:17","slug":"balanza-systel-clipse-30-kg","status":"publish","type":"product","link":"https:\/\/iguazu.enexti.dev\/?product=balanza-systel-clipse-30-kg","title":{"rendered":"Balanza Systel Clipse 30 kg."},"content":{"rendered":"<p>Modelo clipse 31<br \/>\nCapacidad m\u00e1xima 31kg<br \/>\nM\u00ednima resoluci\u00f3n 5gr de 0-15kg \/ 10gr de 15-31kg<br \/>\nTara m\u00e1xima -9,9 kg<br \/>\nModelos PPI (peso, precio, importe)<br \/>\nTara ingresable por peso y por teclado<br \/>\nC\u00f3mputo de pago y vuelto<br \/>\nSuma de art\u00edculos pesables y no pesables<br \/>\nConsulta permanente de totales de venta<br \/>\nTotal diario de ventas acumuladas<br \/>\nIncluye bater\u00eda interna, por si existen cortes de luz<\/p>\n","protected":false},"excerpt":{"rendered":"<p>Modelo clipse 31 Capacidad m\u00e1xima 31kg M\u00ednima resoluci\u00f3n 5gr de 0-15kg \/ 10gr de 15-31kg Tara m\u00e1xima -9,9 kg Modelos PPI (peso, precio, importe) Tara&#8230;<\/p>\n","protected":false},"featured_media":1898,"template":"","meta":{"_acf_changed":false},"etheme_brands":[],"product_brand":[],"product_cat":[49,60],"product_tag":[],"class_list":{"0":"post-1897","1":"product","2":"type-product","3":"status-publish","4":"has-post-thumbnail","6":"product_cat-equipamiento-y-maquinaria","7":"product_cat-balanzas-basculas-pilones","9":"first","10":"instock","11":"shipping-taxable","12":"purchasable","13":"product-type-simple"},"acf":[],"_links":{"self":[{"href":"https:\/\/iguazu.enexti.dev\/index.php?rest_route=\/wp\/v2\/product\/1897","targetHints":{"allow":["GET"]}}],"collection":[{"href":"https:\/\/iguazu.enexti.dev\/index.php?rest_route=\/wp\/v2\/product"}],"about":[{"href":"https:\/\/iguazu.enexti.dev\/index.php?rest_route=\/wp\/v2\/types\/product"}],"version-history":[{"count":0,"href":"https:\/\/iguazu.enexti.dev\/index.php?rest_route=\/wp\/v2\/product\/1897\/revisions"}],"wp:featuredmedia":[{"embeddable":true,"href":"https:\/\/iguazu.enexti.dev\/index.php?rest_route=\/wp\/v2\/media\/1898"}],"wp:attachment":[{"href":"https:\/\/iguazu.enexti.dev\/index.php?rest_route=%2Fwp%2Fv2%2Fmedia&parent=1897"}],"wp:term":[{"taxonomy":"brand","embeddable":true,"href":"https:\/\/iguazu.enexti.dev\/index.php?rest_route=%2Fwp%2Fv2%2Fetheme_brands&post=1897"},{"taxonomy":"product_brand","embeddable":true,"href":"https:\/\/iguazu.enexti.dev\/index.php?rest_route=%2Fwp%2Fv2%2Fproduct_brand&post=1897"},{"taxonomy":"product_cat","embeddable":true,"href":"https:\/\/iguazu.enexti.dev\/index.php?rest_route=%2Fwp%2Fv2%2Fproduct_cat&post=1897"},{"taxonomy":"product_tag","embeddable":true,"href":"https:\/\/iguazu.enexti.dev\/index.php?rest_route=%2Fwp%2Fv2%2Fproduct_tag&post=1897"}],"curies":[{"name":"wp","href":"https:\/\/api.w.org\/{rel}","templated":true}]}}