{"id":1936,"date":"2020-11-28T13:59:13","date_gmt":"2020-11-28T13:59:13","guid":{"rendered":"http:\/\/instalacionesiguazu.com.ar\/?post_type=product&#038;p=1936"},"modified":"2026-04-03T17:00:16","modified_gmt":"2026-04-03T17:00:16","slug":"__trashed-3__trashed-2","status":"publish","type":"product","link":"https:\/\/iguazu.enexti.dev\/?product=__trashed-3__trashed-2","title":{"rendered":"SIERRA DE MESA SIN PICADOR"},"content":{"rendered":"<p>Mesa de Acero INOX. Mayor durabilidad.<br \/>\nPuerta de Acero INOX de f\u00e1cil extracci\u00f3n para su limpieza.<br \/>\nMesa M\u00f3vil, mayor seguridad con menor riesgo de accidente.<br \/>\nGrandes dimensiones en la zona de trabajo, lo que permite<br \/>\nuna mayor agilidad en el corte.<br \/>\nPermite el corte de piezas con una altura m\u00e1xima de 285 mm.<br \/>\nPermite el corte de piezas con un ancho m\u00e1ximo de 210 mm.<br \/>\nMayor estabilidad al soportar peso sobre la mesa.<br \/>\nTodo en Acero INOX y pintura Epoxi. Mayor resistencia e higiene.<br \/>\nNo requiere lubricaci\u00f3n.<\/p>\n","protected":false},"excerpt":{"rendered":"<p>Mesa de Acero INOX. Mayor durabilidad. Puerta de Acero INOX de f\u00e1cil extracci\u00f3n para su limpieza. Mesa M\u00f3vil, mayor seguridad con menor riesgo de accidente&#8230;.<\/p>\n","protected":false},"featured_media":1949,"template":"","meta":{"_acf_changed":false},"etheme_brands":[],"product_brand":[],"product_cat":[49,58],"product_tag":[],"class_list":{"0":"post-1936","1":"product","2":"type-product","3":"status-publish","4":"has-post-thumbnail","6":"product_cat-equipamiento-y-maquinaria","7":"product_cat-sierras","9":"first","10":"instock","11":"shipping-taxable","12":"purchasable","13":"product-type-simple"},"acf":[],"_links":{"self":[{"href":"https:\/\/iguazu.enexti.dev\/index.php?rest_route=\/wp\/v2\/product\/1936","targetHints":{"allow":["GET"]}}],"collection":[{"href":"https:\/\/iguazu.enexti.dev\/index.php?rest_route=\/wp\/v2\/product"}],"about":[{"href":"https:\/\/iguazu.enexti.dev\/index.php?rest_route=\/wp\/v2\/types\/product"}],"version-history":[{"count":1,"href":"https:\/\/iguazu.enexti.dev\/index.php?rest_route=\/wp\/v2\/product\/1936\/revisions"}],"predecessor-version":[{"id":1948,"href":"https:\/\/iguazu.enexti.dev\/index.php?rest_route=\/wp\/v2\/product\/1936\/revisions\/1948"}],"wp:featuredmedia":[{"embeddable":true,"href":"https:\/\/iguazu.enexti.dev\/index.php?rest_route=\/wp\/v2\/media\/1949"}],"wp:attachment":[{"href":"https:\/\/iguazu.enexti.dev\/index.php?rest_route=%2Fwp%2Fv2%2Fmedia&parent=1936"}],"wp:term":[{"taxonomy":"brand","embeddable":true,"href":"https:\/\/iguazu.enexti.dev\/index.php?rest_route=%2Fwp%2Fv2%2Fetheme_brands&post=1936"},{"taxonomy":"product_brand","embeddable":true,"href":"https:\/\/iguazu.enexti.dev\/index.php?rest_route=%2Fwp%2Fv2%2Fproduct_brand&post=1936"},{"taxonomy":"product_cat","embeddable":true,"href":"https:\/\/iguazu.enexti.dev\/index.php?rest_route=%2Fwp%2Fv2%2Fproduct_cat&post=1936"},{"taxonomy":"product_tag","embeddable":true,"href":"https:\/\/iguazu.enexti.dev\/index.php?rest_route=%2Fwp%2Fv2%2Fproduct_tag&post=1936"}],"curies":[{"name":"wp","href":"https:\/\/api.w.org\/{rel}","templated":true}]}}