{"id":1994,"date":"2020-12-19T11:52:50","date_gmt":"2020-12-19T11:52:50","guid":{"rendered":"http:\/\/instalacionesiguazu.com.ar\/?post_type=product&#038;p=1994"},"modified":"2025-07-23T18:47:50","modified_gmt":"2025-07-23T18:47:50","slug":"licuadora-moretti-masterblend-2-lts","status":"publish","type":"product","link":"https:\/\/iguazu.enexti.dev\/?product=licuadora-moretti-masterblend-2-lts","title":{"rendered":"Licuadora Moretti Masterblend 2L"},"content":{"rendered":"<p class=\"ui-pdp-list__text\"><span class=\"ui-pdp-color--BLACK ui-pdp-size--XSMALL ui-pdp-family--BOLD\">Potencia<\/span>: 1500 W<\/p>\n<p class=\"ui-pdp-list__text\"><span class=\"ui-pdp-color--BLACK ui-pdp-size--XSMALL ui-pdp-family--BOLD\">Accesorios incluidos<\/span>: Varilla agitadora<\/p>\n<p class=\"ui-pdp-list__text\"><span class=\"ui-pdp-color--BLACK ui-pdp-size--XSMALL ui-pdp-family--BOLD\">Es apto para picar hielo<\/span>: S\u00ed<\/p>\n<p class=\"ui-pdp-list__text\"><span class=\"ui-pdp-color--BLACK ui-pdp-size--XSMALL ui-pdp-family--BOLD\">Es port\u00e1til<\/span>: No<\/p>\n<p class=\"ui-pdp-list__text\"><span class=\"ui-pdp-color--BLACK ui-pdp-size--XSMALL ui-pdp-family--BOLD\">Con cuchilla de acero inoxidable<\/span>: S\u00ed<\/p>\n<p class=\"ui-pdp-list__text\"><span class=\"ui-pdp-color--BLACK ui-pdp-size--XSMALL ui-pdp-family--BOLD\">Con tapa dosificadora<\/span>: S\u00ed<\/p>\n<p class=\"ui-pdp-list__text\"><span class=\"ui-pdp-color--BLACK ui-pdp-size--XSMALL ui-pdp-family--BOLD\">Con display digital<\/span>: No<\/p>\n<p class=\"ui-pdp-list__text\"><span class=\"ui-pdp-color--BLACK ui-pdp-size--XSMALL ui-pdp-family--BOLD\">Cantidad de jarras<\/span>: 1<\/p>\n<p class=\"ui-pdp-list__text\"><span class=\"ui-pdp-color--BLACK ui-pdp-size--XSMALL ui-pdp-family--BOLD\">Peso<\/span>: 4.5 kg<\/p>\n","protected":false},"excerpt":{"rendered":"<p>Potencia: 1500 W Accesorios incluidos: Varilla agitadora Es apto para picar hielo: S\u00ed Es port\u00e1til: No Con cuchilla de acero inoxidable: S\u00ed Con tapa dosificadora:&#8230;<\/p>\n","protected":false},"featured_media":1997,"template":"","meta":{"_acf_changed":false},"etheme_brands":[],"product_brand":[],"product_cat":[101,49,64],"product_tag":[],"class_list":{"0":"post-1994","1":"product","2":"type-product","3":"status-publish","4":"has-post-thumbnail","6":"product_cat-licuadoras","7":"product_cat-equipamiento-y-maquinaria","8":"product_cat-electrodomesticos","10":"first","11":"outofstock","12":"featured","13":"shipping-taxable","14":"purchasable","15":"product-type-simple"},"acf":[],"_links":{"self":[{"href":"https:\/\/iguazu.enexti.dev\/index.php?rest_route=\/wp\/v2\/product\/1994","targetHints":{"allow":["GET"]}}],"collection":[{"href":"https:\/\/iguazu.enexti.dev\/index.php?rest_route=\/wp\/v2\/product"}],"about":[{"href":"https:\/\/iguazu.enexti.dev\/index.php?rest_route=\/wp\/v2\/types\/product"}],"version-history":[{"count":0,"href":"https:\/\/iguazu.enexti.dev\/index.php?rest_route=\/wp\/v2\/product\/1994\/revisions"}],"wp:featuredmedia":[{"embeddable":true,"href":"https:\/\/iguazu.enexti.dev\/index.php?rest_route=\/wp\/v2\/media\/1997"}],"wp:attachment":[{"href":"https:\/\/iguazu.enexti.dev\/index.php?rest_route=%2Fwp%2Fv2%2Fmedia&parent=1994"}],"wp:term":[{"taxonomy":"brand","embeddable":true,"href":"https:\/\/iguazu.enexti.dev\/index.php?rest_route=%2Fwp%2Fv2%2Fetheme_brands&post=1994"},{"taxonomy":"product_brand","embeddable":true,"href":"https:\/\/iguazu.enexti.dev\/index.php?rest_route=%2Fwp%2Fv2%2Fproduct_brand&post=1994"},{"taxonomy":"product_cat","embeddable":true,"href":"https:\/\/iguazu.enexti.dev\/index.php?rest_route=%2Fwp%2Fv2%2Fproduct_cat&post=1994"},{"taxonomy":"product_tag","embeddable":true,"href":"https:\/\/iguazu.enexti.dev\/index.php?rest_route=%2Fwp%2Fv2%2Fproduct_tag&post=1994"}],"curies":[{"name":"wp","href":"https:\/\/api.w.org\/{rel}","templated":true}]}}