{"id":2033,"date":"2021-01-14T17:06:37","date_gmt":"2021-01-14T17:06:37","guid":{"rendered":"http:\/\/instalacionesiguazu.com.ar\/?post_type=product&#038;p=2033"},"modified":"2026-04-03T17:00:15","modified_gmt":"2026-04-03T17:00:15","slug":"exhibidor-vertical-frigobar-fam","status":"publish","type":"product","link":"https:\/\/iguazu.enexti.dev\/?product=exhibidor-vertical-frigobar-fam","title":{"rendered":"Exhibidor Vertical Frigobar Fam"},"content":{"rendered":"<p>Modelo: FAM 110 BT.<\/p>\n<p>Capacidad: 110 litros.<\/p>\n<p>Frente: exhibici\u00f3n con triple vidrio templado.<\/p>\n<p>Refrigeraci\u00f3n: 2 estantes parrilla refrigerantes.<\/p>\n<p>Aislaci\u00f3n: de poliuretano inyectado 60mm.<\/p>\n<p>Iluminaci\u00f3n interior.<\/p>\n<p>Rango t\u00e9rmico: -12\u00b0 a -18\u00b0 C.<\/p>\n<p>No congela: mantiene productos previamente congelados.<\/p>\n<p>Medidas: frente 49 cm \/ altura 82 cm \/ profundo 61 cm.<\/p>\n","protected":false},"excerpt":{"rendered":"<p>Modelo: FAM 110 BT. Capacidad: 110 litros. Frente: exhibici\u00f3n con triple vidrio templado. Refrigeraci\u00f3n: 2 estantes parrilla refrigerantes. Aislaci\u00f3n: de poliuretano inyectado 60mm. Iluminaci\u00f3n interior&#8230;.<\/p>\n","protected":false},"featured_media":2034,"template":"","meta":{"_acf_changed":false},"etheme_brands":[],"product_brand":[],"product_cat":[25],"product_tag":[],"class_list":{"0":"post-2033","1":"product","2":"type-product","3":"status-publish","4":"has-post-thumbnail","6":"product_cat-linea-frio","8":"first","9":"instock","10":"shipping-taxable","11":"purchasable","12":"product-type-simple"},"acf":[],"_links":{"self":[{"href":"https:\/\/iguazu.enexti.dev\/index.php?rest_route=\/wp\/v2\/product\/2033","targetHints":{"allow":["GET"]}}],"collection":[{"href":"https:\/\/iguazu.enexti.dev\/index.php?rest_route=\/wp\/v2\/product"}],"about":[{"href":"https:\/\/iguazu.enexti.dev\/index.php?rest_route=\/wp\/v2\/types\/product"}],"version-history":[{"count":0,"href":"https:\/\/iguazu.enexti.dev\/index.php?rest_route=\/wp\/v2\/product\/2033\/revisions"}],"wp:featuredmedia":[{"embeddable":true,"href":"https:\/\/iguazu.enexti.dev\/index.php?rest_route=\/wp\/v2\/media\/2034"}],"wp:attachment":[{"href":"https:\/\/iguazu.enexti.dev\/index.php?rest_route=%2Fwp%2Fv2%2Fmedia&parent=2033"}],"wp:term":[{"taxonomy":"brand","embeddable":true,"href":"https:\/\/iguazu.enexti.dev\/index.php?rest_route=%2Fwp%2Fv2%2Fetheme_brands&post=2033"},{"taxonomy":"product_brand","embeddable":true,"href":"https:\/\/iguazu.enexti.dev\/index.php?rest_route=%2Fwp%2Fv2%2Fproduct_brand&post=2033"},{"taxonomy":"product_cat","embeddable":true,"href":"https:\/\/iguazu.enexti.dev\/index.php?rest_route=%2Fwp%2Fv2%2Fproduct_cat&post=2033"},{"taxonomy":"product_tag","embeddable":true,"href":"https:\/\/iguazu.enexti.dev\/index.php?rest_route=%2Fwp%2Fv2%2Fproduct_tag&post=2033"}],"curies":[{"name":"wp","href":"https:\/\/api.w.org\/{rel}","templated":true}]}}