{"id":2046,"date":"2021-01-15T14:38:11","date_gmt":"2021-01-15T14:38:11","guid":{"rendered":"http:\/\/instalacionesiguazu.com.ar\/?post_type=product&#038;p=2046"},"modified":"2026-04-03T17:00:14","modified_gmt":"2026-04-03T17:00:14","slug":"balanza-systel-cuora-st-30kg","status":"publish","type":"product","link":"https:\/\/iguazu.enexti.dev\/?product=balanza-systel-cuora-st-30kg","title":{"rendered":"Balanza Systel Cuora ST 30KG"},"content":{"rendered":"<section class=\"wp-block-uagb-section uagb-section__wrap uagb-section__background-undefined uagb-block-80ab4f1e featured-ul\">\n<div class=\"uagb-section__inner-wrap\">\n<div class=\"wp-block-columns featured-ul is-layout-flex wp-container-core-columns-is-layout-1 wp-block-columns-is-layout-flex\">\n<div class=\"wp-block-column is-layout-flow wp-block-column-is-layout-flow\">\n<p>Garant\u00eda de f\u00e1brica: este producto recibe servicio postventa oficial de Systel<\/p>\n<p>F\u00e1cil instalaci\u00f3n.<\/p>\n<p>Permite realizar reportes por art\u00edculos, departamentos y vendedores para que puedas tener mayor control en tu comercio.<\/p>\n<\/div>\n<div class=\"wp-block-column is-layout-flow wp-block-column-is-layout-flow\">\n<p>Conexi\u00f3n a PC.<\/p>\n<p>Acompa\u00f1a a este equipo software para PC gratuito<\/p>\n<p>Apertura accesible para cambio de bater\u00eda: Puede cambiarla el usuario sin necesidad de recurrir a un t\u00e9cnico. Adem\u00e1s evita romper el sello y lacre de calibraci\u00f3n.<\/p>\n<\/div>\n<\/div>\n<\/div>\n<\/section>\n<section class=\"wp-block-uagb-section uagb-section__wrap uagb-section__background-undefined uagb-block-dfb2bcdd\">\n<div class=\"uagb-section__overlay\"><\/div>\n<div class=\"uagb-section__inner-wrap\">\n<h3 class=\"wp-block-heading\">Especificaciones t\u00e9cnicas<\/h3>\n<div class=\"wp-block-columns featured-ul is-layout-flex wp-container-core-columns-is-layout-2 wp-block-columns-is-layout-flex\">\n<div class=\"wp-block-column is-layout-flow wp-block-column-is-layout-flow\">\n<p>Peso, precio, importe total, tara y descripci\u00f3n del art\u00edculo visible en display.<\/p>\n<p>Almacena hasta 8000 productos permanentemente.<\/p>\n<p>Posibilidad de hasta 20 vendedores.<\/p>\n<p>60 accesos directos.<\/p>\n<\/div>\n<div class=\"wp-block-column is-layout-flow wp-block-column-is-layout-flow\">\n<p>Emite ticket tipo comanda, reporte diarios.<\/p>\n<p>Cuenta con visor LCD retroiluminado de gran tama\u00f1o.<\/p>\n<p>Teclado resistente de alta duraci\u00f3n.<\/p>\n<p>Contabiliza productos pesables y no pesables.<\/p>\n<\/div>\n<\/div>\n<\/div>\n<\/section>\n<div id=\"consultar\"><\/div>\n<section class=\"mt-100\">\n<div class=\"container pc-m\">\n<div class=\"row pt-5 pb-5\">\n<div class=\"col-12 col-md-6 mt-5 mb-5\"><\/div>\n<\/div>\n<\/div>\n<\/section>\n<p class=\"ui-pdp-list__text\">\n","protected":false},"excerpt":{"rendered":"<p>Garant\u00eda de f\u00e1brica: este producto recibe servicio postventa oficial de Systel F\u00e1cil instalaci\u00f3n. Permite realizar reportes por art\u00edculos, departamentos y vendedores para que puedas tener&#8230;<\/p>\n","protected":false},"featured_media":2048,"template":"","meta":{"_acf_changed":false},"etheme_brands":[],"product_brand":[],"product_cat":[49,60],"product_tag":[],"class_list":{"0":"post-2046","1":"product","2":"type-product","3":"status-publish","4":"has-post-thumbnail","6":"product_cat-equipamiento-y-maquinaria","7":"product_cat-balanzas-basculas-pilones","9":"first","10":"outofstock","11":"shipping-taxable","12":"purchasable","13":"product-type-simple"},"acf":[],"_links":{"self":[{"href":"https:\/\/iguazu.enexti.dev\/index.php?rest_route=\/wp\/v2\/product\/2046","targetHints":{"allow":["GET"]}}],"collection":[{"href":"https:\/\/iguazu.enexti.dev\/index.php?rest_route=\/wp\/v2\/product"}],"about":[{"href":"https:\/\/iguazu.enexti.dev\/index.php?rest_route=\/wp\/v2\/types\/product"}],"version-history":[{"count":1,"href":"https:\/\/iguazu.enexti.dev\/index.php?rest_route=\/wp\/v2\/product\/2046\/revisions"}],"predecessor-version":[{"id":3125,"href":"https:\/\/iguazu.enexti.dev\/index.php?rest_route=\/wp\/v2\/product\/2046\/revisions\/3125"}],"wp:featuredmedia":[{"embeddable":true,"href":"https:\/\/iguazu.enexti.dev\/index.php?rest_route=\/wp\/v2\/media\/2048"}],"wp:attachment":[{"href":"https:\/\/iguazu.enexti.dev\/index.php?rest_route=%2Fwp%2Fv2%2Fmedia&parent=2046"}],"wp:term":[{"taxonomy":"brand","embeddable":true,"href":"https:\/\/iguazu.enexti.dev\/index.php?rest_route=%2Fwp%2Fv2%2Fetheme_brands&post=2046"},{"taxonomy":"product_brand","embeddable":true,"href":"https:\/\/iguazu.enexti.dev\/index.php?rest_route=%2Fwp%2Fv2%2Fproduct_brand&post=2046"},{"taxonomy":"product_cat","embeddable":true,"href":"https:\/\/iguazu.enexti.dev\/index.php?rest_route=%2Fwp%2Fv2%2Fproduct_cat&post=2046"},{"taxonomy":"product_tag","embeddable":true,"href":"https:\/\/iguazu.enexti.dev\/index.php?rest_route=%2Fwp%2Fv2%2Fproduct_tag&post=2046"}],"curies":[{"name":"wp","href":"https:\/\/api.w.org\/{rel}","templated":true}]}}