{"id":2142,"date":"2021-05-11T11:20:14","date_gmt":"2021-05-11T11:20:14","guid":{"rendered":"http:\/\/instalacionesiguazu.com.ar\/?post_type=product&#038;p=2142"},"modified":"2026-04-03T17:00:13","modified_gmt":"2026-04-03T17:00:13","slug":"freezer-horizontal-fam-i220","status":"publish","type":"product","link":"https:\/\/iguazu.enexti.dev\/?product=freezer-horizontal-fam-i220","title":{"rendered":"Freezer Horizontal Fam i220"},"content":{"rendered":"<p>Condensaci\u00f3n Din\u00e1mica y Evaporador con ca\u00f1o de cobre en todos los modelos.<\/p>\n<p>Marcos de ABS Termoformados, tapas cristal curvas anti empa\u00f1ante deslizantes.<\/p>\n<p>Aislaci\u00f3n de poliuretano r\u00edgido expandido in situ de 40 Kg. x m3 para mayor reserva t\u00e9rmica en caso de corte de energ\u00eda, beneficiando su tiempo de conservaci\u00f3n y disminuyendo el consumo el\u00e9ctrico.<\/p>\n<p>Unidad condensadora por aire forzado.<\/p>\n<p>Unidad autocontenida de bajo consumo y alta tecnolog\u00eda.<\/p>\n","protected":false},"excerpt":{"rendered":"<p>Condensaci\u00f3n Din\u00e1mica y Evaporador con ca\u00f1o de cobre en todos los modelos. Marcos de ABS Termoformados, tapas cristal curvas anti empa\u00f1ante deslizantes. Aislaci\u00f3n de poliuretano&#8230;<\/p>\n","protected":false},"featured_media":2144,"template":"","meta":{"_acf_changed":false},"etheme_brands":[],"product_brand":[],"product_cat":[25],"product_tag":[],"class_list":{"0":"post-2142","1":"product","2":"type-product","3":"status-publish","4":"has-post-thumbnail","6":"product_cat-linea-frio","8":"first","9":"instock","10":"shipping-taxable","11":"purchasable","12":"product-type-simple"},"acf":[],"_links":{"self":[{"href":"https:\/\/iguazu.enexti.dev\/index.php?rest_route=\/wp\/v2\/product\/2142","targetHints":{"allow":["GET"]}}],"collection":[{"href":"https:\/\/iguazu.enexti.dev\/index.php?rest_route=\/wp\/v2\/product"}],"about":[{"href":"https:\/\/iguazu.enexti.dev\/index.php?rest_route=\/wp\/v2\/types\/product"}],"version-history":[{"count":0,"href":"https:\/\/iguazu.enexti.dev\/index.php?rest_route=\/wp\/v2\/product\/2142\/revisions"}],"wp:featuredmedia":[{"embeddable":true,"href":"https:\/\/iguazu.enexti.dev\/index.php?rest_route=\/wp\/v2\/media\/2144"}],"wp:attachment":[{"href":"https:\/\/iguazu.enexti.dev\/index.php?rest_route=%2Fwp%2Fv2%2Fmedia&parent=2142"}],"wp:term":[{"taxonomy":"brand","embeddable":true,"href":"https:\/\/iguazu.enexti.dev\/index.php?rest_route=%2Fwp%2Fv2%2Fetheme_brands&post=2142"},{"taxonomy":"product_brand","embeddable":true,"href":"https:\/\/iguazu.enexti.dev\/index.php?rest_route=%2Fwp%2Fv2%2Fproduct_brand&post=2142"},{"taxonomy":"product_cat","embeddable":true,"href":"https:\/\/iguazu.enexti.dev\/index.php?rest_route=%2Fwp%2Fv2%2Fproduct_cat&post=2142"},{"taxonomy":"product_tag","embeddable":true,"href":"https:\/\/iguazu.enexti.dev\/index.php?rest_route=%2Fwp%2Fv2%2Fproduct_tag&post=2142"}],"curies":[{"name":"wp","href":"https:\/\/api.w.org\/{rel}","templated":true}]}}