{"id":2179,"date":"2021-06-04T17:39:15","date_gmt":"2021-06-04T17:39:15","guid":{"rendered":"http:\/\/instalacionesiguazu.com.ar\/?post_type=product&#038;p=2179"},"modified":"2022-04-08T19:25:23","modified_gmt":"2022-04-08T19:25:23","slug":"horno-electrico-peabody-60lts","status":"publish","type":"product","link":"https:\/\/iguazu.enexti.dev\/?product=horno-electrico-peabody-60lts","title":{"rendered":"Horno El\u00e9ctrico Peabody 60L"},"content":{"rendered":"<h3 class=\"title bottom-2\">Detalles<\/h3>\n<p>Capacidad 60 litros<\/p>\n<p>Potencia 2200 W<\/p>\n<p>Funci\u00f3n CONVECCI\u00d3N<\/p>\n<p>Timer de hasta 60 min<\/p>\n<p>Luz interior<\/p>\n<p>Bandeja colectora de migas<\/p>\n<p>Perillas reguladora de funcionamiento (cocci\u00f3n superior, cocci\u00f3n inferior, cocci\u00f3n superior e inferior,convecci\u00f3n)<\/p>\n<p>Construido con detalles de acero inoxidable<\/p>\n<p>Incluye bandeja y manija para extraer alimentos<\/p>\n<p>Producto (An x Prof x Al &#8211; mm) : 610x390x410<\/p>\n<p>Internas (An x Prof x Al &#8211; mm) : 450x370x340<\/p>\n<p>Color GRIS<\/p>\n<p>Origen Argentina<\/p>\n","protected":false},"excerpt":{"rendered":"<p>Detalles Capacidad 60 litros Potencia 2200 W Funci\u00f3n CONVECCI\u00d3N Timer de hasta 60 min Luz interior Bandeja colectora de migas Perillas reguladora de funcionamiento (cocci\u00f3n&#8230;<\/p>\n","protected":false},"featured_media":2180,"template":"","meta":{"_acf_changed":false},"etheme_brands":[],"product_brand":[],"product_cat":[120,37,44,64],"product_tag":[],"class_list":{"0":"post-2179","1":"product","2":"type-product","3":"status-publish","4":"has-post-thumbnail","6":"product_cat-hornos-electrodomesticos","7":"product_cat-linea-calor","8":"product_cat-hornos","9":"product_cat-electrodomesticos","11":"first","12":"outofstock","13":"shipping-taxable","14":"purchasable","15":"product-type-simple"},"acf":[],"_links":{"self":[{"href":"https:\/\/iguazu.enexti.dev\/index.php?rest_route=\/wp\/v2\/product\/2179","targetHints":{"allow":["GET"]}}],"collection":[{"href":"https:\/\/iguazu.enexti.dev\/index.php?rest_route=\/wp\/v2\/product"}],"about":[{"href":"https:\/\/iguazu.enexti.dev\/index.php?rest_route=\/wp\/v2\/types\/product"}],"version-history":[{"count":0,"href":"https:\/\/iguazu.enexti.dev\/index.php?rest_route=\/wp\/v2\/product\/2179\/revisions"}],"wp:featuredmedia":[{"embeddable":true,"href":"https:\/\/iguazu.enexti.dev\/index.php?rest_route=\/wp\/v2\/media\/2180"}],"wp:attachment":[{"href":"https:\/\/iguazu.enexti.dev\/index.php?rest_route=%2Fwp%2Fv2%2Fmedia&parent=2179"}],"wp:term":[{"taxonomy":"brand","embeddable":true,"href":"https:\/\/iguazu.enexti.dev\/index.php?rest_route=%2Fwp%2Fv2%2Fetheme_brands&post=2179"},{"taxonomy":"product_brand","embeddable":true,"href":"https:\/\/iguazu.enexti.dev\/index.php?rest_route=%2Fwp%2Fv2%2Fproduct_brand&post=2179"},{"taxonomy":"product_cat","embeddable":true,"href":"https:\/\/iguazu.enexti.dev\/index.php?rest_route=%2Fwp%2Fv2%2Fproduct_cat&post=2179"},{"taxonomy":"product_tag","embeddable":true,"href":"https:\/\/iguazu.enexti.dev\/index.php?rest_route=%2Fwp%2Fv2%2Fproduct_tag&post=2179"}],"curies":[{"name":"wp","href":"https:\/\/api.w.org\/{rel}","templated":true}]}}