{"id":2188,"date":"2021-06-04T20:01:32","date_gmt":"2021-06-04T20:01:32","guid":{"rendered":"http:\/\/instalacionesiguazu.com.ar\/?post_type=product&#038;p=2188"},"modified":"2026-04-03T17:00:05","modified_gmt":"2026-04-03T17:00:05","slug":"picadora-fh-32","status":"publish","type":"product","link":"https:\/\/iguazu.enexti.dev\/?product=picadora-fh-32","title":{"rendered":"Picadora FH 32"},"content":{"rendered":"<p>PICADORA DE CARNE FH N\u00b0 32 ELECTRICA ACERO INOXIDABLE<\/p>\n<p>CARACTERISTICAS<br \/>\nConstrucci\u00f3n s\u00f3lida y compacta<br \/>\nRevestida en acero inoxidable<br \/>\n300 kg de producci\u00f3n \/ hora<br \/>\nMotor monof\u00e1sico de 1.5 HP<br \/>\nTolva, gusamp y volante realizados en fundici\u00f3n de hierro<br \/>\n220 volts<br \/>\nBandeja de carga rectangular de acero inoxidable de 26&#215;34 cm<br \/>\nCalibre n\u00b032<br \/>\nMedidas: 25x55x30cm (frente.profundo.alto)<br \/>\nPeso (kg):43<\/p>\n","protected":false},"excerpt":{"rendered":"<p>PICADORA DE CARNE FH N\u00b0 32 ELECTRICA ACERO INOXIDABLE CARACTERISTICAS Construcci\u00f3n s\u00f3lida y compacta Revestida en acero inoxidable 300 kg de producci\u00f3n \/ hora Motor&#8230;<\/p>\n","protected":false},"featured_media":2893,"template":"","meta":{"_acf_changed":false},"etheme_brands":[],"product_brand":[],"product_cat":[49,57],"product_tag":[],"class_list":{"0":"post-2188","1":"product","2":"type-product","3":"status-publish","4":"has-post-thumbnail","6":"product_cat-equipamiento-y-maquinaria","7":"product_cat-picadoras","9":"first","10":"instock","11":"shipping-taxable","12":"purchasable","13":"product-type-simple"},"acf":[],"_links":{"self":[{"href":"https:\/\/iguazu.enexti.dev\/index.php?rest_route=\/wp\/v2\/product\/2188","targetHints":{"allow":["GET"]}}],"collection":[{"href":"https:\/\/iguazu.enexti.dev\/index.php?rest_route=\/wp\/v2\/product"}],"about":[{"href":"https:\/\/iguazu.enexti.dev\/index.php?rest_route=\/wp\/v2\/types\/product"}],"version-history":[{"count":0,"href":"https:\/\/iguazu.enexti.dev\/index.php?rest_route=\/wp\/v2\/product\/2188\/revisions"}],"wp:featuredmedia":[{"embeddable":true,"href":"https:\/\/iguazu.enexti.dev\/index.php?rest_route=\/wp\/v2\/media\/2893"}],"wp:attachment":[{"href":"https:\/\/iguazu.enexti.dev\/index.php?rest_route=%2Fwp%2Fv2%2Fmedia&parent=2188"}],"wp:term":[{"taxonomy":"brand","embeddable":true,"href":"https:\/\/iguazu.enexti.dev\/index.php?rest_route=%2Fwp%2Fv2%2Fetheme_brands&post=2188"},{"taxonomy":"product_brand","embeddable":true,"href":"https:\/\/iguazu.enexti.dev\/index.php?rest_route=%2Fwp%2Fv2%2Fproduct_brand&post=2188"},{"taxonomy":"product_cat","embeddable":true,"href":"https:\/\/iguazu.enexti.dev\/index.php?rest_route=%2Fwp%2Fv2%2Fproduct_cat&post=2188"},{"taxonomy":"product_tag","embeddable":true,"href":"https:\/\/iguazu.enexti.dev\/index.php?rest_route=%2Fwp%2Fv2%2Fproduct_tag&post=2188"}],"curies":[{"name":"wp","href":"https:\/\/api.w.org\/{rel}","templated":true}]}}