{"id":2208,"date":"2021-07-08T11:45:04","date_gmt":"2021-07-08T11:45:04","guid":{"rendered":"http:\/\/instalacionesiguazu.com.ar\/?post_type=product&#038;p=2208"},"modified":"2025-07-23T18:47:46","modified_gmt":"2025-07-23T18:47:46","slug":"exhibidor-vertical-briket-3200","status":"publish","type":"product","link":"https:\/\/iguazu.enexti.dev\/?product=exhibidor-vertical-briket-3200","title":{"rendered":"Exhibidor Vertical Briket 3200"},"content":{"rendered":"<p>Heladera Exhibidora Briket Modelo Master 3200 Vertical 315 Lts.<\/p>\n<p>CARACTER\u00cdSTICAS<br \/>\n&#8211; Marca: Briket<br \/>\n&#8211; Modelo: Master 3200<br \/>\n&#8211; Volumen 315 LT<br \/>\n&#8211; R\u00e9gimen de temperatura +1\u00ba C &#8211; +7\u00ba C<br \/>\n&#8211; Control de temperatura por perilla<br \/>\n&#8211; Luces LED<br \/>\n&#8211; Moto compresor Embraco EGAF80HLR 220v &#8211; 50hz<br \/>\n&#8211; Peso 74,4 kg<\/p>\n<p>MEDIDAS EXTERNAS<br \/>\n&#8211; Ancho 55 cm<br \/>\n&#8211; Profundidad 66 cm<br \/>\n&#8211; Alto 170 cm<\/p>\n<p>MEDIDAS INTERNAS<br \/>\n&#8211; Ancho: 45,5 cm<br \/>\n&#8211; Alto: 128 cm<br \/>\n&#8211; Profundo: 42 cm<\/p>\n<p>Garant\u00eda: 1 a\u00f1o oficial de f\u00e1brica.<\/p>\n<p>Industria Argentina<\/p>\n","protected":false},"excerpt":{"rendered":"<p>Heladera Exhibidora Briket Modelo Master 3200 Vertical 315 Lts. CARACTER\u00cdSTICAS &#8211; Marca: Briket &#8211; Modelo: Master 3200 &#8211; Volumen 315 LT &#8211; R\u00e9gimen de temperatura&#8230;<\/p>\n","protected":false},"featured_media":2209,"template":"","meta":{"_acf_changed":false},"etheme_brands":[],"product_brand":[],"product_cat":[125,25],"product_tag":[],"class_list":{"0":"post-2208","1":"product","2":"type-product","3":"status-publish","4":"has-post-thumbnail","6":"product_cat-exhibidores-vertical","7":"product_cat-linea-frio","9":"first","10":"outofstock","11":"shipping-taxable","12":"purchasable","13":"product-type-simple"},"acf":[],"_links":{"self":[{"href":"https:\/\/iguazu.enexti.dev\/index.php?rest_route=\/wp\/v2\/product\/2208","targetHints":{"allow":["GET"]}}],"collection":[{"href":"https:\/\/iguazu.enexti.dev\/index.php?rest_route=\/wp\/v2\/product"}],"about":[{"href":"https:\/\/iguazu.enexti.dev\/index.php?rest_route=\/wp\/v2\/types\/product"}],"version-history":[{"count":0,"href":"https:\/\/iguazu.enexti.dev\/index.php?rest_route=\/wp\/v2\/product\/2208\/revisions"}],"wp:featuredmedia":[{"embeddable":true,"href":"https:\/\/iguazu.enexti.dev\/index.php?rest_route=\/wp\/v2\/media\/2209"}],"wp:attachment":[{"href":"https:\/\/iguazu.enexti.dev\/index.php?rest_route=%2Fwp%2Fv2%2Fmedia&parent=2208"}],"wp:term":[{"taxonomy":"brand","embeddable":true,"href":"https:\/\/iguazu.enexti.dev\/index.php?rest_route=%2Fwp%2Fv2%2Fetheme_brands&post=2208"},{"taxonomy":"product_brand","embeddable":true,"href":"https:\/\/iguazu.enexti.dev\/index.php?rest_route=%2Fwp%2Fv2%2Fproduct_brand&post=2208"},{"taxonomy":"product_cat","embeddable":true,"href":"https:\/\/iguazu.enexti.dev\/index.php?rest_route=%2Fwp%2Fv2%2Fproduct_cat&post=2208"},{"taxonomy":"product_tag","embeddable":true,"href":"https:\/\/iguazu.enexti.dev\/index.php?rest_route=%2Fwp%2Fv2%2Fproduct_tag&post=2208"}],"curies":[{"name":"wp","href":"https:\/\/api.w.org\/{rel}","templated":true}]}}