{"id":2242,"date":"2021-07-27T19:36:28","date_gmt":"2021-07-27T19:36:28","guid":{"rendered":"http:\/\/instalacionesiguazu.com.ar\/?post_type=product&#038;p=2242"},"modified":"2025-06-02T14:14:08","modified_gmt":"2025-06-02T14:14:08","slug":"salamandra-tromen-pehuen-p20000","status":"publish","type":"product","link":"https:\/\/iguazu.enexti.dev\/?product=salamandra-tromen-pehuen-p20000","title":{"rendered":"Salamandra TROMEN  Pehu\u00e9n P20000"},"content":{"rendered":"<p>Salamandra Pehu\u00e9n 20000<\/p>\n<p>Caj\u00f3n para dep\u00f3sito de cenizas externo, no directo y derivador posterior<\/p>\n<p>Marca: Tromen<br \/>\nL\u00ednea: Pehu\u00e9n<br \/>\nModelo: P-20000<br \/>\nPotencia: 20.000 kcal\/h<br \/>\nAlimentaci\u00f3n: A le\u00f1a<br \/>\nLe\u00f1os: 53 cm.<br \/>\nAmbiente: a climatizar: 80 a 160 m\u00b2<br \/>\nSalida de humo: 6&#8243;<br \/>\nAccesorios: Caj\u00f3n cenicero<\/p>\n<p>MEDIDAS<br \/>\nAlto: 77 cm.<br \/>\nAncho: 69,7 cm.<br \/>\nProfundidad: 56,7 cm.<br \/>\nPeso: 104 kg.<\/p>\n","protected":false},"excerpt":{"rendered":"<p>Salamandra Pehu\u00e9n 20000 Caj\u00f3n para dep\u00f3sito de cenizas externo, no directo y derivador posterior Marca: Tromen L\u00ednea: Pehu\u00e9n Modelo: P-20000 Potencia: 20.000 kcal\/h Alimentaci\u00f3n: A&#8230;<\/p>\n","protected":false},"featured_media":3297,"template":"","meta":{"_acf_changed":false},"etheme_brands":[],"product_brand":[],"product_cat":[107,108],"product_tag":[],"class_list":{"0":"post-2242","1":"product","2":"type-product","3":"status-publish","4":"has-post-thumbnail","6":"product_cat-calefaccion-y-salamandras","7":"product_cat-salamandra-calefaccion-y-salamandras","9":"first","10":"outofstock","11":"shipping-taxable","12":"purchasable","13":"product-type-simple"},"acf":[],"_links":{"self":[{"href":"https:\/\/iguazu.enexti.dev\/index.php?rest_route=\/wp\/v2\/product\/2242","targetHints":{"allow":["GET"]}}],"collection":[{"href":"https:\/\/iguazu.enexti.dev\/index.php?rest_route=\/wp\/v2\/product"}],"about":[{"href":"https:\/\/iguazu.enexti.dev\/index.php?rest_route=\/wp\/v2\/types\/product"}],"version-history":[{"count":0,"href":"https:\/\/iguazu.enexti.dev\/index.php?rest_route=\/wp\/v2\/product\/2242\/revisions"}],"wp:featuredmedia":[{"embeddable":true,"href":"https:\/\/iguazu.enexti.dev\/index.php?rest_route=\/wp\/v2\/media\/3297"}],"wp:attachment":[{"href":"https:\/\/iguazu.enexti.dev\/index.php?rest_route=%2Fwp%2Fv2%2Fmedia&parent=2242"}],"wp:term":[{"taxonomy":"brand","embeddable":true,"href":"https:\/\/iguazu.enexti.dev\/index.php?rest_route=%2Fwp%2Fv2%2Fetheme_brands&post=2242"},{"taxonomy":"product_brand","embeddable":true,"href":"https:\/\/iguazu.enexti.dev\/index.php?rest_route=%2Fwp%2Fv2%2Fproduct_brand&post=2242"},{"taxonomy":"product_cat","embeddable":true,"href":"https:\/\/iguazu.enexti.dev\/index.php?rest_route=%2Fwp%2Fv2%2Fproduct_cat&post=2242"},{"taxonomy":"product_tag","embeddable":true,"href":"https:\/\/iguazu.enexti.dev\/index.php?rest_route=%2Fwp%2Fv2%2Fproduct_tag&post=2242"}],"curies":[{"name":"wp","href":"https:\/\/api.w.org\/{rel}","templated":true}]}}