{"id":2248,"date":"2021-07-27T19:59:49","date_gmt":"2021-07-27T19:59:49","guid":{"rendered":"http:\/\/instalacionesiguazu.com.ar\/?post_type=product&#038;p=2248"},"modified":"2021-10-23T12:14:11","modified_gmt":"2021-10-23T12:14:11","slug":"2248","status":"publish","type":"product","link":"https:\/\/iguazu.enexti.dev\/?product=2248","title":{"rendered":"Parrilla a Gas Angus Chica TROMEN"},"content":{"rendered":"<p>Parrilla a Gas Tromen Angus Con Base Chica Rex<\/p>\n<p>Un producto vers\u00e1til con un dise\u00f1o completamente nuevo para la categor\u00eda.<\/p>\n<p>Caracter\u00edsticas:<\/p>\n<p>Tapa curva con manija fr\u00eda .<br \/>\nProtecci\u00f3n interior en acero inoxidable.<br \/>\nCuerpo pintado con frentin de acero inoxidable.<br \/>\nPlaca control en acero inoxidable.<\/p>\n<p>Medidas:<br \/>\nAncho: 61 cm<br \/>\nAlto: 115 cm<br \/>\nProfundidad: 57 cm<\/p>\n<p>Opcional con base<\/p>\n<p>Medidas Base:<br \/>\nAlto: 80cm<br \/>\nAncho 64cm<br \/>\nProfundidad: 56cm<\/p>\n","protected":false},"excerpt":{"rendered":"<p>Parrilla a Gas Tromen Angus Con Base Chica Rex Un producto vers\u00e1til con un dise\u00f1o completamente nuevo para la categor\u00eda. Caracter\u00edsticas: Tapa curva con manija&#8230;<\/p>\n","protected":false},"featured_media":2249,"template":"","meta":{"_acf_changed":false},"etheme_brands":[],"product_brand":[],"product_cat":[87,37],"product_tag":[],"class_list":{"0":"post-2248","1":"product","2":"type-product","3":"status-publish","4":"has-post-thumbnail","6":"product_cat-parrillas","7":"product_cat-linea-calor","9":"first","10":"outofstock","11":"shipping-taxable","12":"purchasable","13":"product-type-simple"},"acf":[],"_links":{"self":[{"href":"https:\/\/iguazu.enexti.dev\/index.php?rest_route=\/wp\/v2\/product\/2248","targetHints":{"allow":["GET"]}}],"collection":[{"href":"https:\/\/iguazu.enexti.dev\/index.php?rest_route=\/wp\/v2\/product"}],"about":[{"href":"https:\/\/iguazu.enexti.dev\/index.php?rest_route=\/wp\/v2\/types\/product"}],"version-history":[{"count":1,"href":"https:\/\/iguazu.enexti.dev\/index.php?rest_route=\/wp\/v2\/product\/2248\/revisions"}],"predecessor-version":[{"id":2251,"href":"https:\/\/iguazu.enexti.dev\/index.php?rest_route=\/wp\/v2\/product\/2248\/revisions\/2251"}],"wp:featuredmedia":[{"embeddable":true,"href":"https:\/\/iguazu.enexti.dev\/index.php?rest_route=\/wp\/v2\/media\/2249"}],"wp:attachment":[{"href":"https:\/\/iguazu.enexti.dev\/index.php?rest_route=%2Fwp%2Fv2%2Fmedia&parent=2248"}],"wp:term":[{"taxonomy":"brand","embeddable":true,"href":"https:\/\/iguazu.enexti.dev\/index.php?rest_route=%2Fwp%2Fv2%2Fetheme_brands&post=2248"},{"taxonomy":"product_brand","embeddable":true,"href":"https:\/\/iguazu.enexti.dev\/index.php?rest_route=%2Fwp%2Fv2%2Fproduct_brand&post=2248"},{"taxonomy":"product_cat","embeddable":true,"href":"https:\/\/iguazu.enexti.dev\/index.php?rest_route=%2Fwp%2Fv2%2Fproduct_cat&post=2248"},{"taxonomy":"product_tag","embeddable":true,"href":"https:\/\/iguazu.enexti.dev\/index.php?rest_route=%2Fwp%2Fv2%2Fproduct_tag&post=2248"}],"curies":[{"name":"wp","href":"https:\/\/api.w.org\/{rel}","templated":true}]}}