{"id":2253,"date":"2021-07-28T12:13:14","date_gmt":"2021-07-28T12:13:14","guid":{"rendered":"http:\/\/instalacionesiguazu.com.ar\/?post_type=product&#038;p=2253"},"modified":"2022-12-23T11:30:06","modified_gmt":"2022-12-23T11:30:06","slug":"parrilla-electrica-angus-e480-tromen","status":"publish","type":"product","link":"https:\/\/iguazu.enexti.dev\/?product=parrilla-electrica-angus-e480-tromen","title":{"rendered":"Parrilla El\u00e9ctrica Angus E480 TROMEN"},"content":{"rendered":"<h2 class=\"ui-pdp-description__title\">Descripci\u00f3n<\/h2>\n<p class=\"ui-pdp-description__content\">Descubr\u00ed un mundo de nuevos sabores sin necesidad de encender fuego, ni ensuciarte con carb\u00f3n. Esta parrilla el\u00e9ctrica Tromen E480 es ideal para que disfrutes de deliciosas preparaciones asadas en cualquier lugar de forma pr\u00e1ctica y sencilla.<\/p>\n<p>Conserv\u00e1 el sabor<br \/>\nSu dise\u00f1o con tapa te permitir\u00e1 conservar de una manera \u00f3ptima el calor durante la cocci\u00f3n de tus alimentos para que obtengas carnes y vegetales tiernos y deliciosos. A su vez, reducir\u00e1 la emisi\u00f3n de humo al ambiente y el olor intenso a comida, haciendo que tu momento de cocina sea m\u00e1s placentero y agradable.<\/p>\n<p>F\u00e1cil de limpiar<br \/>\nSu dep\u00f3sito de grasa te resultar\u00e1 muy \u00fatil para retirar y limpiar cada vez que termines de usar tu parrilla. En pocos minutos y sin esfuerzo quedar\u00e1 en perfectas condiciones para su pr\u00f3ximo uso.<\/p>\n<p>OPCIONAL CON BASE.<\/p>\n","protected":false},"excerpt":{"rendered":"<p>Descripci\u00f3n Descubr\u00ed un mundo de nuevos sabores sin necesidad de encender fuego, ni ensuciarte con carb\u00f3n. Esta parrilla el\u00e9ctrica Tromen E480 es ideal para que&#8230;<\/p>\n","protected":false},"featured_media":2254,"template":"","meta":{"_acf_changed":false},"etheme_brands":[],"product_brand":[],"product_cat":[87,37],"product_tag":[],"class_list":{"0":"post-2253","1":"product","2":"type-product","3":"status-publish","4":"has-post-thumbnail","6":"product_cat-parrillas","7":"product_cat-linea-calor","9":"first","10":"outofstock","11":"shipping-taxable","12":"purchasable","13":"product-type-simple"},"acf":[],"_links":{"self":[{"href":"https:\/\/iguazu.enexti.dev\/index.php?rest_route=\/wp\/v2\/product\/2253","targetHints":{"allow":["GET"]}}],"collection":[{"href":"https:\/\/iguazu.enexti.dev\/index.php?rest_route=\/wp\/v2\/product"}],"about":[{"href":"https:\/\/iguazu.enexti.dev\/index.php?rest_route=\/wp\/v2\/types\/product"}],"version-history":[{"count":0,"href":"https:\/\/iguazu.enexti.dev\/index.php?rest_route=\/wp\/v2\/product\/2253\/revisions"}],"wp:featuredmedia":[{"embeddable":true,"href":"https:\/\/iguazu.enexti.dev\/index.php?rest_route=\/wp\/v2\/media\/2254"}],"wp:attachment":[{"href":"https:\/\/iguazu.enexti.dev\/index.php?rest_route=%2Fwp%2Fv2%2Fmedia&parent=2253"}],"wp:term":[{"taxonomy":"brand","embeddable":true,"href":"https:\/\/iguazu.enexti.dev\/index.php?rest_route=%2Fwp%2Fv2%2Fetheme_brands&post=2253"},{"taxonomy":"product_brand","embeddable":true,"href":"https:\/\/iguazu.enexti.dev\/index.php?rest_route=%2Fwp%2Fv2%2Fproduct_brand&post=2253"},{"taxonomy":"product_cat","embeddable":true,"href":"https:\/\/iguazu.enexti.dev\/index.php?rest_route=%2Fwp%2Fv2%2Fproduct_cat&post=2253"},{"taxonomy":"product_tag","embeddable":true,"href":"https:\/\/iguazu.enexti.dev\/index.php?rest_route=%2Fwp%2Fv2%2Fproduct_tag&post=2253"}],"curies":[{"name":"wp","href":"https:\/\/api.w.org\/{rel}","templated":true}]}}