{"id":2260,"date":"2021-07-30T15:59:25","date_gmt":"2021-07-30T15:59:25","guid":{"rendered":"http:\/\/instalacionesiguazu.com.ar\/?post_type=product&#038;p=2260"},"modified":"2026-04-03T17:00:02","modified_gmt":"2026-04-03T17:00:02","slug":"cocina-con-freidora-plancha-y-carlitero","status":"publish","type":"product","link":"https:\/\/iguazu.enexti.dev\/?product=cocina-con-freidora-plancha-y-carlitero","title":{"rendered":"Cocina con Freidora, Plancha y Carlitero"},"content":{"rendered":"<p>CARACTER\u00cdSTICAS DEL PRODUCTO:<br \/>\nExterior de acero inoxidable esmerilado<br \/>\nInterior en chapa enlozada<br \/>\nBandejas antiderrame de acero inoxidable brillante<br \/>\nRejillas de fundici\u00f3n de hierro<br \/>\nQuemadores de fundici\u00f3n de aluminio con tapa enlozada<br \/>\nAislado con lana de vidrio<br \/>\nEstructura en hierro \u00e1ngulo en piso, puerta y marco<br \/>\nMarco superior en hierro angulo 1\/4<br \/>\nParrilla con desgrase incluido totalmente enlozado<br \/>\nPiso de ladrillos refractarios<br \/>\nPir\u00f3metro altamente sensible montado sobre puerta y conectado con el sector interno de la c\u00e1mara de cocci\u00f3n<br \/>\nRobinetes industriales de bronce<br \/>\nPerillas de baquelita t\u00e9rmica<br \/>\nPuerta con mango de madera montado sobre soportes de aluminio<br \/>\nBisagras de puerta reforzadas<br \/>\nQuemador del horno de ca\u00f1o redondo 7\/8x 1,2mm. de espesor<br \/>\nCarlitero-tostador<br \/>\nFreidora con capacidad 8Lts.<br \/>\nApto para gas natural o envasado<br \/>\nIncluye pinza carlitera<br \/>\nIncluye canasto<br \/>\nIncluye dos parrillas<br \/>\nV\u00e1lvula de seguridad en horno, freidora y parrilla<\/p>\n<p>DATOS T\u00c9CNICOS:<br \/>\nEntrada de gas convencional de 1\/2 pulgada<br \/>\nPotencia calor\u00edas: 22550<br \/>\nMEDIDAS EXTERIORES: ANCHO: 116cm. ALTURA: 87cm. PROFUNDIDAD: 62cm.<br \/>\nMEDIDAS INTERIORES: ANCHO: 75cm. ALTURA: 31cm. PROFUNDIDAD: 53cm.<br \/>\nMEDIDA PLANCHA BIFERA: LARGO: 58cm. ANCHO: 30cm.<\/p>\n","protected":false},"excerpt":{"rendered":"<p>CARACTER\u00cdSTICAS DEL PRODUCTO: Exterior de acero inoxidable esmerilado Interior en chapa enlozada Bandejas antiderrame de acero inoxidable brillante Rejillas de fundici\u00f3n de hierro Quemadores de&#8230;<\/p>\n","protected":false},"featured_media":2261,"template":"","meta":{"_acf_changed":false},"etheme_brands":[],"product_brand":[],"product_cat":[37,38],"product_tag":[],"class_list":{"0":"post-2260","1":"product","2":"type-product","3":"status-publish","4":"has-post-thumbnail","6":"product_cat-linea-calor","7":"product_cat-cocinas-industriales","9":"first","10":"instock","11":"shipping-taxable","12":"purchasable","13":"product-type-simple"},"acf":[],"_links":{"self":[{"href":"https:\/\/iguazu.enexti.dev\/index.php?rest_route=\/wp\/v2\/product\/2260","targetHints":{"allow":["GET"]}}],"collection":[{"href":"https:\/\/iguazu.enexti.dev\/index.php?rest_route=\/wp\/v2\/product"}],"about":[{"href":"https:\/\/iguazu.enexti.dev\/index.php?rest_route=\/wp\/v2\/types\/product"}],"version-history":[{"count":0,"href":"https:\/\/iguazu.enexti.dev\/index.php?rest_route=\/wp\/v2\/product\/2260\/revisions"}],"wp:featuredmedia":[{"embeddable":true,"href":"https:\/\/iguazu.enexti.dev\/index.php?rest_route=\/wp\/v2\/media\/2261"}],"wp:attachment":[{"href":"https:\/\/iguazu.enexti.dev\/index.php?rest_route=%2Fwp%2Fv2%2Fmedia&parent=2260"}],"wp:term":[{"taxonomy":"brand","embeddable":true,"href":"https:\/\/iguazu.enexti.dev\/index.php?rest_route=%2Fwp%2Fv2%2Fetheme_brands&post=2260"},{"taxonomy":"product_brand","embeddable":true,"href":"https:\/\/iguazu.enexti.dev\/index.php?rest_route=%2Fwp%2Fv2%2Fproduct_brand&post=2260"},{"taxonomy":"product_cat","embeddable":true,"href":"https:\/\/iguazu.enexti.dev\/index.php?rest_route=%2Fwp%2Fv2%2Fproduct_cat&post=2260"},{"taxonomy":"product_tag","embeddable":true,"href":"https:\/\/iguazu.enexti.dev\/index.php?rest_route=%2Fwp%2Fv2%2Fproduct_tag&post=2260"}],"curies":[{"name":"wp","href":"https:\/\/api.w.org\/{rel}","templated":true}]}}