{"id":2333,"date":"2021-10-15T15:25:53","date_gmt":"2021-10-15T15:25:53","guid":{"rendered":"http:\/\/instalacionesiguazu.com.ar\/?post_type=product&#038;p=2333"},"modified":"2026-04-03T17:00:01","modified_gmt":"2026-04-03T17:00:01","slug":"freezer-horizontal-teora-fh-800","status":"publish","type":"product","link":"https:\/\/iguazu.enexti.dev\/?product=freezer-horizontal-teora-fh-800","title":{"rendered":"Freezer Horizontal TEORA FH 800"},"content":{"rendered":"<p>Exterior: Chapa electrocincada prepintada<\/p>\n<p>Interior: Chapa electrocincada prepintada<\/p>\n<p>Refrigerante: R-134 A ecol\u00f3gico<\/p>\n<p>Aislaci\u00f3n: Poliuretano inyectado ecol\u00f3gico 35Kg.\/M3.<\/p>\n<p>Tensi\u00f3n y Frecuencia: 220V. \u2013 50 Hz.<\/p>\n<p>Rango de temperatura: -18\u00ba Freezer + 5\u00baC enfriador de botellas.<\/p>\n<p>Puerta: aislaci\u00f3n de poliuretano, burletes PVC resistentes a UV y bisagras con amortiguadores a resorte<\/p>\n<p>Motocompresor: Equipo de alta eficiencia energ\u00e9tica.<\/p>\n<p>Peso: 99 Kg.<\/p>\n","protected":false},"excerpt":{"rendered":"<p>Exterior: Chapa electrocincada prepintada Interior: Chapa electrocincada prepintada Refrigerante: R-134 A ecol\u00f3gico Aislaci\u00f3n: Poliuretano inyectado ecol\u00f3gico 35Kg.\/M3. Tensi\u00f3n y Frecuencia: 220V. \u2013 50 Hz. Rango&#8230;<\/p>\n","protected":false},"featured_media":2334,"template":"","meta":{"_acf_changed":false},"etheme_brands":[],"product_brand":[],"product_cat":[124,25],"product_tag":[],"class_list":{"0":"post-2333","1":"product","2":"type-product","3":"status-publish","4":"has-post-thumbnail","6":"product_cat-pozo","7":"product_cat-linea-frio","9":"first","10":"instock","11":"shipping-taxable","12":"purchasable","13":"product-type-simple"},"acf":[],"_links":{"self":[{"href":"https:\/\/iguazu.enexti.dev\/index.php?rest_route=\/wp\/v2\/product\/2333","targetHints":{"allow":["GET"]}}],"collection":[{"href":"https:\/\/iguazu.enexti.dev\/index.php?rest_route=\/wp\/v2\/product"}],"about":[{"href":"https:\/\/iguazu.enexti.dev\/index.php?rest_route=\/wp\/v2\/types\/product"}],"version-history":[{"count":0,"href":"https:\/\/iguazu.enexti.dev\/index.php?rest_route=\/wp\/v2\/product\/2333\/revisions"}],"wp:featuredmedia":[{"embeddable":true,"href":"https:\/\/iguazu.enexti.dev\/index.php?rest_route=\/wp\/v2\/media\/2334"}],"wp:attachment":[{"href":"https:\/\/iguazu.enexti.dev\/index.php?rest_route=%2Fwp%2Fv2%2Fmedia&parent=2333"}],"wp:term":[{"taxonomy":"brand","embeddable":true,"href":"https:\/\/iguazu.enexti.dev\/index.php?rest_route=%2Fwp%2Fv2%2Fetheme_brands&post=2333"},{"taxonomy":"product_brand","embeddable":true,"href":"https:\/\/iguazu.enexti.dev\/index.php?rest_route=%2Fwp%2Fv2%2Fproduct_brand&post=2333"},{"taxonomy":"product_cat","embeddable":true,"href":"https:\/\/iguazu.enexti.dev\/index.php?rest_route=%2Fwp%2Fv2%2Fproduct_cat&post=2333"},{"taxonomy":"product_tag","embeddable":true,"href":"https:\/\/iguazu.enexti.dev\/index.php?rest_route=%2Fwp%2Fv2%2Fproduct_tag&post=2333"}],"curies":[{"name":"wp","href":"https:\/\/api.w.org\/{rel}","templated":true}]}}