{"id":2343,"date":"2021-10-19T14:18:27","date_gmt":"2021-10-19T14:18:27","guid":{"rendered":"http:\/\/instalacionesiguazu.com.ar\/?post_type=product&#038;p=2343"},"modified":"2026-04-03T17:00:01","modified_gmt":"2026-04-03T17:00:01","slug":"horno-pastelero-18-moldes-morelli","status":"publish","type":"product","link":"https:\/\/iguazu.enexti.dev\/?product=horno-pastelero-18-moldes-morelli","title":{"rendered":"Horno Pastelero 18 moldes Morelli"},"content":{"rendered":"<p>Los Hornos Pasteleros H12 y H18 son herramientas de alto rendimiento que funcionan perfectamente en grandes producciones y altas exigencias. Esto se debe a que cuentan con un sistema de calor envolvente, que sumado a la circulaci\u00f3n de aire interno logra una cocci\u00f3n totalmente pareja. A su vez, se presenta la versi\u00f3n del Horno Pastelero H6, especialmente dise\u00f1ado para ser utilizado en peque\u00f1os negocios gastron\u00f3micos, pero tambi\u00e9n fue pensado para que sea f\u00e1cilmente adaptable a quinchos y parrilleros.<\/p>\n","protected":false},"excerpt":{"rendered":"<p>Los Hornos Pasteleros H12 y H18 son herramientas de alto rendimiento que funcionan perfectamente en grandes producciones y altas exigencias. Esto se debe a que&#8230;<\/p>\n","protected":false},"featured_media":2345,"template":"","meta":{"_acf_changed":false},"etheme_brands":[],"product_brand":[],"product_cat":[37,44],"product_tag":[],"class_list":{"0":"post-2343","1":"product","2":"type-product","3":"status-publish","4":"has-post-thumbnail","6":"product_cat-linea-calor","7":"product_cat-hornos","9":"first","10":"instock","11":"shipping-taxable","12":"purchasable","13":"product-type-simple"},"acf":[],"_links":{"self":[{"href":"https:\/\/iguazu.enexti.dev\/index.php?rest_route=\/wp\/v2\/product\/2343","targetHints":{"allow":["GET"]}}],"collection":[{"href":"https:\/\/iguazu.enexti.dev\/index.php?rest_route=\/wp\/v2\/product"}],"about":[{"href":"https:\/\/iguazu.enexti.dev\/index.php?rest_route=\/wp\/v2\/types\/product"}],"version-history":[{"count":0,"href":"https:\/\/iguazu.enexti.dev\/index.php?rest_route=\/wp\/v2\/product\/2343\/revisions"}],"wp:featuredmedia":[{"embeddable":true,"href":"https:\/\/iguazu.enexti.dev\/index.php?rest_route=\/wp\/v2\/media\/2345"}],"wp:attachment":[{"href":"https:\/\/iguazu.enexti.dev\/index.php?rest_route=%2Fwp%2Fv2%2Fmedia&parent=2343"}],"wp:term":[{"taxonomy":"brand","embeddable":true,"href":"https:\/\/iguazu.enexti.dev\/index.php?rest_route=%2Fwp%2Fv2%2Fetheme_brands&post=2343"},{"taxonomy":"product_brand","embeddable":true,"href":"https:\/\/iguazu.enexti.dev\/index.php?rest_route=%2Fwp%2Fv2%2Fproduct_brand&post=2343"},{"taxonomy":"product_cat","embeddable":true,"href":"https:\/\/iguazu.enexti.dev\/index.php?rest_route=%2Fwp%2Fv2%2Fproduct_cat&post=2343"},{"taxonomy":"product_tag","embeddable":true,"href":"https:\/\/iguazu.enexti.dev\/index.php?rest_route=%2Fwp%2Fv2%2Fproduct_tag&post=2343"}],"curies":[{"name":"wp","href":"https:\/\/api.w.org\/{rel}","templated":true}]}}