{"id":2351,"date":"2021-10-20T20:03:20","date_gmt":"2021-10-20T20:03:20","guid":{"rendered":"http:\/\/instalacionesiguazu.com.ar\/?post_type=product&#038;p=2351"},"modified":"2026-04-03T17:00:01","modified_gmt":"2026-04-03T17:00:01","slug":"cortadora-de-fiambre-systel-classic-330-mm","status":"publish","type":"product","link":"https:\/\/iguazu.enexti.dev\/?product=cortadora-de-fiambre-systel-classic-330-mm","title":{"rendered":"Cortadora de fiambre Systel Classic 330 mm."},"content":{"rendered":"<p>CARACTERISTICAS<br \/>\nSistema de transmisi\u00f3n de correa Poly-V. No requiere ajuste de tensi\u00f3n<br \/>\nMayor robustez del equipo lograda por la incorporaci\u00f3n del nuevo regulador<br \/>\nSistema \u00fanico de deslizamiento del prensador y del carro por bujes de bolilla recirculante, para un menor esfuerzo.<br \/>\nCumple con la Seguridad de Equipamiento El\u00e9ctrico.<br \/>\nProtecci\u00f3n recuperable para evitar rotura del motor.<br \/>\nSistema de refrigeraci\u00f3n por aire forzado, para evitar recalentamiento del motor<br \/>\nDi\u00e1metro de cuchilla 330 mm<br \/>\nEspesor de corte 0 a 15 mm<br \/>\nAncho m\u00e1ximo de corte 250 mm<br \/>\nDimensiones generales 620 x 415 x 485 mm<br \/>\nPeso 28.5 kg<\/p>\n<p>CARACTERISTICAS ELECTRICAS<br \/>\nVoltaje 220 VCA \u2013 50 Hz<br \/>\nMotor 0,4 CV<br \/>\nRango de alimentaci\u00f3n 187 a 242 V<br \/>\nRango de t\u00ba de operaci\u00f3n +10\u00baC a +40\u00baC<\/p>\n","protected":false},"excerpt":{"rendered":"<p>CARACTERISTICAS Sistema de transmisi\u00f3n de correa Poly-V. No requiere ajuste de tensi\u00f3n Mayor robustez del equipo lograda por la incorporaci\u00f3n del nuevo regulador Sistema \u00fanico&#8230;<\/p>\n","protected":false},"featured_media":2352,"template":"","meta":{"_acf_changed":false},"etheme_brands":[],"product_brand":[],"product_cat":[49,51],"product_tag":[],"class_list":{"0":"post-2351","1":"product","2":"type-product","3":"status-publish","4":"has-post-thumbnail","6":"product_cat-equipamiento-y-maquinaria","7":"product_cat-cortadoras-de-fiambre","9":"first","10":"instock","11":"shipping-taxable","12":"purchasable","13":"product-type-simple"},"acf":[],"_links":{"self":[{"href":"https:\/\/iguazu.enexti.dev\/index.php?rest_route=\/wp\/v2\/product\/2351","targetHints":{"allow":["GET"]}}],"collection":[{"href":"https:\/\/iguazu.enexti.dev\/index.php?rest_route=\/wp\/v2\/product"}],"about":[{"href":"https:\/\/iguazu.enexti.dev\/index.php?rest_route=\/wp\/v2\/types\/product"}],"version-history":[{"count":0,"href":"https:\/\/iguazu.enexti.dev\/index.php?rest_route=\/wp\/v2\/product\/2351\/revisions"}],"wp:featuredmedia":[{"embeddable":true,"href":"https:\/\/iguazu.enexti.dev\/index.php?rest_route=\/wp\/v2\/media\/2352"}],"wp:attachment":[{"href":"https:\/\/iguazu.enexti.dev\/index.php?rest_route=%2Fwp%2Fv2%2Fmedia&parent=2351"}],"wp:term":[{"taxonomy":"brand","embeddable":true,"href":"https:\/\/iguazu.enexti.dev\/index.php?rest_route=%2Fwp%2Fv2%2Fetheme_brands&post=2351"},{"taxonomy":"product_brand","embeddable":true,"href":"https:\/\/iguazu.enexti.dev\/index.php?rest_route=%2Fwp%2Fv2%2Fproduct_brand&post=2351"},{"taxonomy":"product_cat","embeddable":true,"href":"https:\/\/iguazu.enexti.dev\/index.php?rest_route=%2Fwp%2Fv2%2Fproduct_cat&post=2351"},{"taxonomy":"product_tag","embeddable":true,"href":"https:\/\/iguazu.enexti.dev\/index.php?rest_route=%2Fwp%2Fv2%2Fproduct_tag&post=2351"}],"curies":[{"name":"wp","href":"https:\/\/api.w.org\/{rel}","templated":true}]}}