{"id":238,"date":"2018-05-23T13:48:16","date_gmt":"2018-05-23T13:48:16","guid":{"rendered":"http:\/\/iguazutest.com.ar.toro.avnam.net\/?post_type=product&#038;p=238"},"modified":"2026-04-03T17:00:32","modified_gmt":"2026-04-03T17:00:32","slug":"campana-tst-eclipse-60-cm","status":"publish","type":"product","link":"https:\/\/iguazu.enexti.dev\/?product=campana-tst-eclipse-60-cm","title":{"rendered":"Campana TST Lanin 60 cm."},"content":{"rendered":"<div>-Motor interno 6\u201d de alto rendimiento y bajo nivel sonoro.<br \/>\n-3 velocidades.<br \/>\n-Iluminaci\u00f3n: 1 x 25W.<br \/>\n-Acabado: acero inoxidable esmerilado.<br \/>\n-Cubre ca\u00f1o extensible.<br \/>\n-Filtro met\u00e1lico lavable.<br \/>\n-Extracci\u00f3n: 800 m3\/h. con salida libre.<br \/>\n-Medidas: 600 mm.<\/div>\n<div><\/div>\n<div><\/div>\n","protected":false},"excerpt":{"rendered":"<p>-Motor interno 6\u201d de alto rendimiento y bajo nivel sonoro. -3 velocidades. -Iluminaci\u00f3n: 1 x 25W. -Acabado: acero inoxidable esmerilado. -Cubre ca\u00f1o extensible. -Filtro met\u00e1lico&#8230;<\/p>\n","protected":false},"featured_media":1192,"template":"","meta":{"_acf_changed":false},"etheme_brands":[],"product_brand":[],"product_cat":[37,39],"product_tag":[],"class_list":{"0":"post-238","1":"product","2":"type-product","3":"status-publish","4":"has-post-thumbnail","6":"product_cat-linea-calor","7":"product_cat-campanas","9":"first","10":"instock","11":"shipping-taxable","12":"purchasable","13":"product-type-simple"},"acf":[],"_links":{"self":[{"href":"https:\/\/iguazu.enexti.dev\/index.php?rest_route=\/wp\/v2\/product\/238","targetHints":{"allow":["GET"]}}],"collection":[{"href":"https:\/\/iguazu.enexti.dev\/index.php?rest_route=\/wp\/v2\/product"}],"about":[{"href":"https:\/\/iguazu.enexti.dev\/index.php?rest_route=\/wp\/v2\/types\/product"}],"version-history":[{"count":1,"href":"https:\/\/iguazu.enexti.dev\/index.php?rest_route=\/wp\/v2\/product\/238\/revisions"}],"predecessor-version":[{"id":668,"href":"https:\/\/iguazu.enexti.dev\/index.php?rest_route=\/wp\/v2\/product\/238\/revisions\/668"}],"wp:featuredmedia":[{"embeddable":true,"href":"https:\/\/iguazu.enexti.dev\/index.php?rest_route=\/wp\/v2\/media\/1192"}],"wp:attachment":[{"href":"https:\/\/iguazu.enexti.dev\/index.php?rest_route=%2Fwp%2Fv2%2Fmedia&parent=238"}],"wp:term":[{"taxonomy":"brand","embeddable":true,"href":"https:\/\/iguazu.enexti.dev\/index.php?rest_route=%2Fwp%2Fv2%2Fetheme_brands&post=238"},{"taxonomy":"product_brand","embeddable":true,"href":"https:\/\/iguazu.enexti.dev\/index.php?rest_route=%2Fwp%2Fv2%2Fproduct_brand&post=238"},{"taxonomy":"product_cat","embeddable":true,"href":"https:\/\/iguazu.enexti.dev\/index.php?rest_route=%2Fwp%2Fv2%2Fproduct_cat&post=238"},{"taxonomy":"product_tag","embeddable":true,"href":"https:\/\/iguazu.enexti.dev\/index.php?rest_route=%2Fwp%2Fv2%2Fproduct_tag&post=238"}],"curies":[{"name":"wp","href":"https:\/\/api.w.org\/{rel}","templated":true}]}}