{"id":2393,"date":"2021-12-03T17:36:37","date_gmt":"2021-12-03T17:36:37","guid":{"rendered":"http:\/\/instalacionesiguazu.com.ar\/?post_type=product&#038;p=2393"},"modified":"2025-07-23T18:47:44","modified_gmt":"2025-07-23T18:47:44","slug":"aire-acondicionado-hyundai-3-200w","status":"publish","type":"product","link":"https:\/\/iguazu.enexti.dev\/?product=aire-acondicionado-hyundai-3-200w","title":{"rendered":"Aire Acondicionado HYUNDAI 3.200W"},"content":{"rendered":"<p>Capacidad de refrigeraci\u00f3n: 3200 W<br \/>\nFrigor\u00edas: 2924 fg<br \/>\nLugares de colocaci\u00f3n: De pared<br \/>\nTipo de climatizaci\u00f3n: Fr\u00edo\/Calor<br \/>\nEficiencia energ\u00e9tica: A<br \/>\nEs inverter: S\u00ed<br \/>\nTipos de panel de control: Electr\u00f3nico<br \/>\nOrigen: Argentina<br \/>\nTipo de gas: R-410A<br \/>\nCon funci\u00f3n sue\u00f1o: S\u00ed<br \/>\nCon funci\u00f3n deshumidificaci\u00f3n: S\u00ed<br \/>\nCon temporizador: S\u00ed<br \/>\nIncluye control remoto: S\u00ed<\/p>\n","protected":false},"excerpt":{"rendered":"<p>Capacidad de refrigeraci\u00f3n: 3200 W Frigor\u00edas: 2924 fg Lugares de colocaci\u00f3n: De pared Tipo de climatizaci\u00f3n: Fr\u00edo\/Calor Eficiencia energ\u00e9tica: A Es inverter: S\u00ed Tipos de&#8230;<\/p>\n","protected":false},"featured_media":2394,"template":"","meta":{"_acf_changed":false},"etheme_brands":[],"product_brand":[],"product_cat":[25,29],"product_tag":[],"class_list":{"0":"post-2393","1":"product","2":"type-product","3":"status-publish","4":"has-post-thumbnail","6":"product_cat-linea-frio","7":"product_cat-aires-acondicionados","9":"first","10":"outofstock","11":"shipping-taxable","12":"purchasable","13":"product-type-simple"},"acf":[],"_links":{"self":[{"href":"https:\/\/iguazu.enexti.dev\/index.php?rest_route=\/wp\/v2\/product\/2393","targetHints":{"allow":["GET"]}}],"collection":[{"href":"https:\/\/iguazu.enexti.dev\/index.php?rest_route=\/wp\/v2\/product"}],"about":[{"href":"https:\/\/iguazu.enexti.dev\/index.php?rest_route=\/wp\/v2\/types\/product"}],"version-history":[{"count":1,"href":"https:\/\/iguazu.enexti.dev\/index.php?rest_route=\/wp\/v2\/product\/2393\/revisions"}],"predecessor-version":[{"id":4090,"href":"https:\/\/iguazu.enexti.dev\/index.php?rest_route=\/wp\/v2\/product\/2393\/revisions\/4090"}],"wp:featuredmedia":[{"embeddable":true,"href":"https:\/\/iguazu.enexti.dev\/index.php?rest_route=\/wp\/v2\/media\/2394"}],"wp:attachment":[{"href":"https:\/\/iguazu.enexti.dev\/index.php?rest_route=%2Fwp%2Fv2%2Fmedia&parent=2393"}],"wp:term":[{"taxonomy":"brand","embeddable":true,"href":"https:\/\/iguazu.enexti.dev\/index.php?rest_route=%2Fwp%2Fv2%2Fetheme_brands&post=2393"},{"taxonomy":"product_brand","embeddable":true,"href":"https:\/\/iguazu.enexti.dev\/index.php?rest_route=%2Fwp%2Fv2%2Fproduct_brand&post=2393"},{"taxonomy":"product_cat","embeddable":true,"href":"https:\/\/iguazu.enexti.dev\/index.php?rest_route=%2Fwp%2Fv2%2Fproduct_cat&post=2393"},{"taxonomy":"product_tag","embeddable":true,"href":"https:\/\/iguazu.enexti.dev\/index.php?rest_route=%2Fwp%2Fv2%2Fproduct_tag&post=2393"}],"curies":[{"name":"wp","href":"https:\/\/api.w.org\/{rel}","templated":true}]}}