{"id":2421,"date":"2021-12-06T12:36:14","date_gmt":"2021-12-06T12:36:14","guid":{"rendered":"http:\/\/instalacionesiguazu.com.ar\/?post_type=product&#038;p=2421"},"modified":"2026-04-03T17:00:00","modified_gmt":"2026-04-03T17:00:00","slug":"gaveta-3-compartimientos-pintada","status":"publish","type":"product","link":"https:\/\/iguazu.enexti.dev\/?product=gaveta-3-compartimientos-pintada","title":{"rendered":"Gaveta 3 compartimientos pintada"},"content":{"rendered":"<p>Encubiertas con pintura epoxi<\/p>\n<p>Frente de acero inoxidable<\/p>\n<p>Prensa billetes pl\u00e1sticos<\/p>\n<p>Compartimiento posterior de uso m\u00faltiple<\/p>\n<p>Aviso sonoro de apertura de caj\u00f3n<\/p>\n<p>Bot\u00f3n de apertura de acero inoxidable<\/p>\n<p>Juego de dos llaves<\/p>\n<p>Carro acondicionado por rodamiento de nylon.<\/p>\n<p>Frente: 27,5cm.<\/p>\n<p>Altura: 10,5cm.<\/p>\n<p>Profundidad: 38cm.<\/p>\n","protected":false},"excerpt":{"rendered":"<p>Encubiertas con pintura epoxi Frente de acero inoxidable Prensa billetes pl\u00e1sticos Compartimiento posterior de uso m\u00faltiple Aviso sonoro de apertura de caj\u00f3n Bot\u00f3n de apertura&#8230;<\/p>\n","protected":false},"featured_media":2422,"template":"","meta":{"_acf_changed":false},"etheme_brands":[],"product_brand":[],"product_cat":[88,70],"product_tag":[],"class_list":{"0":"post-2421","1":"product","2":"type-product","3":"status-publish","4":"has-post-thumbnail","6":"product_cat-otros","7":"product_cat-gavetas","9":"first","10":"instock","11":"shipping-taxable","12":"purchasable","13":"product-type-simple"},"acf":[],"_links":{"self":[{"href":"https:\/\/iguazu.enexti.dev\/index.php?rest_route=\/wp\/v2\/product\/2421","targetHints":{"allow":["GET"]}}],"collection":[{"href":"https:\/\/iguazu.enexti.dev\/index.php?rest_route=\/wp\/v2\/product"}],"about":[{"href":"https:\/\/iguazu.enexti.dev\/index.php?rest_route=\/wp\/v2\/types\/product"}],"version-history":[{"count":0,"href":"https:\/\/iguazu.enexti.dev\/index.php?rest_route=\/wp\/v2\/product\/2421\/revisions"}],"wp:featuredmedia":[{"embeddable":true,"href":"https:\/\/iguazu.enexti.dev\/index.php?rest_route=\/wp\/v2\/media\/2422"}],"wp:attachment":[{"href":"https:\/\/iguazu.enexti.dev\/index.php?rest_route=%2Fwp%2Fv2%2Fmedia&parent=2421"}],"wp:term":[{"taxonomy":"brand","embeddable":true,"href":"https:\/\/iguazu.enexti.dev\/index.php?rest_route=%2Fwp%2Fv2%2Fetheme_brands&post=2421"},{"taxonomy":"product_brand","embeddable":true,"href":"https:\/\/iguazu.enexti.dev\/index.php?rest_route=%2Fwp%2Fv2%2Fproduct_brand&post=2421"},{"taxonomy":"product_cat","embeddable":true,"href":"https:\/\/iguazu.enexti.dev\/index.php?rest_route=%2Fwp%2Fv2%2Fproduct_cat&post=2421"},{"taxonomy":"product_tag","embeddable":true,"href":"https:\/\/iguazu.enexti.dev\/index.php?rest_route=%2Fwp%2Fv2%2Fproduct_tag&post=2421"}],"curies":[{"name":"wp","href":"https:\/\/api.w.org\/{rel}","templated":true}]}}