{"id":2423,"date":"2021-12-06T12:44:13","date_gmt":"2021-12-06T12:44:13","guid":{"rendered":"http:\/\/instalacionesiguazu.com.ar\/?post_type=product&#038;p=2423"},"modified":"2026-04-03T17:00:00","modified_gmt":"2026-04-03T17:00:00","slug":"gaveta-4-compartimientos-inoxidable","status":"publish","type":"product","link":"https:\/\/iguazu.enexti.dev\/?product=gaveta-4-compartimientos-inoxidable","title":{"rendered":"Gaveta 4 Compartimientos Inoxidable"},"content":{"rendered":"<p>Acero Inoxidable.<\/p>\n<p>Prensa billetes pl\u00e1sticos<\/p>\n<p>Compartimiento posterior de uso m\u00faltiple<\/p>\n<p>Aviso sonoro de apertura de caj\u00f3n<\/p>\n<p>Bot\u00f3n de apertura de acero inoxidable<\/p>\n<p>Juego de dos llaves<\/p>\n<p>Carro acondicionado por rodamiento de nylon.<\/p>\n<p>Frente: 43 cm<\/p>\n<p>Altura: 12 cm.<\/p>\n<p>Profundidad: 42 cm.<\/p>\n","protected":false},"excerpt":{"rendered":"<p>Acero Inoxidable. Prensa billetes pl\u00e1sticos Compartimiento posterior de uso m\u00faltiple Aviso sonoro de apertura de caj\u00f3n Bot\u00f3n de apertura de acero inoxidable Juego de dos&#8230;<\/p>\n","protected":false},"featured_media":2424,"template":"","meta":{"_acf_changed":false},"etheme_brands":[],"product_brand":[],"product_cat":[70],"product_tag":[],"class_list":{"0":"post-2423","1":"product","2":"type-product","3":"status-publish","4":"has-post-thumbnail","6":"product_cat-gavetas","8":"first","9":"instock","10":"shipping-taxable","11":"purchasable","12":"product-type-simple"},"acf":[],"_links":{"self":[{"href":"https:\/\/iguazu.enexti.dev\/index.php?rest_route=\/wp\/v2\/product\/2423","targetHints":{"allow":["GET"]}}],"collection":[{"href":"https:\/\/iguazu.enexti.dev\/index.php?rest_route=\/wp\/v2\/product"}],"about":[{"href":"https:\/\/iguazu.enexti.dev\/index.php?rest_route=\/wp\/v2\/types\/product"}],"version-history":[{"count":0,"href":"https:\/\/iguazu.enexti.dev\/index.php?rest_route=\/wp\/v2\/product\/2423\/revisions"}],"wp:featuredmedia":[{"embeddable":true,"href":"https:\/\/iguazu.enexti.dev\/index.php?rest_route=\/wp\/v2\/media\/2424"}],"wp:attachment":[{"href":"https:\/\/iguazu.enexti.dev\/index.php?rest_route=%2Fwp%2Fv2%2Fmedia&parent=2423"}],"wp:term":[{"taxonomy":"brand","embeddable":true,"href":"https:\/\/iguazu.enexti.dev\/index.php?rest_route=%2Fwp%2Fv2%2Fetheme_brands&post=2423"},{"taxonomy":"product_brand","embeddable":true,"href":"https:\/\/iguazu.enexti.dev\/index.php?rest_route=%2Fwp%2Fv2%2Fproduct_brand&post=2423"},{"taxonomy":"product_cat","embeddable":true,"href":"https:\/\/iguazu.enexti.dev\/index.php?rest_route=%2Fwp%2Fv2%2Fproduct_cat&post=2423"},{"taxonomy":"product_tag","embeddable":true,"href":"https:\/\/iguazu.enexti.dev\/index.php?rest_route=%2Fwp%2Fv2%2Fproduct_tag&post=2423"}],"curies":[{"name":"wp","href":"https:\/\/api.w.org\/{rel}","templated":true}]}}