{"id":250,"date":"2018-05-23T14:05:34","date_gmt":"2018-05-23T14:05:34","guid":{"rendered":"http:\/\/iguazutest.com.ar.toro.avnam.net\/?post_type=product&#038;p=250"},"modified":"2026-04-03T17:00:32","modified_gmt":"2026-04-03T17:00:32","slug":"cocina-gastroequip-5-h","status":"publish","type":"product","link":"https:\/\/iguazu.enexti.dev\/?product=cocina-gastroequip-5-h","title":{"rendered":"Cocina Gastroequip 5 H"},"content":{"rendered":"<p>Producto: Cocina a Gas.<br \/>\n&#8211; Marca: Gastroequip.<br \/>\n&#8211; Modelo: Compacta 5H.<br \/>\n&#8211; Gabinete: Acero inoxidable esmerilado.<br \/>\n&#8211; Quemadores: Fundici\u00f3n.<br \/>\n&#8211; Quemadores circulares: 4 (2500 y 4000 Kcal\/hora).<br \/>\n&#8211; Quemadores estrella: 1 (6000 Kcal\/hora).<br \/>\n&#8211; Rejas posa ollas: Fundici\u00f3n desmontables.<br \/>\n&#8211; Bandejas anti derrame: 3 desmontables.<br \/>\n&#8211; Horno: 3 niveles con 2 parrillas.<br \/>\n&#8211; Interior: Enlozado Easy Clean.<br \/>\n&#8211; Control de temperatura: SI (Pir\u00f3metro).<br \/>\n&#8211; Sistema de cocci\u00f3n: Envolvente (M\u00e1s r\u00e1pido y parejo)<br \/>\n&#8211; Puerta: Acero inoxidable y desmontable.<br \/>\n&#8211; Bisagras: Exteriores de hierro (Irrompibles).<br \/>\n&#8211; C\u00e1mara de cocci\u00f3n: 75x49x36 cm.<br \/>\n&#8211; V\u00e1lvula de seguridad en horno: SI.<br \/>\n&#8211; Robinetes: Multigas.<br \/>\n&#8211; Consumo total: 27000 kcal\/hora.<br \/>\n&#8211; Funcionamiento: Gas con entrada de 1\/2 pulgada.<br \/>\n&#8211; Fabricaci\u00f3n: Nacional.<br \/>\n&#8211; Instalaci\u00f3n: Gasista matriculado.<br \/>\n&#8211; Medidas: Frente 90 \/ Prof 60 \/ Alto 85 cm.<\/p>\n","protected":false},"excerpt":{"rendered":"<p>Producto: Cocina a Gas. &#8211; Marca: Gastroequip. &#8211; Modelo: Compacta 5H. &#8211; Gabinete: Acero inoxidable esmerilado. &#8211; Quemadores: Fundici\u00f3n. &#8211; Quemadores circulares: 4 (2500 y&#8230;<\/p>\n","protected":false},"featured_media":450,"template":"","meta":{"_acf_changed":false},"etheme_brands":[],"product_brand":[],"product_cat":[37,38],"product_tag":[],"class_list":{"0":"post-250","1":"product","2":"type-product","3":"status-publish","4":"has-post-thumbnail","6":"product_cat-linea-calor","7":"product_cat-cocinas-industriales","9":"first","10":"instock","11":"shipping-taxable","12":"purchasable","13":"product-type-simple"},"acf":[],"_links":{"self":[{"href":"https:\/\/iguazu.enexti.dev\/index.php?rest_route=\/wp\/v2\/product\/250","targetHints":{"allow":["GET"]}}],"collection":[{"href":"https:\/\/iguazu.enexti.dev\/index.php?rest_route=\/wp\/v2\/product"}],"about":[{"href":"https:\/\/iguazu.enexti.dev\/index.php?rest_route=\/wp\/v2\/types\/product"}],"version-history":[{"count":1,"href":"https:\/\/iguazu.enexti.dev\/index.php?rest_route=\/wp\/v2\/product\/250\/revisions"}],"predecessor-version":[{"id":685,"href":"https:\/\/iguazu.enexti.dev\/index.php?rest_route=\/wp\/v2\/product\/250\/revisions\/685"}],"wp:featuredmedia":[{"embeddable":true,"href":"https:\/\/iguazu.enexti.dev\/index.php?rest_route=\/wp\/v2\/media\/450"}],"wp:attachment":[{"href":"https:\/\/iguazu.enexti.dev\/index.php?rest_route=%2Fwp%2Fv2%2Fmedia&parent=250"}],"wp:term":[{"taxonomy":"brand","embeddable":true,"href":"https:\/\/iguazu.enexti.dev\/index.php?rest_route=%2Fwp%2Fv2%2Fetheme_brands&post=250"},{"taxonomy":"product_brand","embeddable":true,"href":"https:\/\/iguazu.enexti.dev\/index.php?rest_route=%2Fwp%2Fv2%2Fproduct_brand&post=250"},{"taxonomy":"product_cat","embeddable":true,"href":"https:\/\/iguazu.enexti.dev\/index.php?rest_route=%2Fwp%2Fv2%2Fproduct_cat&post=250"},{"taxonomy":"product_tag","embeddable":true,"href":"https:\/\/iguazu.enexti.dev\/index.php?rest_route=%2Fwp%2Fv2%2Fproduct_tag&post=250"}],"curies":[{"name":"wp","href":"https:\/\/api.w.org\/{rel}","templated":true}]}}