{"id":2505,"date":"2022-02-16T12:40:59","date_gmt":"2022-02-16T12:40:59","guid":{"rendered":"https:\/\/instalacionesiguazu.com.ar\/?post_type=product&#038;p=2505"},"modified":"2026-04-03T16:59:59","modified_gmt":"2026-04-03T16:59:59","slug":"horno-electrico-peabody-45l","status":"publish","type":"product","link":"https:\/\/iguazu.enexti.dev\/?product=horno-electrico-peabody-45l","title":{"rendered":"Horno El\u00e9ctrico Peabody 45L"},"content":{"rendered":"<p>Capacidad 45 litros<br \/>\nPotencia 2200 W<br \/>\nFunci\u00f3n CONVECCI\u00d3N<br \/>\nTimer de hasta 60 min<br \/>\nLuz interior<br \/>\nBandeja colectora de migas<br \/>\nPerillas reguladora de funcionamiento (cocci\u00f3n superior, cocci\u00f3n inferior, cocci\u00f3n superior e inferior,convecci\u00f3n)<br \/>\nConstruido en acero inoxidable<br \/>\nIncluye bandeja y manija para extraer alimentos<br \/>\nProducto (An x Prof x Al &#8211; mm) : 550x350x340<br \/>\nInternas (An x Prof x Al &#8211; mm) : 390x330x270<br \/>\nColor GRIS<br \/>\nOrigen Argentina<\/p>\n","protected":false},"excerpt":{"rendered":"<p>Capacidad 45 litros Potencia 2200 W Funci\u00f3n CONVECCI\u00d3N Timer de hasta 60 min Luz interior Bandeja colectora de migas Perillas reguladora de funcionamiento (cocci\u00f3n superior,&#8230;<\/p>\n","protected":false},"featured_media":2506,"template":"","meta":{"_acf_changed":false},"etheme_brands":[],"product_brand":[],"product_cat":[120,37,44,64],"product_tag":[],"class_list":{"0":"post-2505","1":"product","2":"type-product","3":"status-publish","4":"has-post-thumbnail","6":"product_cat-hornos-electrodomesticos","7":"product_cat-linea-calor","8":"product_cat-hornos","9":"product_cat-electrodomesticos","11":"first","12":"instock","13":"shipping-taxable","14":"purchasable","15":"product-type-simple"},"acf":[],"_links":{"self":[{"href":"https:\/\/iguazu.enexti.dev\/index.php?rest_route=\/wp\/v2\/product\/2505","targetHints":{"allow":["GET"]}}],"collection":[{"href":"https:\/\/iguazu.enexti.dev\/index.php?rest_route=\/wp\/v2\/product"}],"about":[{"href":"https:\/\/iguazu.enexti.dev\/index.php?rest_route=\/wp\/v2\/types\/product"}],"version-history":[{"count":0,"href":"https:\/\/iguazu.enexti.dev\/index.php?rest_route=\/wp\/v2\/product\/2505\/revisions"}],"wp:featuredmedia":[{"embeddable":true,"href":"https:\/\/iguazu.enexti.dev\/index.php?rest_route=\/wp\/v2\/media\/2506"}],"wp:attachment":[{"href":"https:\/\/iguazu.enexti.dev\/index.php?rest_route=%2Fwp%2Fv2%2Fmedia&parent=2505"}],"wp:term":[{"taxonomy":"brand","embeddable":true,"href":"https:\/\/iguazu.enexti.dev\/index.php?rest_route=%2Fwp%2Fv2%2Fetheme_brands&post=2505"},{"taxonomy":"product_brand","embeddable":true,"href":"https:\/\/iguazu.enexti.dev\/index.php?rest_route=%2Fwp%2Fv2%2Fproduct_brand&post=2505"},{"taxonomy":"product_cat","embeddable":true,"href":"https:\/\/iguazu.enexti.dev\/index.php?rest_route=%2Fwp%2Fv2%2Fproduct_cat&post=2505"},{"taxonomy":"product_tag","embeddable":true,"href":"https:\/\/iguazu.enexti.dev\/index.php?rest_route=%2Fwp%2Fv2%2Fproduct_tag&post=2505"}],"curies":[{"name":"wp","href":"https:\/\/api.w.org\/{rel}","templated":true}]}}