{"id":256,"date":"2018-05-23T14:15:16","date_gmt":"2018-05-23T14:15:16","guid":{"rendered":"http:\/\/iguazutest.com.ar.toro.avnam.net\/?post_type=product&#038;p=256"},"modified":"2026-04-03T17:00:31","modified_gmt":"2026-04-03T17:00:31","slug":"cocina-industrial-corbelli-cf-70","status":"publish","type":"product","link":"https:\/\/iguazu.enexti.dev\/?product=cocina-industrial-corbelli-cf-70","title":{"rendered":"Cocina Industrial Corbelli 4 H"},"content":{"rendered":"<p>Caracter\u00edsticas:<br \/>\n-Medidas: 70x73x85 cm<br \/>\n-4 hornallas<br \/>\n-Rejas de fundici\u00f3n<br \/>\n-Mueble de acero inoxidable<br \/>\n-Piso de ladrillos refractarios<br \/>\n-V\u00e1lvula de seguridad en el horno<br \/>\n-Consumo: 25.000 calorias \/ hora<\/p>\n","protected":false},"excerpt":{"rendered":"<p>Caracter\u00edsticas: -Medidas: 70x73x85 cm -4 hornallas -Rejas de fundici\u00f3n -Mueble de acero inoxidable -Piso de ladrillos refractarios -V\u00e1lvula de seguridad en el horno -Consumo: 25.000&#8230;<\/p>\n","protected":false},"featured_media":713,"template":"","meta":{"_acf_changed":false},"etheme_brands":[],"product_brand":[],"product_cat":[37,38],"product_tag":[],"class_list":{"0":"post-256","1":"product","2":"type-product","3":"status-publish","4":"has-post-thumbnail","6":"product_cat-linea-calor","7":"product_cat-cocinas-industriales","9":"first","10":"instock","11":"shipping-taxable","12":"purchasable","13":"product-type-simple"},"acf":[],"_links":{"self":[{"href":"https:\/\/iguazu.enexti.dev\/index.php?rest_route=\/wp\/v2\/product\/256","targetHints":{"allow":["GET"]}}],"collection":[{"href":"https:\/\/iguazu.enexti.dev\/index.php?rest_route=\/wp\/v2\/product"}],"about":[{"href":"https:\/\/iguazu.enexti.dev\/index.php?rest_route=\/wp\/v2\/types\/product"}],"version-history":[{"count":0,"href":"https:\/\/iguazu.enexti.dev\/index.php?rest_route=\/wp\/v2\/product\/256\/revisions"}],"wp:featuredmedia":[{"embeddable":true,"href":"https:\/\/iguazu.enexti.dev\/index.php?rest_route=\/wp\/v2\/media\/713"}],"wp:attachment":[{"href":"https:\/\/iguazu.enexti.dev\/index.php?rest_route=%2Fwp%2Fv2%2Fmedia&parent=256"}],"wp:term":[{"taxonomy":"brand","embeddable":true,"href":"https:\/\/iguazu.enexti.dev\/index.php?rest_route=%2Fwp%2Fv2%2Fetheme_brands&post=256"},{"taxonomy":"product_brand","embeddable":true,"href":"https:\/\/iguazu.enexti.dev\/index.php?rest_route=%2Fwp%2Fv2%2Fproduct_brand&post=256"},{"taxonomy":"product_cat","embeddable":true,"href":"https:\/\/iguazu.enexti.dev\/index.php?rest_route=%2Fwp%2Fv2%2Fproduct_cat&post=256"},{"taxonomy":"product_tag","embeddable":true,"href":"https:\/\/iguazu.enexti.dev\/index.php?rest_route=%2Fwp%2Fv2%2Fproduct_tag&post=256"}],"curies":[{"name":"wp","href":"https:\/\/api.w.org\/{rel}","templated":true}]}}