{"id":2625,"date":"2022-08-12T15:47:44","date_gmt":"2022-08-12T15:47:44","guid":{"rendered":"https:\/\/instalacionesiguazu.com.ar\/?post_type=product&#038;p=2625"},"modified":"2022-08-12T15:56:04","modified_gmt":"2022-08-12T15:56:04","slug":"extractor-de-citricos-inoxidable","status":"publish","type":"product","link":"https:\/\/iguazu.enexti.dev\/?product=extractor-de-citricos-inoxidable","title":{"rendered":"Extractor de Citricos Inoxidable"},"content":{"rendered":"<p>Disfrut\u00e1 de deliciosos sabores frutales con tu Peabody PE-EC403IX. Exprim\u00ed c\u00edtricos de manera sencilla y obten\u00e9 todo el jugo que necesit\u00e1s para que tus desayunos y meriendas sean a\u00fan m\u00e1s ricas.<\/p>\n","protected":false},"excerpt":{"rendered":"<p>Disfrut\u00e1 de deliciosos sabores frutales con tu Peabody PE-EC403IX. Exprim\u00ed c\u00edtricos de manera sencilla y obten\u00e9 todo el jugo que necesit\u00e1s para que tus desayunos&#8230;<\/p>\n","protected":false},"featured_media":2626,"template":"","meta":{"_acf_changed":false},"etheme_brands":[],"product_brand":[],"product_cat":[121],"product_tag":[],"class_list":{"0":"post-2625","1":"product","2":"type-product","3":"status-publish","4":"has-post-thumbnail","6":"product_cat-hogar","8":"first","9":"outofstock","10":"shipping-taxable","11":"purchasable","12":"product-type-simple"},"acf":[],"_links":{"self":[{"href":"https:\/\/iguazu.enexti.dev\/index.php?rest_route=\/wp\/v2\/product\/2625","targetHints":{"allow":["GET"]}}],"collection":[{"href":"https:\/\/iguazu.enexti.dev\/index.php?rest_route=\/wp\/v2\/product"}],"about":[{"href":"https:\/\/iguazu.enexti.dev\/index.php?rest_route=\/wp\/v2\/types\/product"}],"version-history":[{"count":0,"href":"https:\/\/iguazu.enexti.dev\/index.php?rest_route=\/wp\/v2\/product\/2625\/revisions"}],"wp:featuredmedia":[{"embeddable":true,"href":"https:\/\/iguazu.enexti.dev\/index.php?rest_route=\/wp\/v2\/media\/2626"}],"wp:attachment":[{"href":"https:\/\/iguazu.enexti.dev\/index.php?rest_route=%2Fwp%2Fv2%2Fmedia&parent=2625"}],"wp:term":[{"taxonomy":"brand","embeddable":true,"href":"https:\/\/iguazu.enexti.dev\/index.php?rest_route=%2Fwp%2Fv2%2Fetheme_brands&post=2625"},{"taxonomy":"product_brand","embeddable":true,"href":"https:\/\/iguazu.enexti.dev\/index.php?rest_route=%2Fwp%2Fv2%2Fproduct_brand&post=2625"},{"taxonomy":"product_cat","embeddable":true,"href":"https:\/\/iguazu.enexti.dev\/index.php?rest_route=%2Fwp%2Fv2%2Fproduct_cat&post=2625"},{"taxonomy":"product_tag","embeddable":true,"href":"https:\/\/iguazu.enexti.dev\/index.php?rest_route=%2Fwp%2Fv2%2Fproduct_tag&post=2625"}],"curies":[{"name":"wp","href":"https:\/\/api.w.org\/{rel}","templated":true}]}}