{"id":2808,"date":"2023-03-13T18:40:48","date_gmt":"2023-03-13T18:40:48","guid":{"rendered":"https:\/\/instalacionesiguazu.com.ar\/?post_type=product&#038;p=2808"},"modified":"2026-04-03T16:59:54","modified_gmt":"2026-04-03T16:59:54","slug":"purificador-de-cocina-blanco-750w-axel","status":"publish","type":"product","link":"https:\/\/iguazu.enexti.dev\/?product=purificador-de-cocina-blanco-750w-axel","title":{"rendered":"Purificador de Cocina 800W BLANCO Axel"},"content":{"rendered":"<p>&#8211; Motor: 3 velocidades.<br \/>\n&#8211; Visera m\u00f3vil.<br \/>\n&#8211; Panel de control con perillas indicadoras de funci\u00f3n.<br \/>\n&#8211; Funci\u00f3n extractor y purificador.<br \/>\n&#8211; Con luz incorporada.<br \/>\n&#8211; Garant\u00eda: 12 meses.<br \/>\n&#8211; Potencia: 750 W.<br \/>\n&#8211; Caudal m\u00e1ximo: 250 m\u00b3\/h.<br \/>\n&#8211; Peso bruto: 7,90 Kg.<br \/>\n&#8211; Peso neto: 7,00 Kg.<br \/>\n&#8211; Gabinete met\u00e1lico, medidas: 600x495x140mm.<br \/>\n&#8211; Di\u00e1metro salida de aire: 4 pulgadas (100mm).<\/p>\n","protected":false},"excerpt":{"rendered":"<p>&#8211; Motor: 3 velocidades. &#8211; Visera m\u00f3vil. &#8211; Panel de control con perillas indicadoras de funci\u00f3n. &#8211; Funci\u00f3n extractor y purificador. &#8211; Con luz incorporada&#8230;.<\/p>\n","protected":false},"featured_media":2809,"template":"","meta":{"_acf_changed":false},"etheme_brands":[],"product_brand":[],"product_cat":[88],"product_tag":[],"class_list":{"0":"post-2808","1":"product","2":"type-product","3":"status-publish","4":"has-post-thumbnail","6":"product_cat-otros","8":"first","9":"instock","10":"shipping-taxable","11":"purchasable","12":"product-type-simple"},"acf":[],"_links":{"self":[{"href":"https:\/\/iguazu.enexti.dev\/index.php?rest_route=\/wp\/v2\/product\/2808","targetHints":{"allow":["GET"]}}],"collection":[{"href":"https:\/\/iguazu.enexti.dev\/index.php?rest_route=\/wp\/v2\/product"}],"about":[{"href":"https:\/\/iguazu.enexti.dev\/index.php?rest_route=\/wp\/v2\/types\/product"}],"version-history":[{"count":0,"href":"https:\/\/iguazu.enexti.dev\/index.php?rest_route=\/wp\/v2\/product\/2808\/revisions"}],"wp:featuredmedia":[{"embeddable":true,"href":"https:\/\/iguazu.enexti.dev\/index.php?rest_route=\/wp\/v2\/media\/2809"}],"wp:attachment":[{"href":"https:\/\/iguazu.enexti.dev\/index.php?rest_route=%2Fwp%2Fv2%2Fmedia&parent=2808"}],"wp:term":[{"taxonomy":"brand","embeddable":true,"href":"https:\/\/iguazu.enexti.dev\/index.php?rest_route=%2Fwp%2Fv2%2Fetheme_brands&post=2808"},{"taxonomy":"product_brand","embeddable":true,"href":"https:\/\/iguazu.enexti.dev\/index.php?rest_route=%2Fwp%2Fv2%2Fproduct_brand&post=2808"},{"taxonomy":"product_cat","embeddable":true,"href":"https:\/\/iguazu.enexti.dev\/index.php?rest_route=%2Fwp%2Fv2%2Fproduct_cat&post=2808"},{"taxonomy":"product_tag","embeddable":true,"href":"https:\/\/iguazu.enexti.dev\/index.php?rest_route=%2Fwp%2Fv2%2Fproduct_tag&post=2808"}],"curies":[{"name":"wp","href":"https:\/\/api.w.org\/{rel}","templated":true}]}}