{"id":2859,"date":"2023-06-01T13:22:40","date_gmt":"2023-06-01T13:22:40","guid":{"rendered":"https:\/\/instalacionesiguazu.com.ar\/?post_type=product&#038;p=2859"},"modified":"2026-04-03T16:59:53","modified_gmt":"2026-04-03T16:59:53","slug":"salamandra-tromen-madrid","status":"publish","type":"product","link":"https:\/\/iguazu.enexti.dev\/?product=salamandra-tromen-madrid","title":{"rendered":"Salamandra TROMEN  Madrid"},"content":{"rendered":"<p>Alimentaci\u00f3n: A le\u00f1a<br \/>\n&#8211; Le\u00f1os: 65 cm.<br \/>\n&#8211; Potencia: 15.000 kcal\/h<br \/>\n&#8211; Ambiente a climatizar: 80 a 140 m\u00b2<br \/>\n&#8211; Medidas: 80,5 x 69 x 45 cm.<br \/>\n&#8211; Apertura de la boca: 58,5 x 24 cm.<br \/>\n&#8211; Salida de humo: 6\u00bb (15 cm.)<br \/>\n&#8211; Peso: 120 kg.<br \/>\n&#8211; Marca: Tromen<br \/>\n&#8211; Modelo: Madrid<\/p>\n","protected":false},"excerpt":{"rendered":"<p>Alimentaci\u00f3n: A le\u00f1a &#8211; Le\u00f1os: 65 cm. &#8211; Potencia: 15.000 kcal\/h &#8211; Ambiente a climatizar: 80 a 140 m\u00b2 &#8211; Medidas: 80,5 x 69 x&#8230;<\/p>\n","protected":false},"featured_media":2860,"template":"","meta":{"_acf_changed":false},"etheme_brands":[],"product_brand":[],"product_cat":[107,108],"product_tag":[],"class_list":{"0":"post-2859","1":"product","2":"type-product","3":"status-publish","4":"has-post-thumbnail","6":"product_cat-calefaccion-y-salamandras","7":"product_cat-salamandra-calefaccion-y-salamandras","9":"first","10":"outofstock","11":"shipping-taxable","12":"purchasable","13":"product-type-simple"},"acf":[],"_links":{"self":[{"href":"https:\/\/iguazu.enexti.dev\/index.php?rest_route=\/wp\/v2\/product\/2859","targetHints":{"allow":["GET"]}}],"collection":[{"href":"https:\/\/iguazu.enexti.dev\/index.php?rest_route=\/wp\/v2\/product"}],"about":[{"href":"https:\/\/iguazu.enexti.dev\/index.php?rest_route=\/wp\/v2\/types\/product"}],"version-history":[{"count":0,"href":"https:\/\/iguazu.enexti.dev\/index.php?rest_route=\/wp\/v2\/product\/2859\/revisions"}],"wp:featuredmedia":[{"embeddable":true,"href":"https:\/\/iguazu.enexti.dev\/index.php?rest_route=\/wp\/v2\/media\/2860"}],"wp:attachment":[{"href":"https:\/\/iguazu.enexti.dev\/index.php?rest_route=%2Fwp%2Fv2%2Fmedia&parent=2859"}],"wp:term":[{"taxonomy":"brand","embeddable":true,"href":"https:\/\/iguazu.enexti.dev\/index.php?rest_route=%2Fwp%2Fv2%2Fetheme_brands&post=2859"},{"taxonomy":"product_brand","embeddable":true,"href":"https:\/\/iguazu.enexti.dev\/index.php?rest_route=%2Fwp%2Fv2%2Fproduct_brand&post=2859"},{"taxonomy":"product_cat","embeddable":true,"href":"https:\/\/iguazu.enexti.dev\/index.php?rest_route=%2Fwp%2Fv2%2Fproduct_cat&post=2859"},{"taxonomy":"product_tag","embeddable":true,"href":"https:\/\/iguazu.enexti.dev\/index.php?rest_route=%2Fwp%2Fv2%2Fproduct_tag&post=2859"}],"curies":[{"name":"wp","href":"https:\/\/api.w.org\/{rel}","templated":true}]}}