{"id":2877,"date":"2023-06-30T14:30:41","date_gmt":"2023-06-30T14:30:41","guid":{"rendered":"https:\/\/instalacionesiguazu.com.ar\/?post_type=product&#038;p=2877"},"modified":"2026-04-03T16:59:53","modified_gmt":"2026-04-03T16:59:53","slug":"exhibidor-vertical-inelro-mt-14","status":"publish","type":"product","link":"https:\/\/iguazu.enexti.dev\/?product=exhibidor-vertical-inelro-mt-14","title":{"rendered":"Exhibidor Vertical Inelro MT 14"},"content":{"rendered":"<p>Exhibidora Vertical \u2013 Sin Cenefa, Condensaci\u00f3n Est\u00e1tica, Cuatros Estantes M\u00f3viles, Tolva Inyectada, Nuevo Z\u00f3calo Inyectado.<\/p>\n<p>Capacidad (lts.):\u00a0<strong>352<\/strong><br \/>\nDimensi\u00f3n Externa (mm):\u00a0<strong>1845x680x645<\/strong><strong><br \/>\n<\/strong>Peso neto\/bruto (Kg):<strong>75\/81<\/strong><\/p>\n","protected":false},"excerpt":{"rendered":"<p>Exhibidora Vertical \u2013 Sin Cenefa, Condensaci\u00f3n Est\u00e1tica, Cuatros Estantes M\u00f3viles, Tolva Inyectada, Nuevo Z\u00f3calo Inyectado. Capacidad (lts.):\u00a0352 Dimensi\u00f3n Externa (mm):\u00a01845x680x645 Peso neto\/bruto (Kg):75\/81<\/p>\n","protected":false},"featured_media":2879,"template":"","meta":{"_acf_changed":false},"etheme_brands":[],"product_brand":[],"product_cat":[125,25],"product_tag":[],"class_list":{"0":"post-2877","1":"product","2":"type-product","3":"status-publish","4":"has-post-thumbnail","6":"product_cat-exhibidores-vertical","7":"product_cat-linea-frio","9":"first","10":"instock","11":"shipping-taxable","12":"purchasable","13":"product-type-simple"},"acf":[],"_links":{"self":[{"href":"https:\/\/iguazu.enexti.dev\/index.php?rest_route=\/wp\/v2\/product\/2877","targetHints":{"allow":["GET"]}}],"collection":[{"href":"https:\/\/iguazu.enexti.dev\/index.php?rest_route=\/wp\/v2\/product"}],"about":[{"href":"https:\/\/iguazu.enexti.dev\/index.php?rest_route=\/wp\/v2\/types\/product"}],"version-history":[{"count":0,"href":"https:\/\/iguazu.enexti.dev\/index.php?rest_route=\/wp\/v2\/product\/2877\/revisions"}],"wp:featuredmedia":[{"embeddable":true,"href":"https:\/\/iguazu.enexti.dev\/index.php?rest_route=\/wp\/v2\/media\/2879"}],"wp:attachment":[{"href":"https:\/\/iguazu.enexti.dev\/index.php?rest_route=%2Fwp%2Fv2%2Fmedia&parent=2877"}],"wp:term":[{"taxonomy":"brand","embeddable":true,"href":"https:\/\/iguazu.enexti.dev\/index.php?rest_route=%2Fwp%2Fv2%2Fetheme_brands&post=2877"},{"taxonomy":"product_brand","embeddable":true,"href":"https:\/\/iguazu.enexti.dev\/index.php?rest_route=%2Fwp%2Fv2%2Fproduct_brand&post=2877"},{"taxonomy":"product_cat","embeddable":true,"href":"https:\/\/iguazu.enexti.dev\/index.php?rest_route=%2Fwp%2Fv2%2Fproduct_cat&post=2877"},{"taxonomy":"product_tag","embeddable":true,"href":"https:\/\/iguazu.enexti.dev\/index.php?rest_route=%2Fwp%2Fv2%2Fproduct_tag&post=2877"}],"curies":[{"name":"wp","href":"https:\/\/api.w.org\/{rel}","templated":true}]}}