{"id":2914,"date":"2023-08-18T20:47:07","date_gmt":"2023-08-18T20:47:07","guid":{"rendered":"https:\/\/instalacionesiguazu.com.ar\/?post_type=product&#038;p=2914"},"modified":"2026-04-03T16:59:52","modified_gmt":"2026-04-03T16:59:52","slug":"anafe-1-hornalla-acero-p-empotrar","status":"publish","type":"product","link":"https:\/\/iguazu.enexti.dev\/?product=anafe-1-hornalla-acero-p-empotrar","title":{"rendered":"anafe 1 hornalla acero p\/empotrar"},"content":{"rendered":"<p>Anafe el\u00e9ctrico simple de acero inoxidable, de mesada o empotrar.<br \/>\nCaracter\u00edsticas<\/p>\n<p>Plato de fundici\u00f3n de 188 mm.<br \/>\nPotencia de 1500 W<br \/>\nHecho en acero inoxidable 430<br \/>\nPara empotrar o usar sobre mesada<br \/>\nTermostato selector de temperatura<br \/>\nTermostato de corte en el plato<br \/>\nVarios niveles de temperatura<br \/>\nL\u00e1mpara piloto de encendido<br \/>\nIdeal para cocinar alimentos y calentar l\u00edquidos de forma r\u00e1pida y segura<br \/>\nCompacto y facil de transporta<\/p>\n","protected":false},"excerpt":{"rendered":"<p>Anafe el\u00e9ctrico simple de acero inoxidable, de mesada o empotrar. Caracter\u00edsticas Plato de fundici\u00f3n de 188 mm. Potencia de 1500 W Hecho en acero inoxidable&#8230;<\/p>\n","protected":false},"featured_media":2915,"template":"","meta":{"_acf_changed":false},"etheme_brands":[],"product_brand":[],"product_cat":[64],"product_tag":[],"class_list":{"0":"post-2914","1":"product","2":"type-product","3":"status-publish","4":"has-post-thumbnail","6":"product_cat-electrodomesticos","8":"first","9":"instock","10":"shipping-taxable","11":"purchasable","12":"product-type-simple"},"acf":[],"_links":{"self":[{"href":"https:\/\/iguazu.enexti.dev\/index.php?rest_route=\/wp\/v2\/product\/2914","targetHints":{"allow":["GET"]}}],"collection":[{"href":"https:\/\/iguazu.enexti.dev\/index.php?rest_route=\/wp\/v2\/product"}],"about":[{"href":"https:\/\/iguazu.enexti.dev\/index.php?rest_route=\/wp\/v2\/types\/product"}],"version-history":[{"count":0,"href":"https:\/\/iguazu.enexti.dev\/index.php?rest_route=\/wp\/v2\/product\/2914\/revisions"}],"wp:featuredmedia":[{"embeddable":true,"href":"https:\/\/iguazu.enexti.dev\/index.php?rest_route=\/wp\/v2\/media\/2915"}],"wp:attachment":[{"href":"https:\/\/iguazu.enexti.dev\/index.php?rest_route=%2Fwp%2Fv2%2Fmedia&parent=2914"}],"wp:term":[{"taxonomy":"brand","embeddable":true,"href":"https:\/\/iguazu.enexti.dev\/index.php?rest_route=%2Fwp%2Fv2%2Fetheme_brands&post=2914"},{"taxonomy":"product_brand","embeddable":true,"href":"https:\/\/iguazu.enexti.dev\/index.php?rest_route=%2Fwp%2Fv2%2Fproduct_brand&post=2914"},{"taxonomy":"product_cat","embeddable":true,"href":"https:\/\/iguazu.enexti.dev\/index.php?rest_route=%2Fwp%2Fv2%2Fproduct_cat&post=2914"},{"taxonomy":"product_tag","embeddable":true,"href":"https:\/\/iguazu.enexti.dev\/index.php?rest_route=%2Fwp%2Fv2%2Fproduct_tag&post=2914"}],"curies":[{"name":"wp","href":"https:\/\/api.w.org\/{rel}","templated":true}]}}