{"id":2972,"date":"2023-10-26T17:14:32","date_gmt":"2023-10-26T17:14:32","guid":{"rendered":"https:\/\/instalacionesiguazu.com.ar\/?post_type=product&#038;p=2972"},"modified":"2025-07-23T18:47:33","modified_gmt":"2025-07-23T18:47:33","slug":"envasadora-al-vacio","status":"publish","type":"product","link":"https:\/\/iguazu.enexti.dev\/?product=envasadora-al-vacio","title":{"rendered":"envasadora al vacio"},"content":{"rendered":"<p>&#8211; Modelo: 9937 Negro<br \/>\n&#8211; Pr\u00e1ctico sistema de cierre.<br \/>\n&#8211; Admite funcionamiento autom\u00e1tico y funcionamiento manual.<br \/>\n&#8211; Conserva los alimentos hasta 5 veces m\u00e1s.<br \/>\n&#8211; F\u00e1cil de usar.<br \/>\n&#8211; Dise\u00f1o compacto y liviano.<br \/>\n&#8211; Envasa y sella en un solo paso.<\/p>\n","protected":false},"excerpt":{"rendered":"<p>&#8211; Modelo: 9937 Negro &#8211; Pr\u00e1ctico sistema de cierre. &#8211; Admite funcionamiento autom\u00e1tico y funcionamiento manual. &#8211; Conserva los alimentos hasta 5 veces m\u00e1s. &#8211;&#8230;<\/p>\n","protected":false},"featured_media":2973,"template":"","meta":{"_acf_changed":false},"etheme_brands":[],"product_brand":[],"product_cat":[49,55],"product_tag":[],"class_list":{"0":"post-2972","1":"product","2":"type-product","3":"status-publish","4":"has-post-thumbnail","6":"product_cat-equipamiento-y-maquinaria","7":"product_cat-selladoras","9":"first","10":"outofstock","11":"shipping-taxable","12":"purchasable","13":"product-type-simple"},"acf":[],"_links":{"self":[{"href":"https:\/\/iguazu.enexti.dev\/index.php?rest_route=\/wp\/v2\/product\/2972","targetHints":{"allow":["GET"]}}],"collection":[{"href":"https:\/\/iguazu.enexti.dev\/index.php?rest_route=\/wp\/v2\/product"}],"about":[{"href":"https:\/\/iguazu.enexti.dev\/index.php?rest_route=\/wp\/v2\/types\/product"}],"version-history":[{"count":0,"href":"https:\/\/iguazu.enexti.dev\/index.php?rest_route=\/wp\/v2\/product\/2972\/revisions"}],"wp:featuredmedia":[{"embeddable":true,"href":"https:\/\/iguazu.enexti.dev\/index.php?rest_route=\/wp\/v2\/media\/2973"}],"wp:attachment":[{"href":"https:\/\/iguazu.enexti.dev\/index.php?rest_route=%2Fwp%2Fv2%2Fmedia&parent=2972"}],"wp:term":[{"taxonomy":"brand","embeddable":true,"href":"https:\/\/iguazu.enexti.dev\/index.php?rest_route=%2Fwp%2Fv2%2Fetheme_brands&post=2972"},{"taxonomy":"product_brand","embeddable":true,"href":"https:\/\/iguazu.enexti.dev\/index.php?rest_route=%2Fwp%2Fv2%2Fproduct_brand&post=2972"},{"taxonomy":"product_cat","embeddable":true,"href":"https:\/\/iguazu.enexti.dev\/index.php?rest_route=%2Fwp%2Fv2%2Fproduct_cat&post=2972"},{"taxonomy":"product_tag","embeddable":true,"href":"https:\/\/iguazu.enexti.dev\/index.php?rest_route=%2Fwp%2Fv2%2Fproduct_tag&post=2972"}],"curies":[{"name":"wp","href":"https:\/\/api.w.org\/{rel}","templated":true}]}}