{"id":2974,"date":"2023-10-26T17:18:40","date_gmt":"2023-10-26T17:18:40","guid":{"rendered":"https:\/\/instalacionesiguazu.com.ar\/?post_type=product&#038;p=2974"},"modified":"2023-10-26T17:18:42","modified_gmt":"2023-10-26T17:18:42","slug":"envasadora-al-vacio-semi-profesional-neovac","status":"publish","type":"product","link":"https:\/\/iguazu.enexti.dev\/?product=envasadora-al-vacio-semi-profesional-neovac","title":{"rendered":"ENVASADORA AL VACIO  SEMI PROFESIONAL neovac"},"content":{"rendered":"<p>-Gabinete construido en acero inoxidable.<br \/>\n-Comando digital de f\u00e1cil manejo con funci\u00f3n de vac\u00edo autom\u00e1tico basado en el tama\u00f1o de bolsa a envasar.<br \/>\n-Doble sellado de 2.5mm de ancho y 300mm de largo m\u00e1ximo.<br \/>\n-Tapa de vidrio que permite observar el proceso de envasado.<br \/>\n-Incluye accesorio para realizar vac\u00edo en recipientes.<br \/>\n-Funci\u00f3n marinado de alimentos.<br \/>\n-Apta para envasar bolsas lisas y gofradas.<br \/>\n-Permite el envasado de l\u00edquidos.<br \/>\n-Permite envasar recipientes al vac\u00edo.<br \/>\n-Permite sellar bolsas de hasta 30 cm.<br \/>\n-Tensi\u00f3n: 220V\/50Hz.<br \/>\n-Potencia: 380W.<br \/>\n-NO inyecta gas.<br \/>\n-Largo de sellado: 300mm.<br \/>\n-Dimensiones c\u00e1mara: 90x305x260mm (alto-ancho-largo).<br \/>\n-Dimensiones externas: 257x367x446mm (alto-ancho-largo).<\/p>\n","protected":false},"excerpt":{"rendered":"<p>-Gabinete construido en acero inoxidable. -Comando digital de f\u00e1cil manejo con funci\u00f3n de vac\u00edo autom\u00e1tico basado en el tama\u00f1o de bolsa a envasar. -Doble sellado&#8230;<\/p>\n","protected":false},"featured_media":2976,"template":"","meta":{"_acf_changed":false},"etheme_brands":[],"product_brand":[],"product_cat":[49,55],"product_tag":[],"class_list":{"0":"post-2974","1":"product","2":"type-product","3":"status-publish","4":"has-post-thumbnail","6":"product_cat-equipamiento-y-maquinaria","7":"product_cat-selladoras","9":"first","10":"outofstock","11":"shipping-taxable","12":"purchasable","13":"product-type-simple"},"acf":[],"_links":{"self":[{"href":"https:\/\/iguazu.enexti.dev\/index.php?rest_route=\/wp\/v2\/product\/2974","targetHints":{"allow":["GET"]}}],"collection":[{"href":"https:\/\/iguazu.enexti.dev\/index.php?rest_route=\/wp\/v2\/product"}],"about":[{"href":"https:\/\/iguazu.enexti.dev\/index.php?rest_route=\/wp\/v2\/types\/product"}],"version-history":[{"count":0,"href":"https:\/\/iguazu.enexti.dev\/index.php?rest_route=\/wp\/v2\/product\/2974\/revisions"}],"wp:featuredmedia":[{"embeddable":true,"href":"https:\/\/iguazu.enexti.dev\/index.php?rest_route=\/wp\/v2\/media\/2976"}],"wp:attachment":[{"href":"https:\/\/iguazu.enexti.dev\/index.php?rest_route=%2Fwp%2Fv2%2Fmedia&parent=2974"}],"wp:term":[{"taxonomy":"brand","embeddable":true,"href":"https:\/\/iguazu.enexti.dev\/index.php?rest_route=%2Fwp%2Fv2%2Fetheme_brands&post=2974"},{"taxonomy":"product_brand","embeddable":true,"href":"https:\/\/iguazu.enexti.dev\/index.php?rest_route=%2Fwp%2Fv2%2Fproduct_brand&post=2974"},{"taxonomy":"product_cat","embeddable":true,"href":"https:\/\/iguazu.enexti.dev\/index.php?rest_route=%2Fwp%2Fv2%2Fproduct_cat&post=2974"},{"taxonomy":"product_tag","embeddable":true,"href":"https:\/\/iguazu.enexti.dev\/index.php?rest_route=%2Fwp%2Fv2%2Fproduct_tag&post=2974"}],"curies":[{"name":"wp","href":"https:\/\/api.w.org\/{rel}","templated":true}]}}