{"id":2977,"date":"2023-10-26T17:21:37","date_gmt":"2023-10-26T17:21:37","guid":{"rendered":"https:\/\/instalacionesiguazu.com.ar\/?post_type=product&#038;p=2977"},"modified":"2026-04-03T16:59:51","modified_gmt":"2026-04-03T16:59:51","slug":"envasadora-al-vacio-externa-310-neovac","status":"publish","type":"product","link":"https:\/\/iguazu.enexti.dev\/?product=envasadora-al-vacio-externa-310-neovac","title":{"rendered":"ENVASADORA AL VACIO EXTERNA 310 neovac"},"content":{"rendered":"<p>Se opera por medio de un comando digital de f\u00e1cil manejo<br \/>\nMuy pr\u00e1cticas para el uso en casa<br \/>\nPermite envasar al vac\u00edo en bolsas y rollos gofrados<br \/>\nAdmite 60 Sellados continuos<\/p>\n<p>Sellado: 3mm.<br \/>\nVoltaje: 220v-240v-50Hz<br \/>\nPotencia: 250W<br \/>\nPresi\u00f3n de bomba: -0958 bar (+-5%)<br \/>\nAncho m\u00e1ximo sellado: 31cm.<br \/>\nMEDIDAS: FRENTE 40CM. ALTURA: 9,5cm. PROFUNDIDAD: 16,5cm<\/p>\n","protected":false},"excerpt":{"rendered":"<p>Se opera por medio de un comando digital de f\u00e1cil manejo Muy pr\u00e1cticas para el uso en casa Permite envasar al vac\u00edo en bolsas y&#8230;<\/p>\n","protected":false},"featured_media":2978,"template":"","meta":{"_acf_changed":false},"etheme_brands":[],"product_brand":[],"product_cat":[49,55],"product_tag":[],"class_list":{"0":"post-2977","1":"product","2":"type-product","3":"status-publish","4":"has-post-thumbnail","6":"product_cat-equipamiento-y-maquinaria","7":"product_cat-selladoras","9":"first","10":"outofstock","11":"shipping-taxable","12":"purchasable","13":"product-type-simple"},"acf":[],"_links":{"self":[{"href":"https:\/\/iguazu.enexti.dev\/index.php?rest_route=\/wp\/v2\/product\/2977","targetHints":{"allow":["GET"]}}],"collection":[{"href":"https:\/\/iguazu.enexti.dev\/index.php?rest_route=\/wp\/v2\/product"}],"about":[{"href":"https:\/\/iguazu.enexti.dev\/index.php?rest_route=\/wp\/v2\/types\/product"}],"version-history":[{"count":0,"href":"https:\/\/iguazu.enexti.dev\/index.php?rest_route=\/wp\/v2\/product\/2977\/revisions"}],"wp:featuredmedia":[{"embeddable":true,"href":"https:\/\/iguazu.enexti.dev\/index.php?rest_route=\/wp\/v2\/media\/2978"}],"wp:attachment":[{"href":"https:\/\/iguazu.enexti.dev\/index.php?rest_route=%2Fwp%2Fv2%2Fmedia&parent=2977"}],"wp:term":[{"taxonomy":"brand","embeddable":true,"href":"https:\/\/iguazu.enexti.dev\/index.php?rest_route=%2Fwp%2Fv2%2Fetheme_brands&post=2977"},{"taxonomy":"product_brand","embeddable":true,"href":"https:\/\/iguazu.enexti.dev\/index.php?rest_route=%2Fwp%2Fv2%2Fproduct_brand&post=2977"},{"taxonomy":"product_cat","embeddable":true,"href":"https:\/\/iguazu.enexti.dev\/index.php?rest_route=%2Fwp%2Fv2%2Fproduct_cat&post=2977"},{"taxonomy":"product_tag","embeddable":true,"href":"https:\/\/iguazu.enexti.dev\/index.php?rest_route=%2Fwp%2Fv2%2Fproduct_tag&post=2977"}],"curies":[{"name":"wp","href":"https:\/\/api.w.org\/{rel}","templated":true}]}}