{"id":2980,"date":"2023-10-26T17:34:11","date_gmt":"2023-10-26T17:34:11","guid":{"rendered":"https:\/\/instalacionesiguazu.com.ar\/?post_type=product&#038;p=2980"},"modified":"2026-04-03T16:59:50","modified_gmt":"2026-04-03T16:59:50","slug":"freidor-de-aire-daihatsu-francis-3-5-lts","status":"publish","type":"product","link":"https:\/\/iguazu.enexti.dev\/?product=freidor-de-aire-daihatsu-francis-3-5-lts","title":{"rendered":"Freidor de aire Daihatsu FRANCIS 3.5 LTS."},"content":{"rendered":"<p>Menu t\u00e1ctil para las opciones de: Frutos Secos, Papas Fritas, Pan, Pescado, Pollo, Brocoli, Zanahoria, Carnesy Hornear.<br \/>\nFunci\u00f3n de apagado autom\u00e1tico.<br \/>\nRango de temperatura de 80\u00b0a 200\u00b0<br \/>\nTemporizador de 60 min.<br \/>\nGracias a su cubeta y bandeja anti-adherentes limpiarla ser\u00e1 muy f\u00e1cil, adem\u00e1s podr\u00e1s lavarla en tu lavavajillas.<\/p>\n","protected":false},"excerpt":{"rendered":"<p>Menu t\u00e1ctil para las opciones de: Frutos Secos, Papas Fritas, Pan, Pescado, Pollo, Brocoli, Zanahoria, Carnesy Hornear. Funci\u00f3n de apagado autom\u00e1tico. Rango de temperatura de&#8230;<\/p>\n","protected":false},"featured_media":2981,"template":"","meta":{"_acf_changed":false},"etheme_brands":[],"product_brand":[],"product_cat":[64],"product_tag":[],"class_list":{"0":"post-2980","1":"product","2":"type-product","3":"status-publish","4":"has-post-thumbnail","6":"product_cat-electrodomesticos","8":"first","9":"outofstock","10":"shipping-taxable","11":"purchasable","12":"product-type-simple"},"acf":[],"_links":{"self":[{"href":"https:\/\/iguazu.enexti.dev\/index.php?rest_route=\/wp\/v2\/product\/2980","targetHints":{"allow":["GET"]}}],"collection":[{"href":"https:\/\/iguazu.enexti.dev\/index.php?rest_route=\/wp\/v2\/product"}],"about":[{"href":"https:\/\/iguazu.enexti.dev\/index.php?rest_route=\/wp\/v2\/types\/product"}],"version-history":[{"count":0,"href":"https:\/\/iguazu.enexti.dev\/index.php?rest_route=\/wp\/v2\/product\/2980\/revisions"}],"wp:featuredmedia":[{"embeddable":true,"href":"https:\/\/iguazu.enexti.dev\/index.php?rest_route=\/wp\/v2\/media\/2981"}],"wp:attachment":[{"href":"https:\/\/iguazu.enexti.dev\/index.php?rest_route=%2Fwp%2Fv2%2Fmedia&parent=2980"}],"wp:term":[{"taxonomy":"brand","embeddable":true,"href":"https:\/\/iguazu.enexti.dev\/index.php?rest_route=%2Fwp%2Fv2%2Fetheme_brands&post=2980"},{"taxonomy":"product_brand","embeddable":true,"href":"https:\/\/iguazu.enexti.dev\/index.php?rest_route=%2Fwp%2Fv2%2Fproduct_brand&post=2980"},{"taxonomy":"product_cat","embeddable":true,"href":"https:\/\/iguazu.enexti.dev\/index.php?rest_route=%2Fwp%2Fv2%2Fproduct_cat&post=2980"},{"taxonomy":"product_tag","embeddable":true,"href":"https:\/\/iguazu.enexti.dev\/index.php?rest_route=%2Fwp%2Fv2%2Fproduct_tag&post=2980"}],"curies":[{"name":"wp","href":"https:\/\/api.w.org\/{rel}","templated":true}]}}