{"id":304,"date":"2018-05-23T18:08:54","date_gmt":"2018-05-23T18:08:54","guid":{"rendered":"http:\/\/iguazutest.com.ar.toro.avnam.net\/?post_type=product&#038;p=304"},"modified":"2026-04-03T17:00:31","modified_gmt":"2026-04-03T17:00:31","slug":"gaveta-5-compartimientos-inoxidable","status":"publish","type":"product","link":"https:\/\/iguazu.enexti.dev\/?product=gaveta-5-compartimientos-inoxidable","title":{"rendered":"Gaveta 5 Compartimientos Inoxidable"},"content":{"rendered":"<p><strong>Caracter\u00edsticas t\u00e9cnicas generales<\/strong><\/p>\n<p>-Recubiertas con pintura epoxi.<br \/>\n-Compartimiento posterior de uso m\u00faltiple.<br \/>\n-Compartimiento para monedas de 5 divisiones construido en material pl\u00e1stico.<\/p>\n<p>-Aviso sonoro de apertura de caj\u00f3n.<br \/>\n-Frente e interior del caj\u00f3n de acero inoxidable.<\/p>\n","protected":false},"excerpt":{"rendered":"<p>Caracter\u00edsticas t\u00e9cnicas generales -Recubiertas con pintura epoxi. -Compartimiento posterior de uso m\u00faltiple. -Compartimiento para monedas de 5 divisiones construido en material pl\u00e1stico. -Aviso sonoro de&#8230;<\/p>\n","protected":false},"featured_media":581,"template":"","meta":{"_acf_changed":false},"etheme_brands":[],"product_brand":[],"product_cat":[70,49],"product_tag":[],"class_list":{"0":"post-304","1":"product","2":"type-product","3":"status-publish","4":"has-post-thumbnail","6":"product_cat-gavetas","7":"product_cat-equipamiento-y-maquinaria","9":"first","10":"instock","11":"shipping-taxable","12":"purchasable","13":"product-type-simple"},"acf":[],"_links":{"self":[{"href":"https:\/\/iguazu.enexti.dev\/index.php?rest_route=\/wp\/v2\/product\/304","targetHints":{"allow":["GET"]}}],"collection":[{"href":"https:\/\/iguazu.enexti.dev\/index.php?rest_route=\/wp\/v2\/product"}],"about":[{"href":"https:\/\/iguazu.enexti.dev\/index.php?rest_route=\/wp\/v2\/types\/product"}],"version-history":[{"count":1,"href":"https:\/\/iguazu.enexti.dev\/index.php?rest_route=\/wp\/v2\/product\/304\/revisions"}],"predecessor-version":[{"id":768,"href":"https:\/\/iguazu.enexti.dev\/index.php?rest_route=\/wp\/v2\/product\/304\/revisions\/768"}],"wp:featuredmedia":[{"embeddable":true,"href":"https:\/\/iguazu.enexti.dev\/index.php?rest_route=\/wp\/v2\/media\/581"}],"wp:attachment":[{"href":"https:\/\/iguazu.enexti.dev\/index.php?rest_route=%2Fwp%2Fv2%2Fmedia&parent=304"}],"wp:term":[{"taxonomy":"brand","embeddable":true,"href":"https:\/\/iguazu.enexti.dev\/index.php?rest_route=%2Fwp%2Fv2%2Fetheme_brands&post=304"},{"taxonomy":"product_brand","embeddable":true,"href":"https:\/\/iguazu.enexti.dev\/index.php?rest_route=%2Fwp%2Fv2%2Fproduct_brand&post=304"},{"taxonomy":"product_cat","embeddable":true,"href":"https:\/\/iguazu.enexti.dev\/index.php?rest_route=%2Fwp%2Fv2%2Fproduct_cat&post=304"},{"taxonomy":"product_tag","embeddable":true,"href":"https:\/\/iguazu.enexti.dev\/index.php?rest_route=%2Fwp%2Fv2%2Fproduct_tag&post=304"}],"curies":[{"name":"wp","href":"https:\/\/api.w.org\/{rel}","templated":true}]}}