{"id":3072,"date":"2024-05-27T13:05:09","date_gmt":"2024-05-27T13:05:09","guid":{"rendered":"https:\/\/instalacionesiguazu.com.ar\/?post_type=product&#038;p=3072"},"modified":"2026-04-03T16:59:48","modified_gmt":"2026-04-03T16:59:48","slug":"cortadora-de-fiambre-bianchi-330-pulida","status":"publish","type":"product","link":"https:\/\/iguazu.enexti.dev\/?product=cortadora-de-fiambre-bianchi-330-pulida","title":{"rendered":"Cortadora de Fiambre BIANCHI 330 PULIDA"},"content":{"rendered":"<p>Construcci\u00f3n en aluminio pulido<\/p>\n<p>Cuchilla de acero inoxidable<\/p>\n<p>Patas de goma anti deslizantes<\/p>\n<p>Regulador de corte de espesor<\/p>\n<p>Di\u00e1metro de cuchilla 330mm profesional<\/p>\n<p>Motor monof\u00e1sico de 1\/3 hp<\/p>\n<p>&nbsp;<\/p>\n","protected":false},"excerpt":{"rendered":"<p>Construcci\u00f3n en aluminio pulido Cuchilla de acero inoxidable Patas de goma anti deslizantes Regulador de corte de espesor Di\u00e1metro de cuchilla 330mm profesional Motor monof\u00e1sico&#8230;<\/p>\n","protected":false},"featured_media":3073,"template":"","meta":{"_acf_changed":false},"etheme_brands":[],"product_brand":[],"product_cat":[49,51],"product_tag":[],"class_list":{"0":"post-3072","1":"product","2":"type-product","3":"status-publish","4":"has-post-thumbnail","6":"product_cat-equipamiento-y-maquinaria","7":"product_cat-cortadoras-de-fiambre","9":"first","10":"outofstock","11":"featured","12":"shipping-taxable","13":"purchasable","14":"product-type-simple"},"acf":[],"_links":{"self":[{"href":"https:\/\/iguazu.enexti.dev\/index.php?rest_route=\/wp\/v2\/product\/3072","targetHints":{"allow":["GET"]}}],"collection":[{"href":"https:\/\/iguazu.enexti.dev\/index.php?rest_route=\/wp\/v2\/product"}],"about":[{"href":"https:\/\/iguazu.enexti.dev\/index.php?rest_route=\/wp\/v2\/types\/product"}],"version-history":[{"count":0,"href":"https:\/\/iguazu.enexti.dev\/index.php?rest_route=\/wp\/v2\/product\/3072\/revisions"}],"wp:featuredmedia":[{"embeddable":true,"href":"https:\/\/iguazu.enexti.dev\/index.php?rest_route=\/wp\/v2\/media\/3073"}],"wp:attachment":[{"href":"https:\/\/iguazu.enexti.dev\/index.php?rest_route=%2Fwp%2Fv2%2Fmedia&parent=3072"}],"wp:term":[{"taxonomy":"brand","embeddable":true,"href":"https:\/\/iguazu.enexti.dev\/index.php?rest_route=%2Fwp%2Fv2%2Fetheme_brands&post=3072"},{"taxonomy":"product_brand","embeddable":true,"href":"https:\/\/iguazu.enexti.dev\/index.php?rest_route=%2Fwp%2Fv2%2Fproduct_brand&post=3072"},{"taxonomy":"product_cat","embeddable":true,"href":"https:\/\/iguazu.enexti.dev\/index.php?rest_route=%2Fwp%2Fv2%2Fproduct_cat&post=3072"},{"taxonomy":"product_tag","embeddable":true,"href":"https:\/\/iguazu.enexti.dev\/index.php?rest_route=%2Fwp%2Fv2%2Fproduct_tag&post=3072"}],"curies":[{"name":"wp","href":"https:\/\/api.w.org\/{rel}","templated":true}]}}