{"id":3094,"date":"2024-07-03T11:27:52","date_gmt":"2024-07-03T11:27:52","guid":{"rendered":"https:\/\/instalacionesiguazu.com.ar\/?post_type=product&#038;p=3094"},"modified":"2026-04-03T16:59:47","modified_gmt":"2026-04-03T16:59:47","slug":"cafetera-65lts-doble-pared","status":"publish","type":"product","link":"https:\/\/iguazu.enexti.dev\/?product=cafetera-65lts-doble-pared","title":{"rendered":"CAFETERA 6,5LTS DOBLE PARED"},"content":{"rendered":"<ul class=\"caracteristicas\">\n<li>Litros totales: 8<\/li>\n<li>Litros infusi\u00f3n: 6,85<\/li>\n<li>Para caf\u00e9, mate cocido, agua caliente y t\u00e9 en hebras<\/li>\n<li>Grifo bidireccional para desagote total o parcial<\/li>\n<li>Filtro de acero inoxidable removible y f\u00e1cil de limpiar<\/li>\n<li>Corte autom\u00e1tico y mantenimiento de temperatura<\/li>\n<li>Interior y exterior de acero inoxidable<\/li>\n<li>Indicador de nivel a la vista<\/li>\n<li>Doble pared de acero inoxidable<\/li>\n<li>Indicadores luminosos de preparaci\u00f3n y servicio<\/li>\n<li>Tecla de apagado y encendido.<\/li>\n<li><i>Especificaciones El\u00e9ctricas:<\/i>\n<ul>\n<li><i>Tensi\u00f3n: 220V &#8211; 50Hz<\/i><\/li>\n<li><i>Potencia: 950W<\/i><\/li>\n<\/ul>\n<\/li>\n<\/ul>\n","protected":false},"excerpt":{"rendered":"<p>Litros totales: 8 Litros infusi\u00f3n: 6,85 Para caf\u00e9, mate cocido, agua caliente y t\u00e9 en hebras Grifo bidireccional para desagote total o parcial Filtro de&#8230;<\/p>\n","protected":false},"featured_media":3095,"template":"","meta":{"_acf_changed":false},"etheme_brands":[],"product_brand":[],"product_cat":[100,64],"product_tag":[],"class_list":{"0":"post-3094","1":"product","2":"type-product","3":"status-publish","4":"has-post-thumbnail","6":"product_cat-cafeteras","7":"product_cat-electrodomesticos","9":"first","10":"outofstock","11":"shipping-taxable","12":"purchasable","13":"product-type-simple"},"acf":[],"_links":{"self":[{"href":"https:\/\/iguazu.enexti.dev\/index.php?rest_route=\/wp\/v2\/product\/3094","targetHints":{"allow":["GET"]}}],"collection":[{"href":"https:\/\/iguazu.enexti.dev\/index.php?rest_route=\/wp\/v2\/product"}],"about":[{"href":"https:\/\/iguazu.enexti.dev\/index.php?rest_route=\/wp\/v2\/types\/product"}],"version-history":[{"count":0,"href":"https:\/\/iguazu.enexti.dev\/index.php?rest_route=\/wp\/v2\/product\/3094\/revisions"}],"wp:featuredmedia":[{"embeddable":true,"href":"https:\/\/iguazu.enexti.dev\/index.php?rest_route=\/wp\/v2\/media\/3095"}],"wp:attachment":[{"href":"https:\/\/iguazu.enexti.dev\/index.php?rest_route=%2Fwp%2Fv2%2Fmedia&parent=3094"}],"wp:term":[{"taxonomy":"brand","embeddable":true,"href":"https:\/\/iguazu.enexti.dev\/index.php?rest_route=%2Fwp%2Fv2%2Fetheme_brands&post=3094"},{"taxonomy":"product_brand","embeddable":true,"href":"https:\/\/iguazu.enexti.dev\/index.php?rest_route=%2Fwp%2Fv2%2Fproduct_brand&post=3094"},{"taxonomy":"product_cat","embeddable":true,"href":"https:\/\/iguazu.enexti.dev\/index.php?rest_route=%2Fwp%2Fv2%2Fproduct_cat&post=3094"},{"taxonomy":"product_tag","embeddable":true,"href":"https:\/\/iguazu.enexti.dev\/index.php?rest_route=%2Fwp%2Fv2%2Fproduct_tag&post=3094"}],"curies":[{"name":"wp","href":"https:\/\/api.w.org\/{rel}","templated":true}]}}