{"id":3250,"date":"2024-11-19T15:40:35","date_gmt":"2024-11-19T15:40:35","guid":{"rendered":"https:\/\/instalacionesiguazu.com.ar\/?post_type=product&#038;p=3250"},"modified":"2026-04-03T16:59:31","modified_gmt":"2026-04-03T16:59:31","slug":"cafetera-con-molinillo-turboblender","status":"publish","type":"product","link":"https:\/\/iguazu.enexti.dev\/?product=cafetera-con-molinillo-turboblender","title":{"rendered":"CAFETERA CON MOLINILLO TURBOBLENDER"},"content":{"rendered":"<p>Bomba de alta presi\u00f3n de 15 a 20 Bar.<\/p>\n<p>Dep\u00f3sito de agua desmontable de 2 Litros.<\/p>\n<p>V\u00e1lvula de seguridad de presi\u00f3n autom\u00e1tica.<\/p>\n<p>Molinillo de caf\u00e9. Capacidad 200grs.<\/p>\n<p>Protector por sobrecalentamiento y presi\u00f3n.<\/p>\n<p>Bandeja de goteo desmontable.<\/p>\n<p>Soporte de filtro de aleaci\u00f3n de aluminio.<\/p>\n<p>Boquilla de espuma desmontable.<\/p>\n<p>Ajuste de grosor de molienda de cafe.<\/p>\n<p>Doble filtro de acero inoxidable.<\/p>\n<p>Medidor de presi\u00f3n.<\/p>\n<p>1350 Watts de potencia.<\/p>\n<p>Dimensiones de la cafetera plus: 40 x 30 x 31 cm (alto x ancho x largo)<\/p>\n","protected":false},"excerpt":{"rendered":"<p>Bomba de alta presi\u00f3n de 15 a 20 Bar. Dep\u00f3sito de agua desmontable de 2 Litros. V\u00e1lvula de seguridad de presi\u00f3n autom\u00e1tica. Molinillo de caf\u00e9&#8230;.<\/p>\n","protected":false},"featured_media":3253,"template":"","meta":{"_acf_changed":false},"etheme_brands":[],"product_brand":[],"product_cat":[88,100,64],"product_tag":[],"class_list":{"0":"post-3250","1":"product","2":"type-product","3":"status-publish","4":"has-post-thumbnail","6":"product_cat-otros","7":"product_cat-cafeteras","8":"product_cat-electrodomesticos","10":"first","11":"outofstock","12":"shipping-taxable","13":"purchasable","14":"product-type-simple"},"acf":[],"_links":{"self":[{"href":"https:\/\/iguazu.enexti.dev\/index.php?rest_route=\/wp\/v2\/product\/3250","targetHints":{"allow":["GET"]}}],"collection":[{"href":"https:\/\/iguazu.enexti.dev\/index.php?rest_route=\/wp\/v2\/product"}],"about":[{"href":"https:\/\/iguazu.enexti.dev\/index.php?rest_route=\/wp\/v2\/types\/product"}],"version-history":[{"count":1,"href":"https:\/\/iguazu.enexti.dev\/index.php?rest_route=\/wp\/v2\/product\/3250\/revisions"}],"predecessor-version":[{"id":4135,"href":"https:\/\/iguazu.enexti.dev\/index.php?rest_route=\/wp\/v2\/product\/3250\/revisions\/4135"}],"wp:featuredmedia":[{"embeddable":true,"href":"https:\/\/iguazu.enexti.dev\/index.php?rest_route=\/wp\/v2\/media\/3253"}],"wp:attachment":[{"href":"https:\/\/iguazu.enexti.dev\/index.php?rest_route=%2Fwp%2Fv2%2Fmedia&parent=3250"}],"wp:term":[{"taxonomy":"brand","embeddable":true,"href":"https:\/\/iguazu.enexti.dev\/index.php?rest_route=%2Fwp%2Fv2%2Fetheme_brands&post=3250"},{"taxonomy":"product_brand","embeddable":true,"href":"https:\/\/iguazu.enexti.dev\/index.php?rest_route=%2Fwp%2Fv2%2Fproduct_brand&post=3250"},{"taxonomy":"product_cat","embeddable":true,"href":"https:\/\/iguazu.enexti.dev\/index.php?rest_route=%2Fwp%2Fv2%2Fproduct_cat&post=3250"},{"taxonomy":"product_tag","embeddable":true,"href":"https:\/\/iguazu.enexti.dev\/index.php?rest_route=%2Fwp%2Fv2%2Fproduct_tag&post=3250"}],"curies":[{"name":"wp","href":"https:\/\/api.w.org\/{rel}","templated":true}]}}