{"id":326,"date":"2018-05-23T18:24:52","date_gmt":"2018-05-23T18:24:52","guid":{"rendered":"http:\/\/iguazutest.com.ar.toro.avnam.net\/?post_type=product&#038;p=326"},"modified":"2026-04-03T17:00:30","modified_gmt":"2026-04-03T17:00:30","slug":"semi-camara-124","status":"publish","type":"product","link":"https:\/\/iguazu.enexti.dev\/?product=semi-camara-124","title":{"rendered":"Semi c\u00e1mara 124 1.5HP"},"content":{"rendered":"<h4><strong>DESCRIPCI\u00d3N:<\/strong><\/h4>\n<h4>Revestimiento: acero inoxidable AISI 430 (piso en acero AISI 304)<\/h4>\n<h4>Rango de temperatura: -5\u00b0 \/ +10\u00b0<\/h4>\n<h4>Unidad condensadora: 1,5 HP monof\u00e1sica<\/h4>\n<h4>Condensaci\u00f3n: forzada<\/h4>\n<h4>Evaporaci\u00f3n: forzada (4 forzadores)<\/h4>\n<h4>Aislaci\u00f3n: polietileno expandido 20kg x cm3<\/h4>\n<h4>Expansi\u00f3n: v\u00e1lvula<\/h4>\n<h4>Tablero el\u00e9ctrico:<\/h4>\n<h4>Interruptores para motor y forzadores<\/h4>\n<h4>Combistato digital con indicador de temperatura<\/h4>\n<h4>Posibilidad de programar temperatura y etapas de descongelamiento<\/h4>\n<h4>Protectores t\u00e9rmicos<\/h4>\n<h4><\/h4>\n<h4><strong>Medidas:<\/strong><\/h4>\n<h4>Alto 2150mm<\/h4>\n<h4>Ancho 2600mm<\/h4>\n<h4>Profundidad: 1000mm<\/h4>\n","protected":false},"excerpt":{"rendered":"<p>DESCRIPCI\u00d3N: Revestimiento: acero inoxidable AISI 430 (piso en acero AISI 304) Rango de temperatura: -5\u00b0 \/ +10\u00b0 Unidad condensadora: 1,5 HP monof\u00e1sica Condensaci\u00f3n: forzada Evaporaci\u00f3n:&#8230;<\/p>\n","protected":false},"featured_media":587,"template":"","meta":{"_acf_changed":false},"etheme_brands":[],"product_brand":[],"product_cat":[25,32],"product_tag":[],"class_list":{"0":"post-326","1":"product","2":"type-product","3":"status-publish","4":"has-post-thumbnail","6":"product_cat-linea-frio","7":"product_cat-semi-camaras","9":"first","10":"instock","11":"shipping-taxable","12":"purchasable","13":"product-type-simple"},"acf":[],"_links":{"self":[{"href":"https:\/\/iguazu.enexti.dev\/index.php?rest_route=\/wp\/v2\/product\/326","targetHints":{"allow":["GET"]}}],"collection":[{"href":"https:\/\/iguazu.enexti.dev\/index.php?rest_route=\/wp\/v2\/product"}],"about":[{"href":"https:\/\/iguazu.enexti.dev\/index.php?rest_route=\/wp\/v2\/types\/product"}],"version-history":[{"count":1,"href":"https:\/\/iguazu.enexti.dev\/index.php?rest_route=\/wp\/v2\/product\/326\/revisions"}],"predecessor-version":[{"id":862,"href":"https:\/\/iguazu.enexti.dev\/index.php?rest_route=\/wp\/v2\/product\/326\/revisions\/862"}],"wp:featuredmedia":[{"embeddable":true,"href":"https:\/\/iguazu.enexti.dev\/index.php?rest_route=\/wp\/v2\/media\/587"}],"wp:attachment":[{"href":"https:\/\/iguazu.enexti.dev\/index.php?rest_route=%2Fwp%2Fv2%2Fmedia&parent=326"}],"wp:term":[{"taxonomy":"brand","embeddable":true,"href":"https:\/\/iguazu.enexti.dev\/index.php?rest_route=%2Fwp%2Fv2%2Fetheme_brands&post=326"},{"taxonomy":"product_brand","embeddable":true,"href":"https:\/\/iguazu.enexti.dev\/index.php?rest_route=%2Fwp%2Fv2%2Fproduct_brand&post=326"},{"taxonomy":"product_cat","embeddable":true,"href":"https:\/\/iguazu.enexti.dev\/index.php?rest_route=%2Fwp%2Fv2%2Fproduct_cat&post=326"},{"taxonomy":"product_tag","embeddable":true,"href":"https:\/\/iguazu.enexti.dev\/index.php?rest_route=%2Fwp%2Fv2%2Fproduct_tag&post=326"}],"curies":[{"name":"wp","href":"https:\/\/api.w.org\/{rel}","templated":true}]}}