{"id":3292,"date":"2025-05-26T20:52:35","date_gmt":"2025-05-26T20:52:35","guid":{"rendered":"https:\/\/instalacionesiguazu.com.ar\/?post_type=product&#038;p=3292"},"modified":"2026-04-03T16:59:28","modified_gmt":"2026-04-03T16:59:28","slug":"salamandra-tromen-pehuen-p18000","status":"publish","type":"product","link":"https:\/\/iguazu.enexti.dev\/?product=salamandra-tromen-pehuen-p18000","title":{"rendered":"Salamandra TROMEN  Pehu\u00e9n P18000"},"content":{"rendered":"<p>CARACTERISTICAS<\/p>\n<p>-Doble templador para una combusti\u00f3n completa<br \/>\n-Encendido r\u00e1pido, caj\u00f3n y piso cenicero<br \/>\n-Soporte regulable de ladrillos refractarios<br \/>\n-Espacio inferior para guardado de le\u00f1a<\/p>\n<p>-Salida de Humo: 6\u201d<br \/>\n-Potencia: 18.000 Kcal\/h<br \/>\n-Ambiente a climatizar: Hasta 120 mt2<\/p>\n<p>-Dimensiones:<\/p>\n<p>Alto: 72 cm<br \/>\nAncho: 60 cm<br \/>\nProfundidad: 61.6 cm<br \/>\nPeso: 104.6 cm<\/p>\n","protected":false},"excerpt":{"rendered":"<p>CARACTERISTICAS -Doble templador para una combusti\u00f3n completa -Encendido r\u00e1pido, caj\u00f3n y piso cenicero -Soporte regulable de ladrillos refractarios -Espacio inferior para guardado de le\u00f1a -Salida&#8230;<\/p>\n","protected":false},"featured_media":3296,"template":"","meta":{"_acf_changed":false},"etheme_brands":[],"product_brand":[],"product_cat":[88],"product_tag":[],"class_list":{"0":"post-3292","1":"product","2":"type-product","3":"status-publish","4":"has-post-thumbnail","6":"product_cat-otros","8":"first","9":"instock","10":"shipping-taxable","11":"purchasable","12":"product-type-simple"},"acf":[],"_links":{"self":[{"href":"https:\/\/iguazu.enexti.dev\/index.php?rest_route=\/wp\/v2\/product\/3292","targetHints":{"allow":["GET"]}}],"collection":[{"href":"https:\/\/iguazu.enexti.dev\/index.php?rest_route=\/wp\/v2\/product"}],"about":[{"href":"https:\/\/iguazu.enexti.dev\/index.php?rest_route=\/wp\/v2\/types\/product"}],"version-history":[{"count":1,"href":"https:\/\/iguazu.enexti.dev\/index.php?rest_route=\/wp\/v2\/product\/3292\/revisions"}],"predecessor-version":[{"id":4109,"href":"https:\/\/iguazu.enexti.dev\/index.php?rest_route=\/wp\/v2\/product\/3292\/revisions\/4109"}],"wp:featuredmedia":[{"embeddable":true,"href":"https:\/\/iguazu.enexti.dev\/index.php?rest_route=\/wp\/v2\/media\/3296"}],"wp:attachment":[{"href":"https:\/\/iguazu.enexti.dev\/index.php?rest_route=%2Fwp%2Fv2%2Fmedia&parent=3292"}],"wp:term":[{"taxonomy":"brand","embeddable":true,"href":"https:\/\/iguazu.enexti.dev\/index.php?rest_route=%2Fwp%2Fv2%2Fetheme_brands&post=3292"},{"taxonomy":"product_brand","embeddable":true,"href":"https:\/\/iguazu.enexti.dev\/index.php?rest_route=%2Fwp%2Fv2%2Fproduct_brand&post=3292"},{"taxonomy":"product_cat","embeddable":true,"href":"https:\/\/iguazu.enexti.dev\/index.php?rest_route=%2Fwp%2Fv2%2Fproduct_cat&post=3292"},{"taxonomy":"product_tag","embeddable":true,"href":"https:\/\/iguazu.enexti.dev\/index.php?rest_route=%2Fwp%2Fv2%2Fproduct_tag&post=3292"}],"curies":[{"name":"wp","href":"https:\/\/api.w.org\/{rel}","templated":true}]}}