{"id":3301,"date":"2025-05-27T16:13:39","date_gmt":"2025-05-27T16:13:39","guid":{"rendered":"https:\/\/instalacionesiguazu.com.ar\/?post_type=product&#038;p=3301"},"modified":"2026-04-03T16:59:25","modified_gmt":"2026-04-03T16:59:25","slug":"salamandra-tromen-austral-a7","status":"publish","type":"product","link":"https:\/\/iguazu.enexti.dev\/?product=salamandra-tromen-austral-a7","title":{"rendered":"Salamandra TROMEN  AUSTRAL A7"},"content":{"rendered":"","protected":false},"excerpt":{"rendered":"<p>Potencia:<br \/>\n7.000 KCAL\/H<\/p>\n<p>Ambiente a climatizar:<br \/>\nHasta 65 mt2<\/p>\n<p>Dimensiones:<br \/>\nANCHO(CM): 44<br \/>\nALTO(CM): 54<br \/>\nPROF.(CM): 41,3<br \/>\nPESO(KG): 40<\/p>\n<p>Caracter\u00edsticas:<br \/>\n&#8211; Piso enlozado<br \/>\n&#8211; Mayor superficie vidriada<br \/>\n&#8211; Laterales curvos<br \/>\n&#8211; Doble combusti\u00f3n<br \/>\n&#8211; Salida de Humo: 4\u201d<br \/>\n&#8211; Mayor emisi\u00f3n cal\u00f3rica por convecci\u00f3n y radiaci\u00f3n<\/p>\n","protected":false},"featured_media":3302,"template":"","meta":{"_acf_changed":false},"etheme_brands":[],"product_brand":[],"product_cat":[88],"product_tag":[],"class_list":{"0":"post-3301","1":"product","2":"type-product","3":"status-publish","4":"has-post-thumbnail","6":"product_cat-otros","8":"first","9":"instock","10":"shipping-taxable","11":"purchasable","12":"product-type-simple"},"acf":[],"_links":{"self":[{"href":"https:\/\/iguazu.enexti.dev\/index.php?rest_route=\/wp\/v2\/product\/3301","targetHints":{"allow":["GET"]}}],"collection":[{"href":"https:\/\/iguazu.enexti.dev\/index.php?rest_route=\/wp\/v2\/product"}],"about":[{"href":"https:\/\/iguazu.enexti.dev\/index.php?rest_route=\/wp\/v2\/types\/product"}],"version-history":[{"count":1,"href":"https:\/\/iguazu.enexti.dev\/index.php?rest_route=\/wp\/v2\/product\/3301\/revisions"}],"predecessor-version":[{"id":4111,"href":"https:\/\/iguazu.enexti.dev\/index.php?rest_route=\/wp\/v2\/product\/3301\/revisions\/4111"}],"wp:featuredmedia":[{"embeddable":true,"href":"https:\/\/iguazu.enexti.dev\/index.php?rest_route=\/wp\/v2\/media\/3302"}],"wp:attachment":[{"href":"https:\/\/iguazu.enexti.dev\/index.php?rest_route=%2Fwp%2Fv2%2Fmedia&parent=3301"}],"wp:term":[{"taxonomy":"brand","embeddable":true,"href":"https:\/\/iguazu.enexti.dev\/index.php?rest_route=%2Fwp%2Fv2%2Fetheme_brands&post=3301"},{"taxonomy":"product_brand","embeddable":true,"href":"https:\/\/iguazu.enexti.dev\/index.php?rest_route=%2Fwp%2Fv2%2Fproduct_brand&post=3301"},{"taxonomy":"product_cat","embeddable":true,"href":"https:\/\/iguazu.enexti.dev\/index.php?rest_route=%2Fwp%2Fv2%2Fproduct_cat&post=3301"},{"taxonomy":"product_tag","embeddable":true,"href":"https:\/\/iguazu.enexti.dev\/index.php?rest_route=%2Fwp%2Fv2%2Fproduct_tag&post=3301"}],"curies":[{"name":"wp","href":"https:\/\/api.w.org\/{rel}","templated":true}]}}