{"id":3312,"date":"2025-05-28T13:11:23","date_gmt":"2025-05-28T13:11:23","guid":{"rendered":"https:\/\/instalacionesiguazu.com.ar\/?post_type=product&#038;p=3312"},"modified":"2026-04-03T16:59:24","modified_gmt":"2026-04-03T16:59:24","slug":"salamandra-tromen-austral-a15","status":"publish","type":"product","link":"https:\/\/iguazu.enexti.dev\/?product=salamandra-tromen-austral-a15","title":{"rendered":"Salamandra TROMEN  AUSTRAL A15"},"content":{"rendered":"<p>Calefactor Estufa Salamandra Le\u00f1a Tromen Austral A15000 Kcal<\/p>\n<p>Caracter\u00edsticas:<\/p>\n<p>&#8211; Alimentaci\u00f3n: A le\u00f1a<br \/>\n&#8211; Potencia: 15000 kcal\/h<br \/>\n&#8211; Ambiente a climatizar: 70 a 120 m\u00b2<br \/>\n&#8211; Marca: Tromen<br \/>\n&#8211; Modelo: Austral A15000<br \/>\n&#8211; Piso enlozado y laterales curvos<br \/>\n&#8211; Mayor superficie vidriada<br \/>\n&#8211; Doble combusti\u00f3n<br \/>\n&#8211; Salida de Humo: 6\u201d<br \/>\n&#8211; Mayor emisi\u00f3n cal\u00f3rica por convecci\u00f3n y radiaci\u00f3n<\/p>\n<p>Medidas:<\/p>\n<p>&#8211; Ancho: 57 cm<br \/>\n&#8211; Alto: 69,7 cm<br \/>\n&#8211; Profundidad: 46 cm<br \/>\n&#8211; Peso: 60 kg<br \/>\n&#8211; Salida de humo: 6\u00bb<\/p>\n","protected":false},"excerpt":{"rendered":"<p>Calefactor Estufa Salamandra Le\u00f1a Tromen Austral A15000 Kcal<\/p>\n<p>Caracter\u00edsticas:<\/p>\n<p>&#8211; Alimentaci\u00f3n: A le\u00f1a<br \/>\n&#8211; Potencia: 15000 kcal\/h<br \/>\n&#8211; Ambiente a climatizar: 70 a 120 m\u00b2<br \/>\n&#8211; Marca: Tromen<br \/>\n&#8211; Modelo: Austral A15000<br \/>\n&#8211; Piso enlozado y laterales curvos<br \/>\n&#8211; Mayor superficie vidriada<br \/>\n&#8211; Doble combusti\u00f3n<br \/>\n&#8211; Salida de Humo: 6\u201d<br \/>\n&#8211; Mayor emisi\u00f3n cal\u00f3rica por convecci\u00f3n y radiaci\u00f3n<\/p>\n<p>Medidas:<\/p>\n<p>&#8211; Ancho: 57 cm<br \/>\n&#8211; Alto: 69,7 cm<br \/>\n&#8211; Profundidad: 46 cm<br \/>\n&#8211; Peso: 60 kg<br \/>\n&#8211; Salida de humo: 6\u00bb<\/p>\n<p>&nbsp;<\/p>\n","protected":false},"featured_media":3313,"template":"","meta":{"_acf_changed":false},"etheme_brands":[],"product_brand":[],"product_cat":[107,108,37],"product_tag":[],"class_list":{"0":"post-3312","1":"product","2":"type-product","3":"status-publish","4":"has-post-thumbnail","6":"product_cat-calefaccion-y-salamandras","7":"product_cat-salamandra-calefaccion-y-salamandras","8":"product_cat-linea-calor","10":"first","11":"instock","12":"shipping-taxable","13":"purchasable","14":"product-type-simple"},"acf":[],"_links":{"self":[{"href":"https:\/\/iguazu.enexti.dev\/index.php?rest_route=\/wp\/v2\/product\/3312","targetHints":{"allow":["GET"]}}],"collection":[{"href":"https:\/\/iguazu.enexti.dev\/index.php?rest_route=\/wp\/v2\/product"}],"about":[{"href":"https:\/\/iguazu.enexti.dev\/index.php?rest_route=\/wp\/v2\/types\/product"}],"version-history":[{"count":1,"href":"https:\/\/iguazu.enexti.dev\/index.php?rest_route=\/wp\/v2\/product\/3312\/revisions"}],"predecessor-version":[{"id":4081,"href":"https:\/\/iguazu.enexti.dev\/index.php?rest_route=\/wp\/v2\/product\/3312\/revisions\/4081"}],"wp:featuredmedia":[{"embeddable":true,"href":"https:\/\/iguazu.enexti.dev\/index.php?rest_route=\/wp\/v2\/media\/3313"}],"wp:attachment":[{"href":"https:\/\/iguazu.enexti.dev\/index.php?rest_route=%2Fwp%2Fv2%2Fmedia&parent=3312"}],"wp:term":[{"taxonomy":"brand","embeddable":true,"href":"https:\/\/iguazu.enexti.dev\/index.php?rest_route=%2Fwp%2Fv2%2Fetheme_brands&post=3312"},{"taxonomy":"product_brand","embeddable":true,"href":"https:\/\/iguazu.enexti.dev\/index.php?rest_route=%2Fwp%2Fv2%2Fproduct_brand&post=3312"},{"taxonomy":"product_cat","embeddable":true,"href":"https:\/\/iguazu.enexti.dev\/index.php?rest_route=%2Fwp%2Fv2%2Fproduct_cat&post=3312"},{"taxonomy":"product_tag","embeddable":true,"href":"https:\/\/iguazu.enexti.dev\/index.php?rest_route=%2Fwp%2Fv2%2Fproduct_tag&post=3312"}],"curies":[{"name":"wp","href":"https:\/\/api.w.org\/{rel}","templated":true}]}}