{"id":3316,"date":"2025-05-28T13:23:13","date_gmt":"2025-05-28T13:23:13","guid":{"rendered":"https:\/\/instalacionesiguazu.com.ar\/?post_type=product&#038;p=3316"},"modified":"2025-07-10T14:11:19","modified_gmt":"2025-07-10T14:11:19","slug":"salamandra-tromen-pehuen-p15000-c-horno","status":"publish","type":"product","link":"https:\/\/iguazu.enexti.dev\/?product=salamandra-tromen-pehuen-p15000-c-horno","title":{"rendered":"Salamandra TROMEN  Pehu\u00e9n P15000 C HORNO"},"content":{"rendered":"<p>Alto: 97cm \/\/ Ancho: 60cm \/\/ Profundidad: 60,2cm<br \/>\nAccesorios: Manija<br \/>\nSalida Humo: 6&#8243;<br \/>\nPotencia: 15000Kcal\/h<br \/>\n\u00c1rea M\u00e1xima de Climatizaci\u00f3n: 120m2<br \/>\nDerivadores: 1 posterior<\/p>\n<p>-Doble templador para una combusti\u00f3n completa<br \/>\n-Encendido r\u00e1pido, caj\u00f3n y piso cenicero<br \/>\n-Soporte regulable de ladrillos refractarios<br \/>\n-Espacio inferior para guardado de le\u00f1a<br \/>\n-Horno con calor envolvente y bandeja inoxidable<br \/>\n-Salida de Humo: 6\u201d<\/p>\n","protected":false},"excerpt":{"rendered":"<p>Alto: 97cm \/\/ Ancho: 60cm \/\/ Profundidad: 60,2cm Accesorios: Manija Salida Humo: 6&#8243; Potencia: 15000Kcal\/h \u00c1rea M\u00e1xima de Climatizaci\u00f3n: 120m2 Derivadores: 1 posterior -Doble templador&#8230;<\/p>\n","protected":false},"featured_media":3317,"template":"","meta":{"_acf_changed":false},"etheme_brands":[],"product_brand":[],"product_cat":[107,108,37],"product_tag":[],"class_list":{"0":"post-3316","1":"product","2":"type-product","3":"status-publish","4":"has-post-thumbnail","6":"product_cat-calefaccion-y-salamandras","7":"product_cat-salamandra-calefaccion-y-salamandras","8":"product_cat-linea-calor","10":"first","11":"outofstock","12":"shipping-taxable","13":"purchasable","14":"product-type-simple"},"acf":[],"_links":{"self":[{"href":"https:\/\/iguazu.enexti.dev\/index.php?rest_route=\/wp\/v2\/product\/3316","targetHints":{"allow":["GET"]}}],"collection":[{"href":"https:\/\/iguazu.enexti.dev\/index.php?rest_route=\/wp\/v2\/product"}],"about":[{"href":"https:\/\/iguazu.enexti.dev\/index.php?rest_route=\/wp\/v2\/types\/product"}],"version-history":[{"count":1,"href":"https:\/\/iguazu.enexti.dev\/index.php?rest_route=\/wp\/v2\/product\/3316\/revisions"}],"predecessor-version":[{"id":4115,"href":"https:\/\/iguazu.enexti.dev\/index.php?rest_route=\/wp\/v2\/product\/3316\/revisions\/4115"}],"wp:featuredmedia":[{"embeddable":true,"href":"https:\/\/iguazu.enexti.dev\/index.php?rest_route=\/wp\/v2\/media\/3317"}],"wp:attachment":[{"href":"https:\/\/iguazu.enexti.dev\/index.php?rest_route=%2Fwp%2Fv2%2Fmedia&parent=3316"}],"wp:term":[{"taxonomy":"brand","embeddable":true,"href":"https:\/\/iguazu.enexti.dev\/index.php?rest_route=%2Fwp%2Fv2%2Fetheme_brands&post=3316"},{"taxonomy":"product_brand","embeddable":true,"href":"https:\/\/iguazu.enexti.dev\/index.php?rest_route=%2Fwp%2Fv2%2Fproduct_brand&post=3316"},{"taxonomy":"product_cat","embeddable":true,"href":"https:\/\/iguazu.enexti.dev\/index.php?rest_route=%2Fwp%2Fv2%2Fproduct_cat&post=3316"},{"taxonomy":"product_tag","embeddable":true,"href":"https:\/\/iguazu.enexti.dev\/index.php?rest_route=%2Fwp%2Fv2%2Fproduct_tag&post=3316"}],"curies":[{"name":"wp","href":"https:\/\/api.w.org\/{rel}","templated":true}]}}